{"id":207390,"date":"2024-10-09T14:06:04","date_gmt":"2024-10-09T14:06:04","guid":{"rendered":"https:\/\/aldeco.pt\/staging\/product\/zulu\/"},"modified":"2024-10-09T14:06:04","modified_gmt":"2024-10-09T14:06:04","slug":"zulu","status":"publish","type":"product","link":"https:\/\/staging.aldeco.pt\/pt-pt\/product\/zulu\/","title":{"rendered":"ZULU"},"content":{"rendered":"<p>ZULU \u00e9 um tecido elegante com um padr\u00e3o simples e uma textura suave ao toque. \u00c9 perfeito para estofados e almofadas. <\/p>\n","protected":false},"excerpt":{"rendered":"<p>ZULU \u00e9 um tecido elegante com um padr\u00e3o simples e uma textura suave ao toque. \u00c9 perfeito para estofados e almofadas. <\/p>\n<h2>ZULU \u00e9 um tecido elegante com um padr\u00e3o simples e uma textura suave ao toque. \u00c9 perfeito para estofados e almofadas. <\/h2>\n<p><img fetchpriority=\"high\" decoding=\"async\" class=\"alignnone wp-image-207385 size-medium\" src=\"https:\/\/aldeco.pt\/staging\/wp-content\/uploads\/2024\/10\/T017570005-1-300x280.jpg\" alt=\"Zulu - Aldeco\" width=\"300\" height=\"280\"><\/p>\n<p><a href=\"https:\/\/aldeco.pt\/staging\/product\/zulu\/?attribute_pa_aldeco-color=1-white\">https:\/\/aldeco.pt\/staging\/product\/zulu\/?attribute_pa_aldeco-color=1-white<\/a><\/p>\n<p><a href=\"https:\/\/www.instagram.com\/aldeco_interiorfabrics\/\">https:\/\/www.instagram.com\/aldeco_interiorfabrics\/<\/a><\/p>\n","protected":false},"featured_media":207386,"template":"","meta":[],"product_brand":[],"product_cat":[6145],"product_tag":[],"class_list":{"0":"post-207390","1":"product","2":"type-product","3":"status-publish","4":"has-post-thumbnail","6":"product_cat-aldeco-2-pt-pt-2","7":"pa_cleanability-8282","8":"pa_composition-ext-48-1-pl-44-3-ac-7-6-vi-pt-pt","9":"pa_line-oportunidades","10":"pa_line-tecidos","11":"pa_lithfastness-3-4-pt-pt","12":"pa_opportunities-ativo","13":"pa_outdoor-0-pt-pt","14":"pa_range-jacquard-pt-pt","15":"pa_range-veludo","16":"pa_rapport-horizontal-17-5-pt-pt","17":"pa_rapport-vertical-36-pt-pt","20":"first","21":"instock","22":"purchasable","23":"product-type-variable"},"acf":[],"_links":{"self":[{"href":"https:\/\/staging.aldeco.pt\/pt-pt\/wp-json\/wp\/v2\/product\/207390","targetHints":{"allow":["GET"]}}],"collection":[{"href":"https:\/\/staging.aldeco.pt\/pt-pt\/wp-json\/wp\/v2\/product"}],"about":[{"href":"https:\/\/staging.aldeco.pt\/pt-pt\/wp-json\/wp\/v2\/types\/product"}],"version-history":[{"count":0,"href":"https:\/\/staging.aldeco.pt\/pt-pt\/wp-json\/wp\/v2\/product\/207390\/revisions"}],"wp:featuredmedia":[{"embeddable":true,"href":"https:\/\/staging.aldeco.pt\/pt-pt\/wp-json\/wp\/v2\/media\/207386"}],"wp:attachment":[{"href":"https:\/\/staging.aldeco.pt\/pt-pt\/wp-json\/wp\/v2\/media?parent=207390"}],"wp:term":[{"taxonomy":"product_brand","embeddable":true,"href":"https:\/\/staging.aldeco.pt\/pt-pt\/wp-json\/wp\/v2\/product_brand?post=207390"},{"taxonomy":"product_cat","embeddable":true,"href":"https:\/\/staging.aldeco.pt\/pt-pt\/wp-json\/wp\/v2\/product_cat?post=207390"},{"taxonomy":"product_tag","embeddable":true,"href":"https:\/\/staging.aldeco.pt\/pt-pt\/wp-json\/wp\/v2\/product_tag?post=207390"}],"curies":[{"name":"wp","href":"https:\/\/api.w.org\/{rel}","templated":true}]}}