{"id":204929,"date":"2024-10-09T09:36:44","date_gmt":"2024-10-09T09:36:44","guid":{"rendered":"https:\/\/aldeco.pt\/staging\/product\/actress\/"},"modified":"2024-10-10T10:36:00","modified_gmt":"2024-10-10T10:36:00","slug":"actress","status":"publish","type":"product","link":"https:\/\/staging.aldeco.pt\/pt-pt\/product\/actress\/","title":{"rendered":"ACTRESS"},"content":{"rendered":"<p>ACTRESS \u00e9 um tecido bicolor com listras onduladas que d\u00e3o uma sensa\u00e7\u00e3o de movimento. \u00c9 um tecido leve, perfeito para cortinas.<\/p>\n","protected":false},"excerpt":{"rendered":"<p>ACTRESS \u00e9 um tecido bicolor com listras onduladas que d\u00e3o uma sensa\u00e7\u00e3o de movimento. \u00c9 um tecido leve, perfeito para cortinas.<\/p>\n<h2>ACTRESS \u00e9 um tecido bicolor com listras onduladas que d\u00e3o uma sensa\u00e7\u00e3o de movimento. \u00c9 um tecido leve, perfeito para cortinas.<\/h2>\n<p><img fetchpriority=\"high\" decoding=\"async\" class=\"alignnone wp-image-204924 size-medium\" src=\"https:\/\/aldeco.pt\/staging\/wp-content\/uploads\/2024\/10\/T017830002-300x280.jpg\" alt=\"Actress - Aldeco\" width=\"300\" height=\"280\" \/><\/p>\n<p><a href=\"https:\/\/aldeco.pt\/staging\/product\/actress-2\/?attribute_pa_aldeco-color=2-cayenne\">https:\/\/aldeco.pt\/staging\/product\/actress-2\/?attribute_pa_aldeco-color=2-cayenne<\/a><\/p>\n<p><a href=\"https:\/\/www.instagram.com\/aldeco_interiorfabrics\/\">https:\/\/www.instagram.com\/aldeco_interiorfabrics\/<\/a><\/p>\n","protected":false},"featured_media":0,"template":"","meta":[],"product_brand":[],"product_cat":[],"product_tag":[],"class_list":{"0":"post-204929","1":"product","2":"type-product","3":"status-publish","6":"first","7":"instock","8":"purchasable","9":"product-type-variable"},"acf":[],"_links":{"self":[{"href":"https:\/\/staging.aldeco.pt\/pt-pt\/wp-json\/wp\/v2\/product\/204929","targetHints":{"allow":["GET"]}}],"collection":[{"href":"https:\/\/staging.aldeco.pt\/pt-pt\/wp-json\/wp\/v2\/product"}],"about":[{"href":"https:\/\/staging.aldeco.pt\/pt-pt\/wp-json\/wp\/v2\/types\/product"}],"version-history":[{"count":2,"href":"https:\/\/staging.aldeco.pt\/pt-pt\/wp-json\/wp\/v2\/product\/204929\/revisions"}],"predecessor-version":[{"id":204934,"href":"https:\/\/staging.aldeco.pt\/pt-pt\/wp-json\/wp\/v2\/product\/204929\/revisions\/204934"}],"wp:attachment":[{"href":"https:\/\/staging.aldeco.pt\/pt-pt\/wp-json\/wp\/v2\/media?parent=204929"}],"wp:term":[{"taxonomy":"product_brand","embeddable":true,"href":"https:\/\/staging.aldeco.pt\/pt-pt\/wp-json\/wp\/v2\/product_brand?post=204929"},{"taxonomy":"product_cat","embeddable":true,"href":"https:\/\/staging.aldeco.pt\/pt-pt\/wp-json\/wp\/v2\/product_cat?post=204929"},{"taxonomy":"product_tag","embeddable":true,"href":"https:\/\/staging.aldeco.pt\/pt-pt\/wp-json\/wp\/v2\/product_tag?post=204929"}],"curies":[{"name":"wp","href":"https:\/\/api.w.org\/{rel}","templated":true}]}}