{"id":201680,"date":"2024-10-09T20:43:10","date_gmt":"2024-10-09T20:43:10","guid":{"rendered":"https:\/\/aldeco.pt\/staging\/product\/budget-blackout-fr\/"},"modified":"2025-01-27T12:34:30","modified_gmt":"2025-01-27T12:34:30","slug":"budget-blackout-fr","status":"publish","type":"product","link":"https:\/\/staging.aldeco.pt\/pt-pt\/product\/budget-blackout-fr\/","title":{"rendered":"BUDGET BLACKOUT FR"},"content":{"rendered":"<p>Apresentamos a epitome de um blackout de excel\u00eancia, este tecido blackout apresenta um toque luxurioso com 300 cm. Este blackout assegura funcionalidades imbat\u00edveis, qualidade, eleg\u00e2ncia e retardante de chama num tecido dupla face. Dispon\u00edvel em 4 cores muito comerciais.<\/p>\n","protected":false},"excerpt":{"rendered":"<p>Apresentamos a epitome de um blackout de excel\u00eancia, este tecido blackout apresenta um toque luxurioso com 300 cm. Este blackout assegura funcionalidades imbat\u00edveis, qualidade, eleg\u00e2ncia e retardante de chama num tecido dupla face. Dispon\u00edvel em 4 cores muito comerciais.<\/p>\n<h2>BUDGET BLACKOUT FR, apresentamos a epitome de um blackout de excel\u00eancia, este tecido blackout apresenta um toque luxurioso com 300 cm.<\/h2>\n<p><img fetchpriority=\"high\" decoding=\"async\" class=\"alignnone wp-image-204807 size-medium\" src=\"https:\/\/aldeco.pt\/staging\/wp-content\/uploads\/2024\/10\/T193090002-1-300x200.jpg\" alt=\"BUDGET BLACKOUT FR - Aldeco\" width=\"300\" height=\"200\" \/><\/p>\n<p><a href=\"https:\/\/aldeco.pt\/staging\/product\/budget-blackout-fr\/?attribute_pa_aldeco-color=03-sandy-breeze\">https:\/\/aldeco.pt\/staging\/product\/budget-blackout-fr\/?attribute_pa_aldeco-color=03-sandy-breeze<\/a><\/p>\n<p><a href=\"https:\/\/www.instagram.com\/aldeco_interiorfabrics\/\">https:\/\/www.instagram.com\/aldeco_interiorfabrics\/<\/a><\/p>\n","protected":false},"featured_media":217922,"template":"","meta":[],"product_brand":[],"product_cat":[6153],"product_tag":[],"class_list":{"0":"post-201680","1":"product","2":"type-product","3":"status-publish","4":"has-post-thumbnail","6":"product_cat-aldeco-smarter-pt-pt","7":"pa_cleanability-8282","8":"pa_composition-ext-100-pl-pt-pt","9":"pa_contract-fabrics-1-pt-pt","10":"pa_interior-fabrics-1-pt-pt","11":"pa_line-tecidos","12":"pa_lithfastness-5-pt-pt","13":"pa_opportunities-descontinuado","14":"pa_range-blackout-pt-pt","15":"pa_range-panama-pt-pt","18":"first","19":"instock","20":"purchasable","21":"product-type-variable"},"acf":[],"_links":{"self":[{"href":"https:\/\/staging.aldeco.pt\/pt-pt\/wp-json\/wp\/v2\/product\/201680","targetHints":{"allow":["GET"]}}],"collection":[{"href":"https:\/\/staging.aldeco.pt\/pt-pt\/wp-json\/wp\/v2\/product"}],"about":[{"href":"https:\/\/staging.aldeco.pt\/pt-pt\/wp-json\/wp\/v2\/types\/product"}],"version-history":[{"count":5,"href":"https:\/\/staging.aldeco.pt\/pt-pt\/wp-json\/wp\/v2\/product\/201680\/revisions"}],"predecessor-version":[{"id":217934,"href":"https:\/\/staging.aldeco.pt\/pt-pt\/wp-json\/wp\/v2\/product\/201680\/revisions\/217934"}],"wp:featuredmedia":[{"embeddable":true,"href":"https:\/\/staging.aldeco.pt\/pt-pt\/wp-json\/wp\/v2\/media\/217922"}],"wp:attachment":[{"href":"https:\/\/staging.aldeco.pt\/pt-pt\/wp-json\/wp\/v2\/media?parent=201680"}],"wp:term":[{"taxonomy":"product_brand","embeddable":true,"href":"https:\/\/staging.aldeco.pt\/pt-pt\/wp-json\/wp\/v2\/product_brand?post=201680"},{"taxonomy":"product_cat","embeddable":true,"href":"https:\/\/staging.aldeco.pt\/pt-pt\/wp-json\/wp\/v2\/product_cat?post=201680"},{"taxonomy":"product_tag","embeddable":true,"href":"https:\/\/staging.aldeco.pt\/pt-pt\/wp-json\/wp\/v2\/product_tag?post=201680"}],"curies":[{"name":"wp","href":"https:\/\/api.w.org\/{rel}","templated":true}]}}