{"id":201642,"date":"2024-10-09T20:41:22","date_gmt":"2024-10-09T20:41:22","guid":{"rendered":"https:\/\/aldeco.pt\/staging\/product\/double-lino-blackout-fr\/"},"modified":"2025-01-27T12:40:53","modified_gmt":"2025-01-27T12:40:53","slug":"double-lino-blackout-fr","status":"publish","type":"product","link":"https:\/\/staging.aldeco.pt\/pt-pt\/product\/double-lino-blackout-fr\/","title":{"rendered":"DOUBLE LINO BLACKOUT FR"},"content":{"rendered":"<p>Tecido 100% blackout com look de linho muito especial pois \u00e9 de dupla face. Este blackout de look natural possui 300 cm \u00e9 uma preciosa adi\u00e7\u00e3o para um descanso reconfortante num espa\u00e7o de aspecto natural. Indispens\u00e1vel para os projectos com v\u00e1rias certifica\u00e7\u00f5es ign\u00edfugas.<br \/>\nEst\u00e1 dispon\u00edvel em 14 cores elegantes.<\/p>\n","protected":false},"excerpt":{"rendered":"<p>Tecido 100% blackout com look de linho muito especial pois \u00e9 de dupla face. Este blackout de look natural possui 300 cm \u00e9 uma preciosa adi\u00e7\u00e3o para um descanso reconfortante num espa\u00e7o de aspecto natural. Indispens\u00e1vel para os projectos com v\u00e1rias certifica\u00e7\u00f5es ign\u00edfugas.<br \/>\nEst\u00e1 dispon\u00edvel em 14 cores elegantes.<\/p>\n<h2>DOUBLE LINO BLACKOUT FR, este blackout de look natural possui 300 cm \u00e9 uma preciosa adi\u00e7\u00e3o para um descanso reconfortante num espa\u00e7o de aspecto natural.<\/h2>\n<p><img fetchpriority=\"high\" decoding=\"async\" class=\"alignnone wp-image-204793 size-medium\" src=\"https:\/\/aldeco.pt\/staging\/wp-content\/uploads\/2024\/10\/DOUBLE-LINO-BLACKOUT-FR-13-Moonrock-300x200.jpg\" alt=\"DOUBLE LINO BLACKOUT FR - Aldeco\" width=\"300\" height=\"200\" \/><\/p>\n<p><a href=\"https:\/\/aldeco.pt\/staging\/es\/product\/double-lino-blackout-fr\/?attribute_pa_aldeco-color=01-pure-white-es\">https:\/\/aldeco.pt\/staging\/es\/product\/double-lino-blackout-fr\/?attribute_pa_aldeco-color=01-pure-white-es<\/a><\/p>\n<p><a href=\"https:\/\/www.instagram.com\/aldeco_interiorfabrics\/\">https:\/\/www.instagram.com\/aldeco_interiorfabrics\/<\/a><\/p>\n","protected":false},"featured_media":204748,"template":"","meta":[],"product_brand":[],"product_cat":[6153],"product_tag":[],"class_list":{"0":"post-201642","1":"product","2":"type-product","3":"status-publish","4":"has-post-thumbnail","6":"product_cat-aldeco-smarter-pt-pt","7":"pa_composition-ext-100-pl-pt-pt","8":"pa_contract-fabrics-1-pt-pt","9":"pa_interior-fabrics-1-pt-pt","10":"pa_line-tecidos","11":"pa_lithfastness-5-pt-pt","12":"pa_opportunities-descontinuado","13":"pa_range-blackout-pt-pt","14":"pa_range-liso","17":"first","18":"instock","19":"purchasable","20":"product-type-variable"},"acf":[],"_links":{"self":[{"href":"https:\/\/staging.aldeco.pt\/pt-pt\/wp-json\/wp\/v2\/product\/201642","targetHints":{"allow":["GET"]}}],"collection":[{"href":"https:\/\/staging.aldeco.pt\/pt-pt\/wp-json\/wp\/v2\/product"}],"about":[{"href":"https:\/\/staging.aldeco.pt\/pt-pt\/wp-json\/wp\/v2\/types\/product"}],"version-history":[{"count":5,"href":"https:\/\/staging.aldeco.pt\/pt-pt\/wp-json\/wp\/v2\/product\/201642\/revisions"}],"predecessor-version":[{"id":217971,"href":"https:\/\/staging.aldeco.pt\/pt-pt\/wp-json\/wp\/v2\/product\/201642\/revisions\/217971"}],"wp:featuredmedia":[{"embeddable":true,"href":"https:\/\/staging.aldeco.pt\/pt-pt\/wp-json\/wp\/v2\/media\/204748"}],"wp:attachment":[{"href":"https:\/\/staging.aldeco.pt\/pt-pt\/wp-json\/wp\/v2\/media?parent=201642"}],"wp:term":[{"taxonomy":"product_brand","embeddable":true,"href":"https:\/\/staging.aldeco.pt\/pt-pt\/wp-json\/wp\/v2\/product_brand?post=201642"},{"taxonomy":"product_cat","embeddable":true,"href":"https:\/\/staging.aldeco.pt\/pt-pt\/wp-json\/wp\/v2\/product_cat?post=201642"},{"taxonomy":"product_tag","embeddable":true,"href":"https:\/\/staging.aldeco.pt\/pt-pt\/wp-json\/wp\/v2\/product_tag?post=201642"}],"curies":[{"name":"wp","href":"https:\/\/api.w.org\/{rel}","templated":true}]}}