{"id":201473,"date":"2024-10-09T20:34:49","date_gmt":"2024-10-09T20:34:49","guid":{"rendered":"https:\/\/aldeco.pt\/staging\/product\/thara-teflon-2\/"},"modified":"2024-11-14T10:03:36","modified_gmt":"2024-11-14T10:03:36","slug":"thara-teflon-2","status":"publish","type":"product","link":"https:\/\/staging.aldeco.pt\/pt-pt\/product\/thara-teflon-2\/","title":{"rendered":"THARA + TEFLON"},"content":{"rendered":"<p>\u00c9 um tecido de estofo com acabamento repelente de \u00e1gua. Trata-se de uma microfibra com um toque tipo pele de p\u00eassego muito suave e doce simplesmente irresist\u00edvel. Dispon\u00edvel com acabamento retardante de chama sob consulta. Est\u00e1 dispon\u00edvel em 47 cores.<\/p>\n","protected":false},"excerpt":{"rendered":"<p>\u00c9 um tecido de estofo com acabamento repelente de \u00e1gua. Trata-se de uma microfibra com um toque tipo pele de p\u00eassego muito suave e doce simplesmente irresist\u00edvel. Dispon\u00edvel com acabamento retardante de chama sob consulta. Est\u00e1 dispon\u00edvel em 47 cores.<\/p>\n<h2>Thara \u00e9 um tecido de estofo com acabamento repelente de \u00e1gua. Trata-se de uma microfibra com um toque tipo pele de p\u00eassego muito suave e doce simplesmente irresist\u00edvel.<\/h2>\n<p><img fetchpriority=\"high\" decoding=\"async\" class=\"alignnone wp-image-204788 size-medium\" src=\"https:\/\/aldeco.pt\/staging\/wp-content\/uploads\/2024\/10\/T017690040-300x200.jpg\" alt=\"Thara - Aldeco\" width=\"300\" height=\"200\"><\/p>\n<p><a href=\"https:\/\/aldeco.pt\/staging\/product\/thara-teflon\/?attribute_pa_aldeco-color=01-white\">https:\/\/aldeco.pt\/staging\/product\/thara-teflon\/?attribute_pa_aldeco-color=01-white<\/a><\/p>\n<p><a href=\"https:\/\/www.instagram.com\/aldeco_interiorfabrics\/\">https:\/\/www.instagram.com\/aldeco_interiorfabrics\/<\/a><\/p>\n","protected":false},"featured_media":172192,"template":"","meta":[],"product_brand":[],"product_cat":[6145],"product_tag":[],"class_list":{"0":"post-201473","1":"product","2":"type-product","3":"status-publish","4":"has-post-thumbnail","6":"product_cat-aldeco-2-pt-pt-2","7":"pa_cleanability-8282","8":"pa_composition-ext-100-pl-pt-pt","9":"pa_contract-fabrics-1-pt-pt","10":"pa_interior-fabrics-1-pt-pt","11":"pa_line-oportunidades","12":"pa_line-tecidos","13":"pa_lithfastness-4-pt-pt","14":"pa_opportunities-ativo","15":"pa_opportunities-descontinuado","16":"pa_outdoor-0-pt-pt","17":"pa_range-liso","18":"pa_range-microfiber-pt-pt","19":"pa_rapport-vertical-11009","22":"first","23":"instock","24":"purchasable","25":"product-type-variable"},"acf":[],"_links":{"self":[{"href":"https:\/\/staging.aldeco.pt\/pt-pt\/wp-json\/wp\/v2\/product\/201473","targetHints":{"allow":["GET"]}}],"collection":[{"href":"https:\/\/staging.aldeco.pt\/pt-pt\/wp-json\/wp\/v2\/product"}],"about":[{"href":"https:\/\/staging.aldeco.pt\/pt-pt\/wp-json\/wp\/v2\/types\/product"}],"version-history":[{"count":2,"href":"https:\/\/staging.aldeco.pt\/pt-pt\/wp-json\/wp\/v2\/product\/201473\/revisions"}],"predecessor-version":[{"id":204792,"href":"https:\/\/staging.aldeco.pt\/pt-pt\/wp-json\/wp\/v2\/product\/201473\/revisions\/204792"}],"wp:featuredmedia":[{"embeddable":true,"href":"https:\/\/staging.aldeco.pt\/pt-pt\/wp-json\/wp\/v2\/media\/172192"}],"wp:attachment":[{"href":"https:\/\/staging.aldeco.pt\/pt-pt\/wp-json\/wp\/v2\/media?parent=201473"}],"wp:term":[{"taxonomy":"product_brand","embeddable":true,"href":"https:\/\/staging.aldeco.pt\/pt-pt\/wp-json\/wp\/v2\/product_brand?post=201473"},{"taxonomy":"product_cat","embeddable":true,"href":"https:\/\/staging.aldeco.pt\/pt-pt\/wp-json\/wp\/v2\/product_cat?post=201473"},{"taxonomy":"product_tag","embeddable":true,"href":"https:\/\/staging.aldeco.pt\/pt-pt\/wp-json\/wp\/v2\/product_tag?post=201473"}],"curies":[{"name":"wp","href":"https:\/\/api.w.org\/{rel}","templated":true}]}}