{"id":201430,"date":"2024-10-09T20:32:04","date_gmt":"2024-10-09T20:32:04","guid":{"rendered":"https:\/\/aldeco.pt\/staging\/product\/kopke\/"},"modified":"2025-01-27T13:00:04","modified_gmt":"2025-01-27T13:00:04","slug":"kopke","status":"publish","type":"product","link":"https:\/\/staging.aldeco.pt\/pt-pt\/product\/kopke\/","title":{"rendered":"KOPKE"},"content":{"rendered":"<p>KOPKE \u00e9 um tecido de chenille de dupla face extremamente vers\u00e1til, 100% poli\u00e9ster com um look muito natural. Com uma largura excepcional de 320 cm \u00e9 um tecido sofisticado com dois tons que pode ser utilizado para estofo, mantas e reposteiros gra\u00e7as \u00e0 sua elevada resist\u00eancia \u00e0 abras\u00e3o. KOPKE foi criado para durar garantindo que as suas cria\u00e7\u00f5es resistem ao teste do tempo. Este tecido de excel\u00eancia est\u00e1 dispon\u00edvel em 16 cores fascinantes.<\/p>\n","protected":false},"excerpt":{"rendered":"<p>KOPKE \u00e9 um tecido de chenille de dupla face extremamente vers\u00e1til, 100% poli\u00e9ster com um look muito natural. Com uma largura excepcional de 320 cm \u00e9 um tecido sofisticado com dois tons que pode ser utilizado para estofo, mantas e reposteiros gra\u00e7as \u00e0 sua elevada resist\u00eancia \u00e0 abras\u00e3o. KOPKE foi criado para durar garantindo que as suas cria\u00e7\u00f5es resistem ao teste do tempo. Este tecido de excel\u00eancia est\u00e1 dispon\u00edvel em 16 cores fascinantes.<\/p>\n<h2>KOPKE \u00e9 um tecido de chenille de dupla face extremamente vers\u00e1til, 100% poli\u00e9ster com um look muito natural.<\/h2>\n<p><img fetchpriority=\"high\" decoding=\"async\" class=\"alignnone wp-image-204781 size-medium\" src=\"https:\/\/aldeco.pt\/staging\/wp-content\/uploads\/2024\/10\/T193130011-1-300x200.jpg\" alt=\"Kopke - Aldeco\" width=\"300\" height=\"200\" \/><\/p>\n<p><a href=\"https:\/\/aldeco.pt\/staging\/product\/kopke\/?attribute_pa_aldeco-color=04-parchment\">https:\/\/aldeco.pt\/staging\/product\/kopke\/?attribute_pa_aldeco-color=04-parchment<\/a><\/p>\n<p><a href=\"https:\/\/www.instagram.com\/aldeco_interiorfabrics\/\">https:\/\/www.instagram.com\/aldeco_interiorfabrics\/<\/a><\/p>\n","protected":false},"featured_media":218072,"template":"","meta":[],"product_brand":[],"product_cat":[6153],"product_tag":[],"class_list":{"0":"post-201430","1":"product","2":"type-product","3":"status-publish","4":"has-post-thumbnail","6":"product_cat-aldeco-smarter-pt-pt","7":"pa_cleanability-8282","8":"pa_composition-ext-100-pl-pt-pt","9":"pa_interior-fabrics-1-pt-pt","10":"pa_line-tecidos","11":"pa_lithfastness-5-pt-pt","12":"pa_opportunities-descontinuado","13":"pa_range-chenile","14":"pa_range-dobby-pt-pt","15":"pa_range-liso","18":"first","19":"instock","20":"purchasable","21":"product-type-variable"},"acf":[],"_links":{"self":[{"href":"https:\/\/staging.aldeco.pt\/pt-pt\/wp-json\/wp\/v2\/product\/201430","targetHints":{"allow":["GET"]}}],"collection":[{"href":"https:\/\/staging.aldeco.pt\/pt-pt\/wp-json\/wp\/v2\/product"}],"about":[{"href":"https:\/\/staging.aldeco.pt\/pt-pt\/wp-json\/wp\/v2\/types\/product"}],"version-history":[{"count":5,"href":"https:\/\/staging.aldeco.pt\/pt-pt\/wp-json\/wp\/v2\/product\/201430\/revisions"}],"predecessor-version":[{"id":218084,"href":"https:\/\/staging.aldeco.pt\/pt-pt\/wp-json\/wp\/v2\/product\/201430\/revisions\/218084"}],"wp:featuredmedia":[{"embeddable":true,"href":"https:\/\/staging.aldeco.pt\/pt-pt\/wp-json\/wp\/v2\/media\/218072"}],"wp:attachment":[{"href":"https:\/\/staging.aldeco.pt\/pt-pt\/wp-json\/wp\/v2\/media?parent=201430"}],"wp:term":[{"taxonomy":"product_brand","embeddable":true,"href":"https:\/\/staging.aldeco.pt\/pt-pt\/wp-json\/wp\/v2\/product_brand?post=201430"},{"taxonomy":"product_cat","embeddable":true,"href":"https:\/\/staging.aldeco.pt\/pt-pt\/wp-json\/wp\/v2\/product_cat?post=201430"},{"taxonomy":"product_tag","embeddable":true,"href":"https:\/\/staging.aldeco.pt\/pt-pt\/wp-json\/wp\/v2\/product_tag?post=201430"}],"curies":[{"name":"wp","href":"https:\/\/api.w.org\/{rel}","templated":true}]}}