{"id":201373,"date":"2024-10-09T20:28:10","date_gmt":"2024-10-09T20:28:10","guid":{"rendered":"https:\/\/aldeco.pt\/staging\/product\/elle\/"},"modified":"2025-06-23T13:41:00","modified_gmt":"2025-06-23T13:41:00","slug":"elle","status":"publish","type":"product","link":"https:\/\/staging.aldeco.pt\/pt-pt\/product\/elle\/","title":{"rendered":"ELLE"},"content":{"rendered":"<p>Elle \u00e9 um tecido largo com 310 cm. A sua eleg\u00e2ncia intemporal \u00e9 adquirida atrav\u00e9s do look natural alinhado.  A sua composi\u00e7\u00e3o confere-lhe durabilidade e sofistica\u00e7\u00e3o permitindo a f\u00e1cil manuten\u00e7\u00e3o e beleza constantes. Este tecido \u00e9 ideal para reposteiros e cortinas, mantas e tamb\u00e9m estofo ligeiro. Est\u00e1 dispon\u00edvel numa paleta composta por 21 cores irresist\u00edveis.  <\/p>\n","protected":false},"excerpt":{"rendered":"<p>Elle \u00e9 um tecido largo com 310 cm. A sua eleg\u00e2ncia intemporal \u00e9 adquirida atrav\u00e9s do look natural alinhado. .  A sua composi\u00e7\u00e3o confere-lhe durabilidade e sofistica\u00e7\u00e3o permitindo a f\u00e1cil manuten\u00e7\u00e3o e beleza constantes. Este tecido \u00e9 ideal para reposteiros e cortinas, mantas e tamb\u00e9m estofo ligeiro. Est\u00e1 dispon\u00edvel numa paleta composta por 21 cores irresist\u00edveis.  <\/p>\n<h2>Elle \u00e9 um tecido largo com 310 cm. A sua eleg\u00e2ncia intemporal \u00e9 adquirida atrav\u00e9s do look natural alinhado. <\/h2>\n<p><img fetchpriority=\"high\" decoding=\"async\" class=\"alignnone wp-image-204772 size-medium\" src=\"https:\/\/aldeco.pt\/staging\/wp-content\/uploads\/2024\/10\/T193120001-1-300x200.jpg\" alt=\"Elle - Aldeco\" width=\"300\" height=\"200\"><\/p>\n<p><a href=\"https:\/\/aldeco.pt\/staging\/product\/elle\/?attribute_pa_aldeco-color=01-natural-white\">https:\/\/aldeco.pt\/staging\/product\/elle\/?attribute_pa_aldeco-color=01-natural-white<\/a><\/p>\n<p><a href=\"https:\/\/www.instagram.com\/aldeco_interiorfabrics\/\">https:\/\/www.instagram.com\/aldeco_interiorfabrics\/<\/a><\/p>\n<p>&nbsp;<\/p>\n","protected":false},"featured_media":217987,"template":"","meta":[],"product_brand":[],"product_cat":[6153],"product_tag":[],"class_list":{"0":"post-201373","1":"product","2":"type-product","3":"status-publish","4":"has-post-thumbnail","6":"product_cat-aldeco-smarter-pt-pt","7":"pa_cleanability-8282","8":"pa_composition-ext-9-li-53-vi-15-co-23-pl-pt-pt","9":"pa_interior-fabrics-1-pt-pt","10":"pa_line-tecidos","11":"pa_lithfastness-4-5-pt-pt-2","12":"pa_opportunities-descontinuado","13":"pa_range-liso","16":"first","17":"instock","18":"purchasable","19":"product-type-variable"},"acf":[],"_links":{"self":[{"href":"https:\/\/staging.aldeco.pt\/pt-pt\/wp-json\/wp\/v2\/product\/201373","targetHints":{"allow":["GET"]}}],"collection":[{"href":"https:\/\/staging.aldeco.pt\/pt-pt\/wp-json\/wp\/v2\/product"}],"about":[{"href":"https:\/\/staging.aldeco.pt\/pt-pt\/wp-json\/wp\/v2\/types\/product"}],"version-history":[{"count":9,"href":"https:\/\/staging.aldeco.pt\/pt-pt\/wp-json\/wp\/v2\/product\/201373\/revisions"}],"predecessor-version":[{"id":220418,"href":"https:\/\/staging.aldeco.pt\/pt-pt\/wp-json\/wp\/v2\/product\/201373\/revisions\/220418"}],"wp:featuredmedia":[{"embeddable":true,"href":"https:\/\/staging.aldeco.pt\/pt-pt\/wp-json\/wp\/v2\/media\/217987"}],"wp:attachment":[{"href":"https:\/\/staging.aldeco.pt\/pt-pt\/wp-json\/wp\/v2\/media?parent=201373"}],"wp:term":[{"taxonomy":"product_brand","embeddable":true,"href":"https:\/\/staging.aldeco.pt\/pt-pt\/wp-json\/wp\/v2\/product_brand?post=201373"},{"taxonomy":"product_cat","embeddable":true,"href":"https:\/\/staging.aldeco.pt\/pt-pt\/wp-json\/wp\/v2\/product_cat?post=201373"},{"taxonomy":"product_tag","embeddable":true,"href":"https:\/\/staging.aldeco.pt\/pt-pt\/wp-json\/wp\/v2\/product_tag?post=201373"}],"curies":[{"name":"wp","href":"https:\/\/api.w.org\/{rel}","templated":true}]}}