{"id":201307,"date":"2024-10-01T09:44:42","date_gmt":"2024-10-01T09:44:42","guid":{"rendered":"https:\/\/aldeco.pt\/staging\/product\/mimo-blackout-fr\/"},"modified":"2024-11-14T09:55:51","modified_gmt":"2024-11-14T09:55:51","slug":"mimo-blackout-fr","status":"publish","type":"product","link":"https:\/\/staging.aldeco.pt\/pt-pt\/product\/mimo-blackout-fr\/","title":{"rendered":"MIMO BLACKOUT FR"},"content":{"rendered":"<p>Este tecido \u00e9 um blackout extremamente largo para tectos mais altos. Apresenta um look de tweed de l\u00e3 muito confort\u00e1vel e elegante. Este blackout \u00e9 ign\u00edfugo com certifica\u00e7\u00f5es de diferentes normas e possui tamb\u00e9m certifica\u00e7\u00e3o ac\u00fastica para um descanso perfeito. Cumpre tamb\u00e9m a norma OEKO-TEX 100, n\u00e3o possui subst\u00e2ncias nocivas ao meio ambiente. Est\u00e1 dispon\u00edvel em 17 cores imprescind\u00edveis para os projectos mais exigentes.    <\/p>\n","protected":false},"excerpt":{"rendered":"<p>Este tecido \u00e9 um blackout extremamente largo para tectos mais altos. Apresenta um look de tweed de l\u00e3 muito confort\u00e1vel e elegante. Este blackout \u00e9 ign\u00edfugo com certifica\u00e7\u00f5es de diferentes normas e possui tamb\u00e9m certifica\u00e7\u00e3o ac\u00fastica para um descanso perfeito. Cumpre tamb\u00e9m a norma OEKO-TEX 100, n\u00e3o possui subst\u00e2ncias nocivas ao meio ambiente. Est\u00e1 dispon\u00edvel em 17 cores imprescind\u00edveis para os projectos mais exigentes.    <\/p>\n<h2>Mimo Blackout FR, este tecido \u00e9 um blackout extremamente largo para tectos mais altos. Apresenta um look de tweed de l\u00e3 muito confort\u00e1vel e elegante. <\/h2>\n<p><img fetchpriority=\"high\" decoding=\"async\" class=\"alignnone wp-image-201278 size-medium\" src=\"https:\/\/aldeco.pt\/staging\/wp-content\/uploads\/2024\/10\/T193110014-300x200.jpg\" alt=\"Mimo Blackout Fr - Aldeco\" width=\"300\" height=\"200\"><\/p>\n<p><a href=\"https:\/\/www.instagram.com\/aldeco_interiorfabrics\/\">https:\/\/www.instagram.com\/aldeco_interiorfabrics\/<\/a><\/p>\n<p><a href=\"https:\/\/aldeco.pt\/staging\/product\/mimo-blackout-fr\/?attribute_pa_aldeco-color=01-white\">https:\/\/aldeco.pt\/staging\/product\/mimo-blackout-fr\/?attribute_pa_aldeco-color=01-white<\/a><\/p>\n","protected":false},"featured_media":200977,"template":"","meta":[],"product_brand":[],"product_cat":[6153],"product_tag":[],"class_list":{"0":"post-201307","1":"product","2":"type-product","3":"status-publish","4":"has-post-thumbnail","6":"product_cat-aldeco-smarter-pt-pt","7":"pa_cleanability-8282","8":"pa_composition-ext-100-pl-pt-pt","9":"pa_contract-fabrics-1-pt-pt","10":"pa_interior-fabrics-1-pt-pt","11":"pa_line-tecidos","12":"pa_lithfastness-5-pt-pt","13":"pa_opportunities-descontinuado","14":"pa_range-blackout-pt-pt","15":"pa_range-liso","18":"first","19":"instock","20":"purchasable","21":"product-type-variable"},"acf":[],"_links":{"self":[{"href":"https:\/\/staging.aldeco.pt\/pt-pt\/wp-json\/wp\/v2\/product\/201307","targetHints":{"allow":["GET"]}}],"collection":[{"href":"https:\/\/staging.aldeco.pt\/pt-pt\/wp-json\/wp\/v2\/product"}],"about":[{"href":"https:\/\/staging.aldeco.pt\/pt-pt\/wp-json\/wp\/v2\/types\/product"}],"version-history":[{"count":4,"href":"https:\/\/staging.aldeco.pt\/pt-pt\/wp-json\/wp\/v2\/product\/201307\/revisions"}],"predecessor-version":[{"id":212998,"href":"https:\/\/staging.aldeco.pt\/pt-pt\/wp-json\/wp\/v2\/product\/201307\/revisions\/212998"}],"wp:featuredmedia":[{"embeddable":true,"href":"https:\/\/staging.aldeco.pt\/pt-pt\/wp-json\/wp\/v2\/media\/200977"}],"wp:attachment":[{"href":"https:\/\/staging.aldeco.pt\/pt-pt\/wp-json\/wp\/v2\/media?parent=201307"}],"wp:term":[{"taxonomy":"product_brand","embeddable":true,"href":"https:\/\/staging.aldeco.pt\/pt-pt\/wp-json\/wp\/v2\/product_brand?post=201307"},{"taxonomy":"product_cat","embeddable":true,"href":"https:\/\/staging.aldeco.pt\/pt-pt\/wp-json\/wp\/v2\/product_cat?post=201307"},{"taxonomy":"product_tag","embeddable":true,"href":"https:\/\/staging.aldeco.pt\/pt-pt\/wp-json\/wp\/v2\/product_tag?post=201307"}],"curies":[{"name":"wp","href":"https:\/\/api.w.org\/{rel}","templated":true}]}}