{"id":200362,"date":"2024-07-23T23:23:09","date_gmt":"2024-07-23T23:23:09","guid":{"rendered":"https:\/\/aldeco.pt\/staging\/product\/almofada-time-oyster-gray-siege-50x50\/"},"modified":"2024-10-07T09:24:14","modified_gmt":"2024-10-07T09:24:14","slug":"almofada-time-oyster-gray-siege-50x50","status":"publish","type":"product","link":"https:\/\/staging.aldeco.pt\/pt-pt\/product\/almofada-time-oyster-gray-siege-50x50\/","title":{"rendered":"ALMOFADA TIME OYSTER GRAY + SI\u00c9GE 50&#215;50"},"content":{"rendered":"<p>Almofada decorativa quadrada com Time na frente e Si\u00e9ge Velvet na parte de tr\u00e1s. Apresentamos um Matelass\u00e9 intemporal de inspira\u00e7\u00e3o retro\/vintage com um design geom\u00e9trico. Esta almofada tem fecho oculto e est\u00e1 dispon\u00edvel em diversas combina\u00e7\u00f5es de cores, com ou sem enchimento.<\/p>\n","protected":false},"excerpt":{"rendered":"<p>Almofada decorativa quadrada com Time na frente e Si\u00e9ge Velvet na parte de tr\u00e1s. Apresentamos um Matelass\u00e9 intemporal de inspira\u00e7\u00e3o retro\/vintage com um design geom\u00e9trico. Esta almofada tem fecho oculto e est\u00e1 dispon\u00edvel em diversas combina\u00e7\u00f5es de cores, com ou sem enchimento.<\/p>\n<h2>Almofada Time, uma almofada decorativa quadrada com Time na frente e Si\u00e9ge Velvet na parte de tr\u00e1s.<\/h2>\n<p><img fetchpriority=\"high\" decoding=\"async\" class=\"alignnone wp-image-200352 size-medium\" src=\"https:\/\/aldeco.pt\/staging\/wp-content\/uploads\/2024\/07\/CUSHION-TIME-OYSTER-GRAY-SIEGE-50x50-1-300x241.jpg\" alt=\"Almofada Time Oyster Gray - Aldeco\" width=\"300\" height=\"241\" \/><\/p>\n<p><a href=\"https:\/\/aldeco.pt\/staging\/product\/cushion-time-oyster-gray-siege-50x50\/?attribute_pa_aldeco-color=05-oyster-gray\">https:\/\/aldeco.pt\/staging\/product\/cushion-time-oyster-gray-siege-50&#215;50\/?attribute_pa_aldeco-color=05-oyster-gray<\/a><a href=\"https:\/\/www.instagram.com\/aldeco_interiorfabrics\/\">https:\/\/www.instagram.com\/aldeco_interiorfabrics\/<\/a><\/p>\n","protected":false},"featured_media":200353,"template":"","meta":[],"product_brand":[],"product_cat":[6145],"product_tag":[],"class_list":{"0":"post-200362","1":"product","2":"type-product","3":"status-publish","4":"has-post-thumbnail","6":"product_cat-aldeco-2-pt-pt-2","7":"pa_composition-ext-45-co-30-pl-25-vi-pt-pt","8":"pa_line-almofadas","11":"first","12":"instock","13":"purchasable","14":"product-type-variable"},"acf":[],"_links":{"self":[{"href":"https:\/\/staging.aldeco.pt\/pt-pt\/wp-json\/wp\/v2\/product\/200362","targetHints":{"allow":["GET"]}}],"collection":[{"href":"https:\/\/staging.aldeco.pt\/pt-pt\/wp-json\/wp\/v2\/product"}],"about":[{"href":"https:\/\/staging.aldeco.pt\/pt-pt\/wp-json\/wp\/v2\/types\/product"}],"version-history":[{"count":1,"href":"https:\/\/staging.aldeco.pt\/pt-pt\/wp-json\/wp\/v2\/product\/200362\/revisions"}],"predecessor-version":[{"id":202079,"href":"https:\/\/staging.aldeco.pt\/pt-pt\/wp-json\/wp\/v2\/product\/200362\/revisions\/202079"}],"wp:featuredmedia":[{"embeddable":true,"href":"https:\/\/staging.aldeco.pt\/pt-pt\/wp-json\/wp\/v2\/media\/200353"}],"wp:attachment":[{"href":"https:\/\/staging.aldeco.pt\/pt-pt\/wp-json\/wp\/v2\/media?parent=200362"}],"wp:term":[{"taxonomy":"product_brand","embeddable":true,"href":"https:\/\/staging.aldeco.pt\/pt-pt\/wp-json\/wp\/v2\/product_brand?post=200362"},{"taxonomy":"product_cat","embeddable":true,"href":"https:\/\/staging.aldeco.pt\/pt-pt\/wp-json\/wp\/v2\/product_cat?post=200362"},{"taxonomy":"product_tag","embeddable":true,"href":"https:\/\/staging.aldeco.pt\/pt-pt\/wp-json\/wp\/v2\/product_tag?post=200362"}],"curies":[{"name":"wp","href":"https:\/\/api.w.org\/{rel}","templated":true}]}}