{"id":200182,"date":"2024-07-23T23:17:55","date_gmt":"2024-07-23T23:17:55","guid":{"rendered":"https:\/\/aldeco.pt\/staging\/product\/almofada-rhapsody-col-04-project-col-10-50x50cms\/"},"modified":"2024-10-07T15:38:48","modified_gmt":"2024-10-07T15:38:48","slug":"almofada-rhapsody-col-04-project-col-10-50x50cms","status":"publish","type":"product","link":"https:\/\/staging.aldeco.pt\/pt-pt\/product\/almofada-rhapsody-col-04-project-col-10-50x50cms\/","title":{"rendered":"ALMOFADA RHAPSODY COL 04 + PROJECT COL 10 50x50CMS"},"content":{"rendered":"<p>Requintada almofada decorativa quadrada com tecido RHAPSODY na frente e veludo Project na parte de tr\u00e1s. A sofistica\u00e7\u00e3o e o detalhe da combina\u00e7\u00e3o de cores que marcam esta cole\u00e7\u00e3o em um bordado de cetim total com um design geom\u00e9trico hexagonal retr\u00f4\/vintage. Esta almofada tem fecho oculto e est\u00e1 dispon\u00edvel em diversas combina\u00e7\u00f5es de cores, com ou sem enchimento.<\/p>\n","protected":false},"excerpt":{"rendered":"<p>Requintada almofada decorativa quadrada com tecido RHAPSODY na frente e veludo Project na parte de tr\u00e1s. A sofistica\u00e7\u00e3o e o detalhe da combina\u00e7\u00e3o de cores que marcam esta cole\u00e7\u00e3o em um bordado de cetim total com um design geom\u00e9trico hexagonal retr\u00f4\/vintage. Esta almofada tem fecho oculto e est\u00e1 dispon\u00edvel em diversas combina\u00e7\u00f5es de cores, com ou sem enchimento.<\/p>\n<h2>Almofada Rhapsody, a sofistica\u00e7\u00e3o e o detalhe da combina\u00e7\u00e3o de cores que marcam esta cole\u00e7\u00e3o.<\/h2>\n<p><img fetchpriority=\"high\" decoding=\"async\" class=\"alignnone wp-image-200172 size-medium\" src=\"https:\/\/aldeco.pt\/staging\/wp-content\/uploads\/2024\/07\/CUSHION-RHAPSODY-COL-04-PROJECT-COL-10-50x50CMS-300x241.jpg\" alt=\"Almofada Rhapsody Col 04 - Aldeco\" width=\"300\" height=\"241\" \/><\/p>\n<p><a href=\"https:\/\/aldeco.pt\/staging\/product\/cushion-rhapsody-col-04-project-col-10-50x50cms\/?attribute_pa_aldeco-color=04-blue-mood\">https:\/\/aldeco.pt\/staging\/product\/cushion-rhapsody-col-04-project-col-10-50x50cms\/?attribute_pa_aldeco-color=04-blue-mood<\/a><a href=\"https:\/\/www.instagram.com\/aldeco_interiorfabrics\/\">https:\/\/www.instagram.com\/aldeco_interiorfabrics\/<\/a><\/p>\n","protected":false},"featured_media":200173,"template":"","meta":[],"product_brand":[],"product_cat":[6145],"product_tag":[],"class_list":{"0":"post-200182","1":"product","2":"type-product","3":"status-publish","4":"has-post-thumbnail","6":"product_cat-aldeco-2-pt-pt-2","7":"pa_composition-ext-57-vi-43-co-pt-pt","8":"pa_line-almofadas","11":"first","12":"instock","13":"purchasable","14":"product-type-variable"},"acf":[],"_links":{"self":[{"href":"https:\/\/staging.aldeco.pt\/pt-pt\/wp-json\/wp\/v2\/product\/200182","targetHints":{"allow":["GET"]}}],"collection":[{"href":"https:\/\/staging.aldeco.pt\/pt-pt\/wp-json\/wp\/v2\/product"}],"about":[{"href":"https:\/\/staging.aldeco.pt\/pt-pt\/wp-json\/wp\/v2\/types\/product"}],"version-history":[{"count":3,"href":"https:\/\/staging.aldeco.pt\/pt-pt\/wp-json\/wp\/v2\/product\/200182\/revisions"}],"predecessor-version":[{"id":202160,"href":"https:\/\/staging.aldeco.pt\/pt-pt\/wp-json\/wp\/v2\/product\/200182\/revisions\/202160"}],"wp:featuredmedia":[{"embeddable":true,"href":"https:\/\/staging.aldeco.pt\/pt-pt\/wp-json\/wp\/v2\/media\/200173"}],"wp:attachment":[{"href":"https:\/\/staging.aldeco.pt\/pt-pt\/wp-json\/wp\/v2\/media?parent=200182"}],"wp:term":[{"taxonomy":"product_brand","embeddable":true,"href":"https:\/\/staging.aldeco.pt\/pt-pt\/wp-json\/wp\/v2\/product_brand?post=200182"},{"taxonomy":"product_cat","embeddable":true,"href":"https:\/\/staging.aldeco.pt\/pt-pt\/wp-json\/wp\/v2\/product_cat?post=200182"},{"taxonomy":"product_tag","embeddable":true,"href":"https:\/\/staging.aldeco.pt\/pt-pt\/wp-json\/wp\/v2\/product_tag?post=200182"}],"curies":[{"name":"wp","href":"https:\/\/api.w.org\/{rel}","templated":true}]}}