{"id":200140,"date":"2024-07-23T23:17:30","date_gmt":"2024-07-23T23:17:30","guid":{"rendered":"https:\/\/aldeco.pt\/staging\/product\/almofada-resistance-ec-fr-forest-green-mineral-45x45-p\/"},"modified":"2024-07-23T23:17:30","modified_gmt":"2024-07-23T23:17:30","slug":"almofada-resistance-ec-fr-forest-green-mineral-45x45-p","status":"publish","type":"product","link":"https:\/\/staging.aldeco.pt\/pt-pt\/product\/almofada-resistance-ec-fr-forest-green-mineral-45x45-p\/","title":{"rendered":"ALMOFADA RESISTANCE EC FR FOREST GREEN + MINERAL 45&#215;45 P"},"content":{"rendered":"<p>Almofada decorativa quadrada com tecido Resistance, um chenille naturalmente macio como um veludo aliado a uma resist\u00eancia e durabilidade imbat\u00edveis e de f\u00e1cil limpeza. Este tecido \u00e9 ecol\u00f3gico porque cumpre a norma OEKO-TEX 100, n\u00e3o possui subst\u00e2ncias nocivas para o ambiente. Esta almofada tem um fecho oculto, vivo Mineral e est\u00e1 dispon\u00edvel em diferentes combina\u00e7\u00f5es de cores, com ou sem enchimento.<\/p>\n","protected":false},"excerpt":{"rendered":"<p>Almofada decorativa quadrada com tecido Resistance, um chenille naturalmente macio como um veludo aliado a uma resist\u00eancia e durabilidade imbat\u00edveis e de f\u00e1cil limpeza. Este tecido \u00e9 ecol\u00f3gico porque cumpre a norma OEKO-TEX 100, n\u00e3o possui subst\u00e2ncias nocivas para o ambiente. Esta almofada tem um fecho oculto, vivo Mineral e est\u00e1 dispon\u00edvel em diferentes combina\u00e7\u00f5es de cores, com ou sem enchimento. <\/p>\n<h2>Almofada Resistance, um chenille naturalmente macio como o veludo combinado com resist\u00eancia e durabilidade incompar\u00e1veis e f\u00e1cil limpeza.<\/h2>\n<p><img fetchpriority=\"high\" decoding=\"async\" class=\"alignnone wp-image-200132 size-medium\" src=\"https:\/\/aldeco.pt\/staging\/wp-content\/uploads\/2024\/07\/CUSHION-RESISTANCE-EC-FR-FOREST-GREEN-MINERAL-45x45-P-300x241.jpg\" alt=\"Almofada Resistance EC FR Forest Green - Aldeco\" width=\"300\" height=\"241\"><\/p>\n<p><a href=\"https:\/\/aldeco.pt\/staging\/product\/cushion-resistance-ec-fr-forest-green-mineral-45x45-p\/?attribute_pa_aldeco-color=10-forest-green\">https:\/\/aldeco.pt\/staging\/product\/cushion-resistance-ec-fr-forest-green-mineral-45&#215;45-p\/?attribute_pa_aldeco-color=10-forest-green<\/a><a href=\"https:\/\/www.instagram.com\/aldeco_interiorfabrics\/\">https:\/\/www.instagram.com\/aldeco_interiorfabrics\/<\/a><\/p>\n<p>&nbsp;<\/p>\n","protected":false},"featured_media":200133,"template":"","meta":[],"product_brand":[],"product_cat":[6145],"product_tag":[],"class_list":{"0":"post-200140","1":"product","2":"type-product","3":"status-publish","4":"has-post-thumbnail","6":"product_cat-aldeco-2-pt-pt-2","7":"pa_composition-ext-80-pl-11-pl-rec-5-co-4-co-rec-pt-pt","8":"pa_line-almofadas","9":"pa_range-chenile","12":"first","13":"instock","14":"purchasable","15":"product-type-variable"},"acf":[],"_links":{"self":[{"href":"https:\/\/staging.aldeco.pt\/pt-pt\/wp-json\/wp\/v2\/product\/200140","targetHints":{"allow":["GET"]}}],"collection":[{"href":"https:\/\/staging.aldeco.pt\/pt-pt\/wp-json\/wp\/v2\/product"}],"about":[{"href":"https:\/\/staging.aldeco.pt\/pt-pt\/wp-json\/wp\/v2\/types\/product"}],"version-history":[{"count":0,"href":"https:\/\/staging.aldeco.pt\/pt-pt\/wp-json\/wp\/v2\/product\/200140\/revisions"}],"wp:featuredmedia":[{"embeddable":true,"href":"https:\/\/staging.aldeco.pt\/pt-pt\/wp-json\/wp\/v2\/media\/200133"}],"wp:attachment":[{"href":"https:\/\/staging.aldeco.pt\/pt-pt\/wp-json\/wp\/v2\/media?parent=200140"}],"wp:term":[{"taxonomy":"product_brand","embeddable":true,"href":"https:\/\/staging.aldeco.pt\/pt-pt\/wp-json\/wp\/v2\/product_brand?post=200140"},{"taxonomy":"product_cat","embeddable":true,"href":"https:\/\/staging.aldeco.pt\/pt-pt\/wp-json\/wp\/v2\/product_cat?post=200140"},{"taxonomy":"product_tag","embeddable":true,"href":"https:\/\/staging.aldeco.pt\/pt-pt\/wp-json\/wp\/v2\/product_tag?post=200140"}],"curies":[{"name":"wp","href":"https:\/\/api.w.org\/{rel}","templated":true}]}}