{"id":199988,"date":"2024-07-23T23:10:37","date_gmt":"2024-07-23T23:10:37","guid":{"rendered":"https:\/\/aldeco.pt\/staging\/product\/almofada-looks-fr-linen-shades-specialist-45x45-p\/"},"modified":"2024-10-01T15:23:02","modified_gmt":"2024-10-01T15:23:02","slug":"almofada-looks-fr-linen-shades-specialist-45x45-p","status":"publish","type":"product","link":"https:\/\/staging.aldeco.pt\/pt-pt\/product\/almofada-looks-fr-linen-shades-specialist-45x45-p\/","title":{"rendered":"ALMOFADA LOOKS FR LINEN SHADES + SPECIALIST 45&#215;45 P"},"content":{"rendered":"<p>Almofada decorativa quadrada com tecido Looks na frente e vivo e linho Specialist na parte de tr\u00e1s. Tecido jacquard com efeito misto, repelente \u00e0 \u00e1gua (hidrof\u00edlico) com um motivo chevron desconstru\u00eddo muito discreto. Esta almofada tem fecho oculto e est\u00e1 dispon\u00edvel em diversas combina\u00e7\u00f5es de cores, com ou sem enchimento.<\/p>\n","protected":false},"excerpt":{"rendered":"<p>Almofada decorativa quadrada com tecido Looks na frente e vivo e linho Specialist na parte de tr\u00e1s. Tecido jacquard com efeito misto, repelente \u00e0 \u00e1gua (hidrof\u00edlico) com um motivo chevron desconstru\u00eddo muito discreto. Esta almofada tem fecho oculto e est\u00e1 dispon\u00edvel em diversas combina\u00e7\u00f5es de cores, com ou sem enchimento.<\/p>\n<h2>Almofada Looks FR, almofada decorativa quadrada com tecido Looks na frente e vivo e linho Specialist na parte de tr\u00e1s.<\/h2>\n<p><img fetchpriority=\"high\" decoding=\"async\" class=\"alignnone wp-image-199975 size-medium\" src=\"https:\/\/aldeco.pt\/staging\/wp-content\/uploads\/2024\/07\/CUSHION-LOOKS-FR-LINEN-SHADES-SPECIALIST-45x45-P-300x241.jpg\" alt=\"Almofada Looks Fr Linen Shades - Aldeco\" width=\"300\" height=\"241\" \/><\/p>\n<p><a href=\"https:\/\/aldeco.pt\/staging\/product\/cushion-looks-fr-linen-shades-specialist-45x45-p\/?attribute_pa_aldeco-color=01-linen-shades\">https:\/\/aldeco.pt\/staging\/product\/cushion-looks-fr-linen-shades-specialist-45&#215;45-p\/?attribute_pa_aldeco-color=01-linen-shades<\/a><a href=\"https:\/\/www.instagram.com\/aldeco_interiorfabrics\/\">https:\/\/www.instagram.com\/aldeco_interiorfabrics\/<\/a><\/p>\n","protected":false},"featured_media":199976,"template":"","meta":[],"product_brand":[],"product_cat":[6145],"product_tag":[],"class_list":{"0":"post-199988","1":"product","2":"type-product","3":"status-publish","4":"has-post-thumbnail","6":"product_cat-aldeco-2-pt-pt-2","7":"pa_composition-ext-45-co-30-cv-25-pl-pt-pt","8":"pa_line-almofadas","9":"pa_range-jacquard-pt-pt","12":"first","13":"instock","14":"purchasable","15":"product-type-variable"},"acf":[],"_links":{"self":[{"href":"https:\/\/staging.aldeco.pt\/pt-pt\/wp-json\/wp\/v2\/product\/199988","targetHints":{"allow":["GET"]}}],"collection":[{"href":"https:\/\/staging.aldeco.pt\/pt-pt\/wp-json\/wp\/v2\/product"}],"about":[{"href":"https:\/\/staging.aldeco.pt\/pt-pt\/wp-json\/wp\/v2\/types\/product"}],"version-history":[{"count":1,"href":"https:\/\/staging.aldeco.pt\/pt-pt\/wp-json\/wp\/v2\/product\/199988\/revisions"}],"predecessor-version":[{"id":201729,"href":"https:\/\/staging.aldeco.pt\/pt-pt\/wp-json\/wp\/v2\/product\/199988\/revisions\/201729"}],"wp:featuredmedia":[{"embeddable":true,"href":"https:\/\/staging.aldeco.pt\/pt-pt\/wp-json\/wp\/v2\/media\/199976"}],"wp:attachment":[{"href":"https:\/\/staging.aldeco.pt\/pt-pt\/wp-json\/wp\/v2\/media?parent=199988"}],"wp:term":[{"taxonomy":"product_brand","embeddable":true,"href":"https:\/\/staging.aldeco.pt\/pt-pt\/wp-json\/wp\/v2\/product_brand?post=199988"},{"taxonomy":"product_cat","embeddable":true,"href":"https:\/\/staging.aldeco.pt\/pt-pt\/wp-json\/wp\/v2\/product_cat?post=199988"},{"taxonomy":"product_tag","embeddable":true,"href":"https:\/\/staging.aldeco.pt\/pt-pt\/wp-json\/wp\/v2\/product_tag?post=199988"}],"curies":[{"name":"wp","href":"https:\/\/api.w.org\/{rel}","templated":true}]}}