{"id":199919,"date":"2024-07-23T23:03:38","date_gmt":"2024-07-23T23:03:38","guid":{"rendered":"https:\/\/aldeco.pt\/staging\/product\/almofada-freddie-velvet-golden-linen-specialist-45x45\/"},"modified":"2024-07-23T23:03:38","modified_gmt":"2024-07-23T23:03:38","slug":"almofada-freddie-velvet-golden-linen-specialist-45x45","status":"publish","type":"product","link":"https:\/\/staging.aldeco.pt\/pt-pt\/product\/almofada-freddie-velvet-golden-linen-specialist-45x45\/","title":{"rendered":"ALMOFADA FREDDIE VELVET GOLDEN LINEN + SPECIALIST 45&#215;45"},"content":{"rendered":"<p>Almofada decorativa quadrada macia com Freddie Velvet na frente e Specialist FR em cor neutra no lado oposto. Os ritmos fren\u00e9ticos deste desenho geom\u00e9trico resultam num bel\u00edssimo veludo jacquard com base de efeito alinhado. Esta almofada tem fecho oculto e est\u00e1 dispon\u00edvel em diversas combina\u00e7\u00f5es de cores, com ou sem enchimento.<\/p>\n","protected":false},"excerpt":{"rendered":"<p>Almofada decorativa quadrada macia com Freddie Velvet na frente e Specialist FR em cor neutra no lado oposto. Os ritmos fren\u00e9ticos deste desenho geom\u00e9trico resultam num bel\u00edssimo veludo jacquard com base de efeito alinhado. Esta almofada tem fecho oculto e est\u00e1 dispon\u00edvel em diversas combina\u00e7\u00f5es de cores, com ou sem enchimento. <\/p>\n<h2>Almofada Freddie Velvet, uma almofada decorativa quadrada e macia com Freddie Velvet na frente e Specialist em uma cor neutra na parte de tr\u00e1s.<\/p>\n<\/h2>\n<p><img fetchpriority=\"high\" decoding=\"async\" class=\"alignnone wp-image-199909 size-medium\" src=\"https:\/\/aldeco.pt\/staging\/wp-content\/uploads\/2024\/07\/CUSHION-FREDDIE-VELVET-GOLDEN-LINEN-SPECIALIST-45x45-1-300x241.jpg\" alt=\"Almofada Freddie Velvet Golden Linen - Aldeco\" width=\"300\" height=\"241\"><\/p>\n<p><a href=\"https:\/\/aldeco.pt\/staging\/product\/cushion-freddie-velvet-golden-linen-specialist-45x45\/?attribute_pa_aldeco-color=04-golden-linen\">https:\/\/aldeco.pt\/staging\/product\/cushion-freddie-velvet-golden-linen-specialist-45&#215;45\/?attribute_pa_aldeco-color=04-golden-linen<\/a><a href=\"https:\/\/www.instagram.com\/aldeco_interiorfabrics\/\">https:\/\/www.instagram.com\/aldeco_interiorfabrics\/<\/a><\/p>\n","protected":false},"featured_media":199910,"template":"","meta":[],"product_brand":[],"product_cat":[6145],"product_tag":[],"class_list":{"0":"post-199919","1":"product","2":"type-product","3":"status-publish","4":"has-post-thumbnail","6":"product_cat-aldeco-2-pt-pt-2","7":"pa_composition-ext-77-vi-23-pl-pt-pt","8":"pa_line-almofadas","9":"pa_range-jacquard-pt-pt","10":"pa_range-veludo","13":"first","14":"instock","15":"purchasable","16":"product-type-variable"},"acf":[],"_links":{"self":[{"href":"https:\/\/staging.aldeco.pt\/pt-pt\/wp-json\/wp\/v2\/product\/199919","targetHints":{"allow":["GET"]}}],"collection":[{"href":"https:\/\/staging.aldeco.pt\/pt-pt\/wp-json\/wp\/v2\/product"}],"about":[{"href":"https:\/\/staging.aldeco.pt\/pt-pt\/wp-json\/wp\/v2\/types\/product"}],"version-history":[{"count":0,"href":"https:\/\/staging.aldeco.pt\/pt-pt\/wp-json\/wp\/v2\/product\/199919\/revisions"}],"wp:featuredmedia":[{"embeddable":true,"href":"https:\/\/staging.aldeco.pt\/pt-pt\/wp-json\/wp\/v2\/media\/199910"}],"wp:attachment":[{"href":"https:\/\/staging.aldeco.pt\/pt-pt\/wp-json\/wp\/v2\/media?parent=199919"}],"wp:term":[{"taxonomy":"product_brand","embeddable":true,"href":"https:\/\/staging.aldeco.pt\/pt-pt\/wp-json\/wp\/v2\/product_brand?post=199919"},{"taxonomy":"product_cat","embeddable":true,"href":"https:\/\/staging.aldeco.pt\/pt-pt\/wp-json\/wp\/v2\/product_cat?post=199919"},{"taxonomy":"product_tag","embeddable":true,"href":"https:\/\/staging.aldeco.pt\/pt-pt\/wp-json\/wp\/v2\/product_tag?post=199919"}],"curies":[{"name":"wp","href":"https:\/\/api.w.org\/{rel}","templated":true}]}}