{"id":199848,"date":"2024-07-23T22:57:03","date_gmt":"2024-07-23T22:57:03","guid":{"rendered":"https:\/\/aldeco.pt\/staging\/product\/almofada-bohemian-aqua-blue-shades-project-50x50-p\/"},"modified":"2024-07-23T22:57:03","modified_gmt":"2024-07-23T22:57:03","slug":"almofada-bohemian-aqua-blue-shades-project-50x50-p","status":"publish","type":"product","link":"https:\/\/staging.aldeco.pt\/pt-pt\/product\/almofada-bohemian-aqua-blue-shades-project-50x50-p\/","title":{"rendered":"ALMOFADA BOHEMIAN AQUA BLUE SHADES + PROJECT 50&#215;50 P"},"content":{"rendered":"<p>Esta almofada decorativa Bohemian apresenta um tecido jacquard na frente e Project Velvet na parte de tr\u00e1s, com vivo em cor correspondente. Neste design, a mistura de ritmos geom\u00e9tricos e tra\u00e7os estilizados resulta em um efeito decadentemente glamoroso.  Esta almofada tem fecho oculto e est\u00e1 dispon\u00edvel em diversas combina\u00e7\u00f5es de cores, com ou sem enchimento.<\/p>\n","protected":false},"excerpt":{"rendered":"<p>Esta almofada decorativa Bohemian apresenta um tecido jacquard na frente e Project Velvet na parte de tr\u00e1s, com vivo em cor correspondente. Neste design, a mistura de ritmos geom\u00e9tricos e tra\u00e7os estilizados resulta em um efeito decadentemente glamoroso.  Esta almofada tem fecho oculto e est\u00e1 dispon\u00edvel em diversas combina\u00e7\u00f5es de cores, com ou sem enchimento. <\/p>\n<h2>A almofada Bohemian \u00e9 feita de tecido jacquard na frente e Project Velvet na parte de tr\u00e1s, com vivo em cor correspondente<\/h2>\n<p><img fetchpriority=\"high\" decoding=\"async\" class=\"alignnone wp-image-199838 size-medium\" src=\"https:\/\/aldeco.pt\/staging\/wp-content\/uploads\/2024\/07\/CUSHION-BOHEMIAN-AQUA-BLUE-SHADES-PROJECT-50x50-P-300x241.jpg\" alt=\"Almofada Bohemian Aqua Blue Shades - Aldeco\" width=\"300\" height=\"241\"><\/p>\n<p><a href=\"https:\/\/aldeco.pt\/staging\/product\/cushion-bohemian-aqua-blue-shades-project-50x50-p\/?attribute_pa_aldeco-color=05-aqua-blue-shades\">https:\/\/aldeco.pt\/staging\/product\/cushion-bohemian-aqua-blue-shades-project-50&#215;50-p\/?attribute_pa_aldeco-color=05-aqua-blue-shades<\/a><a href=\"https:\/\/www.instagram.com\/aldeco_interiorfabrics\/\">https:\/\/www.instagram.com\/aldeco_interiorfabrics\/<\/a><\/p>\n","protected":false},"featured_media":199839,"template":"","meta":[],"product_brand":[],"product_cat":[6145],"product_tag":[],"class_list":{"0":"post-199848","1":"product","2":"type-product","3":"status-publish","4":"has-post-thumbnail","6":"product_cat-aldeco-2-pt-pt-2","7":"pa_composition-ext-77-vi-15-co-8-pl-pt-pt","8":"pa_line-almofadas","9":"pa_range-jacquard-pt-pt","12":"first","13":"instock","14":"purchasable","15":"product-type-variable"},"acf":[],"_links":{"self":[{"href":"https:\/\/staging.aldeco.pt\/pt-pt\/wp-json\/wp\/v2\/product\/199848","targetHints":{"allow":["GET"]}}],"collection":[{"href":"https:\/\/staging.aldeco.pt\/pt-pt\/wp-json\/wp\/v2\/product"}],"about":[{"href":"https:\/\/staging.aldeco.pt\/pt-pt\/wp-json\/wp\/v2\/types\/product"}],"version-history":[{"count":0,"href":"https:\/\/staging.aldeco.pt\/pt-pt\/wp-json\/wp\/v2\/product\/199848\/revisions"}],"wp:featuredmedia":[{"embeddable":true,"href":"https:\/\/staging.aldeco.pt\/pt-pt\/wp-json\/wp\/v2\/media\/199839"}],"wp:attachment":[{"href":"https:\/\/staging.aldeco.pt\/pt-pt\/wp-json\/wp\/v2\/media?parent=199848"}],"wp:term":[{"taxonomy":"product_brand","embeddable":true,"href":"https:\/\/staging.aldeco.pt\/pt-pt\/wp-json\/wp\/v2\/product_brand?post=199848"},{"taxonomy":"product_cat","embeddable":true,"href":"https:\/\/staging.aldeco.pt\/pt-pt\/wp-json\/wp\/v2\/product_cat?post=199848"},{"taxonomy":"product_tag","embeddable":true,"href":"https:\/\/staging.aldeco.pt\/pt-pt\/wp-json\/wp\/v2\/product_tag?post=199848"}],"curies":[{"name":"wp","href":"https:\/\/api.w.org\/{rel}","templated":true}]}}