{"id":198484,"date":"2024-07-23T23:26:30","date_gmt":"2024-07-23T23:26:30","guid":{"rendered":"https:\/\/aldeco.pt\/staging\/product\/almofada-zeus-terracotta-50x50-s\/"},"modified":"2024-10-03T09:00:17","modified_gmt":"2024-10-03T09:00:17","slug":"almofada-zeus-terracotta-50x50-s","status":"publish","type":"product","link":"https:\/\/staging.aldeco.pt\/pt-pt\/product\/almofada-zeus-terracotta-50x50-s\/","title":{"rendered":"ALMOFADA ZEUS TERRACOTTA 50&#215;50 S"},"content":{"rendered":"<p>Almofada decorativa quadrada com cetim Fondant nas costas e sirgarias de edi\u00e7\u00e3o limitada. Zeus, tamb\u00e9m conhecido como Zebra Imperial, \u00e9 uma Gr\u00e9vy que foi descoberta na \u00c1frica Ocidental. Zeus \u00e9 a estrela do Historic Carousel Museum em Albany e foi adotado por Char Walters, cujo ditado favorito era: \u201cSe ouvir batidas de cascos, espere cavalos, n\u00e3o zebras\u201d. Char chamou a sua nova zebra de \u201cZeus\u201d porque a sua cabe\u00e7a orgulhosamente erguida a torna majestosa. Zorba \u00e9 o macaco brincalh\u00e3o pendurado numa videira que Zeus segura na boca. A natureza \u00e9 a estrela deste tecido bordado, onde o imponente se encontra com o belo e onde os animais brincam de forma on\u00edrica, como se fizessem parte de um carrossel, dan\u00e7ando e celebrando a natureza. O Bordado Zeus combina diversas t\u00e9cnicas de bordado presentes em cada um dos seus elementos, trazendo um visual \u00fanico e rico a este cetim, como se fosse um carrossel. Esta almofada tem fecho oculto e est\u00e1 dispon\u00edvel em diversas combina\u00e7\u00f5es de cores, com ou sem enchimento.<\/p>\n","protected":false},"excerpt":{"rendered":"<p>Almofada decorativa quadrada com cetim Fondant nas costas e sirgarias de edi\u00e7\u00e3o limitada. Zeus, tamb\u00e9m conhecido como Zebra Imperial, \u00e9 uma Gr\u00e9vy que foi descoberta na \u00c1frica Ocidental. Zeus \u00e9 a estrela do Historic Carousel Museum em Albany e foi adotado por Char Walters, cujo ditado favorito era: \u201cSe ouvir batidas de cascos, espere cavalos, n\u00e3o zebras\u201d. Char chamou a sua nova zebra de \u201cZeus\u201d porque a sua cabe\u00e7a orgulhosamente erguida a torna majestosa. Zorba \u00e9 o macaco brincalh\u00e3o pendurado numa videira que Zeus segura na boca. A natureza \u00e9 a estrela deste tecido bordado, onde o imponente se encontra com o belo e onde os animais brincam de forma on\u00edrica, como se fizessem parte de um carrossel, dan\u00e7ando e celebrando a natureza. O Bordado Zeus combina diversas t\u00e9cnicas de bordado presentes em cada um dos seus elementos, trazendo um visual \u00fanico e rico a este cetim, como se fosse um carrossel. Esta almofada tem fecho oculto e est\u00e1 dispon\u00edvel em diversas combina\u00e7\u00f5es de cores, com ou sem enchimento.<\/p>\n<h2>Almofada Zeus, almofada decorativa quadrada com cetim Fondant nas costas e sirgarias de edi\u00e7\u00e3o limitada. Zeus, tamb\u00e9m conhecido como Zebra Imperial, \u00e9 uma Gr\u00e9vy que foi descoberta na \u00c1frica Ocidental.<\/h2>\n<p><img fetchpriority=\"high\" decoding=\"async\" class=\"alignnone size-medium wp-image-196313\" src=\"https:\/\/aldeco.pt\/staging\/wp-content\/uploads\/2024\/07\/CUSHION-ZEUS-TERRACOTTA-50x50-S-300x241.jpg\" alt=\"\" width=\"300\" height=\"241\" \/><\/p>\n<p><a href=\"https:\/\/aldeco.pt\/staging\/product\/cushion-zeus-terracotta-50x50-s\/?attribute_pa_aldeco-color=03-terracotta\">https:\/\/aldeco.pt\/staging\/product\/cushion-zeus-terracotta-50&#215;50-s\/?attribute_pa_aldeco-color=03-terracotta<\/a><a href=\"https:\/\/www.instagram.com\/aldeco_interiorfabrics\/\">https:\/\/www.instagram.com\/aldeco_interiorfabrics\/<\/a><\/p>\n","protected":false},"featured_media":196314,"template":"","meta":[],"product_brand":[],"product_cat":[6145],"product_tag":[],"class_list":{"0":"post-198484","1":"product","2":"type-product","3":"status-publish","4":"has-post-thumbnail","6":"product_cat-aldeco-2-pt-pt-2","7":"pa_composition-ext-100-co-bordado-vi-pl","8":"pa_line-almofadas","9":"pa_range-cetim","12":"first","13":"instock","14":"purchasable","15":"product-type-variable"},"acf":[],"_links":{"self":[{"href":"https:\/\/staging.aldeco.pt\/pt-pt\/wp-json\/wp\/v2\/product\/198484","targetHints":{"allow":["GET"]}}],"collection":[{"href":"https:\/\/staging.aldeco.pt\/pt-pt\/wp-json\/wp\/v2\/product"}],"about":[{"href":"https:\/\/staging.aldeco.pt\/pt-pt\/wp-json\/wp\/v2\/types\/product"}],"version-history":[{"count":2,"href":"https:\/\/staging.aldeco.pt\/pt-pt\/wp-json\/wp\/v2\/product\/198484\/revisions"}],"predecessor-version":[{"id":201923,"href":"https:\/\/staging.aldeco.pt\/pt-pt\/wp-json\/wp\/v2\/product\/198484\/revisions\/201923"}],"wp:featuredmedia":[{"embeddable":true,"href":"https:\/\/staging.aldeco.pt\/pt-pt\/wp-json\/wp\/v2\/media\/196314"}],"wp:attachment":[{"href":"https:\/\/staging.aldeco.pt\/pt-pt\/wp-json\/wp\/v2\/media?parent=198484"}],"wp:term":[{"taxonomy":"product_brand","embeddable":true,"href":"https:\/\/staging.aldeco.pt\/pt-pt\/wp-json\/wp\/v2\/product_brand?post=198484"},{"taxonomy":"product_cat","embeddable":true,"href":"https:\/\/staging.aldeco.pt\/pt-pt\/wp-json\/wp\/v2\/product_cat?post=198484"},{"taxonomy":"product_tag","embeddable":true,"href":"https:\/\/staging.aldeco.pt\/pt-pt\/wp-json\/wp\/v2\/product_tag?post=198484"}],"curies":[{"name":"wp","href":"https:\/\/api.w.org\/{rel}","templated":true}]}}