{"id":198470,"date":"2024-07-23T23:23:25","date_gmt":"2024-07-23T23:23:25","guid":{"rendered":"https:\/\/aldeco.pt\/staging\/product\/almofada-toile-life-fr-light-gray-50x50\/"},"modified":"2024-07-23T23:23:25","modified_gmt":"2024-07-23T23:23:25","slug":"almofada-toile-life-fr-light-gray-50x50","status":"publish","type":"product","link":"https:\/\/staging.aldeco.pt\/pt-pt\/product\/almofada-toile-life-fr-light-gray-50x50\/","title":{"rendered":"ALMOFADA TOILE LIFE FR LIGHT GRAY 50&#215;50"},"content":{"rendered":"<p>Almofada decorativa quadrada com Toile Life. Ap\u00f3s o enorme sucesso dos veludos Life e Sealife, desenvolvemos uma solu\u00e7\u00e3o outdoor para os seus projetos mais exigentes. Este tecido panam\u00e1 estampado com aspecto toile de jouy sobre uma base crua natural. Esta almofada tem fecho oculto e est\u00e1 dispon\u00edvel em diversas combina\u00e7\u00f5es de cores, com ou sem enchimento.<\/p>\n","protected":false},"excerpt":{"rendered":"<p>Almofada decorativa quadrada com Toile Life. Ap\u00f3s o enorme sucesso dos veludos Life e Sealife, desenvolvemos uma solu\u00e7\u00e3o outdoor para os seus projetos mais exigentes. Este tecido panam\u00e1 estampado com aspecto toile de jouy sobre uma base crua natural. Esta almofada tem fecho oculto e est\u00e1 dispon\u00edvel em diversas combina\u00e7\u00f5es de cores, com ou sem enchimento. <\/p>\n<h2>Almofada Toile Life. Ap\u00f3s o enorme sucesso dos veludos Life e Sealife, desenvolvemos uma solu\u00e7\u00e3o outdoor para os seus projetos mais exigentes. Este tecido panam\u00e1 estampado com aspecto toile de jouy sobre uma base crua natural. Esta almofada tem fecho oculto e est\u00e1 dispon\u00edvel em diversas combina\u00e7\u00f5es de cores, com ou sem enchimento.<\/h2>\n<p><img fetchpriority=\"high\" decoding=\"async\" class=\"alignnone wp-image-196250 size-medium\" src=\"https:\/\/aldeco.pt\/staging\/wp-content\/uploads\/2024\/07\/CUSHION-TOILE-LIFE-FR-LIGHT-GRAY-50x50-1-300x241.jpg\" alt=\"Almofada Toile Life Fr Light Gray - Aldeco\" width=\"300\" height=\"241\"><\/p>\n<p><a href=\"https:\/\/aldeco.pt\/staging\/product\/cushion-toile-life-fr-light-gray-50x50\/?attribute_pa_aldeco-color=03-light-gray\">https:\/\/aldeco.pt\/staging\/product\/cushion-toile-life-fr-light-gray-50&#215;50\/?attribute_pa_aldeco-color=03-light-gray<\/a><a href=\"https:\/\/www.instagram.com\/aldeco_interiorfabrics\/\">https:\/\/www.instagram.com\/aldeco_interiorfabrics\/<\/a><\/p>\n","protected":false},"featured_media":196251,"template":"","meta":[],"product_brand":[],"product_cat":[6145],"product_tag":[],"class_list":{"0":"post-198470","1":"product","2":"type-product","3":"status-publish","4":"has-post-thumbnail","6":"product_cat-aldeco-2-pt-pt-2","7":"pa_composition-ext-90-pc-10-li-pt-pt","8":"pa_line-almofadas","9":"pa_range-estampado","10":"pa_range-panama-pt-pt","13":"first","14":"instock","15":"purchasable","16":"product-type-variable"},"acf":[],"_links":{"self":[{"href":"https:\/\/staging.aldeco.pt\/pt-pt\/wp-json\/wp\/v2\/product\/198470","targetHints":{"allow":["GET"]}}],"collection":[{"href":"https:\/\/staging.aldeco.pt\/pt-pt\/wp-json\/wp\/v2\/product"}],"about":[{"href":"https:\/\/staging.aldeco.pt\/pt-pt\/wp-json\/wp\/v2\/types\/product"}],"version-history":[{"count":0,"href":"https:\/\/staging.aldeco.pt\/pt-pt\/wp-json\/wp\/v2\/product\/198470\/revisions"}],"wp:featuredmedia":[{"embeddable":true,"href":"https:\/\/staging.aldeco.pt\/pt-pt\/wp-json\/wp\/v2\/media\/196251"}],"wp:attachment":[{"href":"https:\/\/staging.aldeco.pt\/pt-pt\/wp-json\/wp\/v2\/media?parent=198470"}],"wp:term":[{"taxonomy":"product_brand","embeddable":true,"href":"https:\/\/staging.aldeco.pt\/pt-pt\/wp-json\/wp\/v2\/product_brand?post=198470"},{"taxonomy":"product_cat","embeddable":true,"href":"https:\/\/staging.aldeco.pt\/pt-pt\/wp-json\/wp\/v2\/product_cat?post=198470"},{"taxonomy":"product_tag","embeddable":true,"href":"https:\/\/staging.aldeco.pt\/pt-pt\/wp-json\/wp\/v2\/product_tag?post=198470"}],"curies":[{"name":"wp","href":"https:\/\/api.w.org\/{rel}","templated":true}]}}