{"id":198462,"date":"2024-07-23T23:23:51","date_gmt":"2024-07-23T23:23:51","guid":{"rendered":"https:\/\/aldeco.pt\/staging\/product\/almofada-toile-sealife-fr-linen-50x50\/"},"modified":"2024-08-08T15:12:33","modified_gmt":"2024-08-08T15:12:33","slug":"almofada-toile-sealife-fr-linen-50x50","status":"publish","type":"product","link":"https:\/\/staging.aldeco.pt\/pt-pt\/product\/almofada-toile-sealife-fr-linen-50x50\/","title":{"rendered":"ALMOFADA TOILE SEALIFE FR LINEN 50&#215;50"},"content":{"rendered":"<p>Almofada decorativa quadrada com Toile Sealife. Ap\u00f3s o enorme sucesso dos veludos Life e Sealife, desenvolvemos uma solu\u00e7\u00e3o outdoor para os seus projetos mais exigentes. Este tecido panam\u00e1 estampado com aspecto toile de jouy sobre uma base crua natural Esta almofada tem fecho oculto e est\u00e1 dispon\u00edvel em diversas combina\u00e7\u00f5es de cores, com ou sem enchimento.<\/p>\n","protected":false},"excerpt":{"rendered":"<p>Almofada decorativa quadrada com Toile Sealife. Ap\u00f3s o enorme sucesso dos veludos Life e Sealife, desenvolvemos uma solu\u00e7\u00e3o outdoor para os seus projetos mais exigentes. Este tecido panam\u00e1 estampado com aspecto toile de jouy sobre uma base crua natural Esta almofada tem fecho oculto e est\u00e1 dispon\u00edvel em diversas combina\u00e7\u00f5es de cores, com ou sem enchimento. <\/p>\n<h2>Almofada Toile Sealife. Ap\u00f3s o enorme sucesso dos veludos Life e Sealife, desenvolvemos uma solu\u00e7\u00e3o outdoor para os seus projetos mais exigentes. Este tecido panam\u00e1 estampado com aspecto toile de jouy sobre uma base crua natural Esta almofada tem fecho oculto e est\u00e1 dispon\u00edvel em diversas combina\u00e7\u00f5es de cores, com ou sem enchimento.<\/h2>\n<p><img fetchpriority=\"high\" decoding=\"async\" class=\"alignnone wp-image-196281 size-medium\" src=\"https:\/\/aldeco.pt\/staging\/wp-content\/uploads\/2024\/07\/CUSHION-TOILE-SEALIFE-FR-LINEN-50x50-1-300x241.jpg\" alt=\"Almofada Toile Sealife Fr Linen - Aldeco\" width=\"300\" height=\"241\"><\/p>\n<p><a href=\"https:\/\/aldeco.pt\/staging\/product\/cushion-toile-sealife-fr-linen-50x50\/?attribute_pa_aldeco-color=01-linen\">https:\/\/aldeco.pt\/staging\/product\/cushion-toile-sealife-fr-linen-50&#215;50\/?attribute_pa_aldeco-color=01-linen<\/a><a href=\"https:\/\/www.instagram.com\/aldeco_interiorfabrics\/\">https:\/\/www.instagram.com\/aldeco_interiorfabrics\/<\/a><\/p>\n<p>&nbsp;<\/p>\n<p>&nbsp;<\/p>\n","protected":false},"featured_media":196282,"template":"","meta":[],"product_brand":[],"product_cat":[6145],"product_tag":[],"class_list":{"0":"post-198462","1":"product","2":"type-product","3":"status-publish","4":"has-post-thumbnail","6":"product_cat-aldeco-2-pt-pt-2","7":"pa_composition-ext-90-pc-10-li-pt-pt","8":"pa_line-almofadas","9":"pa_range-estampado","10":"pa_range-panama-pt-pt","13":"first","14":"instock","15":"purchasable","16":"product-type-variable"},"acf":[],"_links":{"self":[{"href":"https:\/\/staging.aldeco.pt\/pt-pt\/wp-json\/wp\/v2\/product\/198462","targetHints":{"allow":["GET"]}}],"collection":[{"href":"https:\/\/staging.aldeco.pt\/pt-pt\/wp-json\/wp\/v2\/product"}],"about":[{"href":"https:\/\/staging.aldeco.pt\/pt-pt\/wp-json\/wp\/v2\/types\/product"}],"version-history":[{"count":1,"href":"https:\/\/staging.aldeco.pt\/pt-pt\/wp-json\/wp\/v2\/product\/198462\/revisions"}],"predecessor-version":[{"id":199086,"href":"https:\/\/staging.aldeco.pt\/pt-pt\/wp-json\/wp\/v2\/product\/198462\/revisions\/199086"}],"wp:featuredmedia":[{"embeddable":true,"href":"https:\/\/staging.aldeco.pt\/pt-pt\/wp-json\/wp\/v2\/media\/196282"}],"wp:attachment":[{"href":"https:\/\/staging.aldeco.pt\/pt-pt\/wp-json\/wp\/v2\/media?parent=198462"}],"wp:term":[{"taxonomy":"product_brand","embeddable":true,"href":"https:\/\/staging.aldeco.pt\/pt-pt\/wp-json\/wp\/v2\/product_brand?post=198462"},{"taxonomy":"product_cat","embeddable":true,"href":"https:\/\/staging.aldeco.pt\/pt-pt\/wp-json\/wp\/v2\/product_cat?post=198462"},{"taxonomy":"product_tag","embeddable":true,"href":"https:\/\/staging.aldeco.pt\/pt-pt\/wp-json\/wp\/v2\/product_tag?post=198462"}],"curies":[{"name":"wp","href":"https:\/\/api.w.org\/{rel}","templated":true}]}}