{"id":198448,"date":"2024-07-23T23:21:54","date_gmt":"2024-07-23T23:21:54","guid":{"rendered":"https:\/\/aldeco.pt\/staging\/product\/almofada-terrasse-fr-marine-blue-50x50-p\/"},"modified":"2024-10-01T10:01:05","modified_gmt":"2024-10-01T10:01:05","slug":"almofada-terrasse-fr-marine-blue-50x50-p","status":"publish","type":"product","link":"https:\/\/staging.aldeco.pt\/pt-pt\/product\/almofada-terrasse-fr-marine-blue-50x50-p\/","title":{"rendered":"ALMOFADA TERRASSE FR MARINE BLUE 50&#215;50 P"},"content":{"rendered":"<p>Almofada decorativa quadrada com frente em Terrasse, costas e vivo em Maison. Tecido Jacquard com motivo geom\u00e9trico inspirado na desconstru\u00e7\u00e3o dos veios da madeira das constru\u00e7\u00f5es t\u00edpicas dos terra\u00e7os na Comporta. Esta almofada tem fecho oculto e est\u00e1 dispon\u00edvel em diversas combina\u00e7\u00f5es de cores, com ou sem enchimento.<\/p>\n","protected":false},"excerpt":{"rendered":"<p>Almofada decorativa quadrada com frente em Terrasse, costas e vivo em Maison. Tecido Jacquard com motivo geom\u00e9trico inspirado na desconstru\u00e7\u00e3o dos veios da madeira das constru\u00e7\u00f5es t\u00edpicas dos terra\u00e7os na Comporta. Esta almofada tem fecho oculto e est\u00e1 dispon\u00edvel em diversas combina\u00e7\u00f5es de cores, com ou sem enchimento.<\/p>\n<h2>Almofada Terrasse Fr, \u00e9 uma almofada de tecido jacquard com motivo geom\u00e9trico inspirado na desconstru\u00e7\u00e3o dos veios da madeira das constru\u00e7\u00f5es t\u00edpicas dos terra\u00e7os da Comporta. Esta almofada tem fecho oculto e est\u00e1 dispon\u00edvel em diversas combina\u00e7\u00f5es de cores, com ou sem enchimento.<\/h2>\n<p><img fetchpriority=\"high\" decoding=\"async\" class=\"alignnone wp-image-196144 size-medium\" src=\"https:\/\/aldeco.pt\/staging\/wp-content\/uploads\/2024\/07\/CUSHION-TERRASSE-FR-MARINE-BLUE-50x50-P-300x241.jpg\" alt=\"Almofada Terrasse Fr Marine Blue - Aldeco\" width=\"300\" height=\"241\" \/><\/p>\n<p><a href=\"https:\/\/aldeco.pt\/staging\/product\/cushion-terrasse-fr-marine-blue-50x50-p\/?attribute_pa_aldeco-color=04-marine-blue\">https:\/\/aldeco.pt\/staging\/product\/cushion-terrasse-fr-marine-blue-50&#215;50-p\/?attribute_pa_aldeco-color=04-marine-blue<\/a><a href=\"https:\/\/www.instagram.com\/aldeco_interiorfabrics\/\">https:\/\/www.instagram.com\/aldeco_interiorfabrics\/<\/a><\/p>\n","protected":false},"featured_media":196145,"template":"","meta":[],"product_brand":[],"product_cat":[6145],"product_tag":[],"class_list":{"0":"post-198448","1":"product","2":"type-product","3":"status-publish","4":"has-post-thumbnail","6":"product_cat-aldeco-2-pt-pt-2","7":"pa_composition-ext-80-pp-20-pl-pt-pt","8":"pa_line-almofadas","11":"first","12":"instock","13":"purchasable","14":"product-type-variable"},"acf":[],"_links":{"self":[{"href":"https:\/\/staging.aldeco.pt\/pt-pt\/wp-json\/wp\/v2\/product\/198448","targetHints":{"allow":["GET"]}}],"collection":[{"href":"https:\/\/staging.aldeco.pt\/pt-pt\/wp-json\/wp\/v2\/product"}],"about":[{"href":"https:\/\/staging.aldeco.pt\/pt-pt\/wp-json\/wp\/v2\/types\/product"}],"version-history":[{"count":1,"href":"https:\/\/staging.aldeco.pt\/pt-pt\/wp-json\/wp\/v2\/product\/198448\/revisions"}],"predecessor-version":[{"id":201021,"href":"https:\/\/staging.aldeco.pt\/pt-pt\/wp-json\/wp\/v2\/product\/198448\/revisions\/201021"}],"wp:featuredmedia":[{"embeddable":true,"href":"https:\/\/staging.aldeco.pt\/pt-pt\/wp-json\/wp\/v2\/media\/196145"}],"wp:attachment":[{"href":"https:\/\/staging.aldeco.pt\/pt-pt\/wp-json\/wp\/v2\/media?parent=198448"}],"wp:term":[{"taxonomy":"product_brand","embeddable":true,"href":"https:\/\/staging.aldeco.pt\/pt-pt\/wp-json\/wp\/v2\/product_brand?post=198448"},{"taxonomy":"product_cat","embeddable":true,"href":"https:\/\/staging.aldeco.pt\/pt-pt\/wp-json\/wp\/v2\/product_cat?post=198448"},{"taxonomy":"product_tag","embeddable":true,"href":"https:\/\/staging.aldeco.pt\/pt-pt\/wp-json\/wp\/v2\/product_tag?post=198448"}],"curies":[{"name":"wp","href":"https:\/\/api.w.org\/{rel}","templated":true}]}}