{"id":198442,"date":"2024-07-23T23:11:58","date_gmt":"2024-07-23T23:11:58","guid":{"rendered":"https:\/\/aldeco.pt\/staging\/product\/almofada-maison-fr-marine-blue-40x40-p\/"},"modified":"2024-09-30T10:00:31","modified_gmt":"2024-09-30T10:00:31","slug":"almofada-maison-fr-marine-blue-40x40-p","status":"publish","type":"product","link":"https:\/\/staging.aldeco.pt\/pt-pt\/product\/almofada-maison-fr-marine-blue-40x40-p\/","title":{"rendered":"ALMOFADA MAISON FR MARINE BLUE 40&#215;40 P"},"content":{"rendered":"<p>Almofada decorativa quadrada com Maison em cores diferentes nas duas faces e Libert\u00e9 no vivo. Tecido tinto em fio de estrutura panam\u00e1 em cores naturais que pode facilmente conjugar com as restantes colec\u00e7\u00f5es In\/Outdoor da Aldeco. Tecido de f\u00e1cil manuten\u00e7\u00e3o, lav\u00e1vel \u00e0 m\u00e1quina sem centrifuga\u00e7\u00e3o e n\u00e3o necessita de passar a ferro mantendo sempre a sua apar\u00eancia impec\u00e1vel. Esta almofada tem fecho oculto e est\u00e1 dispon\u00edvel em diversas combina\u00e7\u00f5es de cores, com ou sem enchimento.<\/p>\n","protected":false},"excerpt":{"rendered":"<p>Almofada decorativa quadrada com Maison em cores diferentes nas duas faces e Libert\u00e9 no vivo. Tecido tinto em fio de estrutura panam\u00e1 em cores naturais que pode facilmente conjugar com as restantes colec\u00e7\u00f5es In\/Outdoor da Aldeco. Tecido de f\u00e1cil manuten\u00e7\u00e3o, lav\u00e1vel \u00e0 m\u00e1quina sem centrifuga\u00e7\u00e3o e n\u00e3o necessita de passar a ferro mantendo sempre a sua apar\u00eancia impec\u00e1vel. Esta almofada tem fecho oculto e est\u00e1 dispon\u00edvel em diversas combina\u00e7\u00f5es de cores, com ou sem enchimento.<\/p>\n<h2>Almofada Cushion MAISON IN\/OUTDOOR FR \u00e9 uma almofada em tecido tinto em fio de estrutura panam\u00e1 em cores naturais que pode facilmente conjugar com as restantes colec\u00e7\u00f5es In\/Outdoor da Aldeco. Tecido de f\u00e1cil manuten\u00e7\u00e3o, lav\u00e1vel \u00e0 m\u00e1quina sem centrifuga\u00e7\u00e3o e n\u00e3o necessita de passar a ferro mantendo sempre a sua apar\u00eancia impec\u00e1vel. Esta almofada tem fecho oculto e est\u00e1 dispon\u00edvel em diversas combina\u00e7\u00f5es de cores, com ou sem enchimento.<\/h2>\n<p><img fetchpriority=\"high\" decoding=\"async\" class=\"alignnone wp-image-196128 size-medium\" src=\"https:\/\/aldeco.pt\/staging\/wp-content\/uploads\/2024\/07\/CUSHION-MAISON-FR-MARINE-BLUE-40x40-P-300x241.jpg\" alt=\"Almofada Maison Fr Marine Blue - Aldeco\" width=\"300\" height=\"241\" \/><\/p>\n<p><a href=\"https:\/\/aldeco.pt\/staging\/product\/cushion-maison-fr-marine-blue-40x40-p\/?attribute_pa_aldeco-color=06-marine-blue\">https:\/\/aldeco.pt\/staging\/product\/cushion-maison-fr-marine-blue-40&#215;40-p\/?attribute_pa_aldeco-color=06-marine-blue<\/a><a href=\"https:\/\/www.instagram.com\/aldeco_interiorfabrics\/\">https:\/\/www.instagram.com\/aldeco_interiorfabrics\/<\/a><\/p>\n","protected":false},"featured_media":196129,"template":"","meta":[],"product_brand":[],"product_cat":[6145],"product_tag":[],"class_list":{"0":"post-198442","1":"product","2":"type-product","3":"status-publish","4":"has-post-thumbnail","6":"product_cat-aldeco-2-pt-pt-2","7":"pa_composition-ext-100-pp-pt-pt","8":"pa_line-almofadas","9":"pa_range-liso","12":"first","13":"instock","14":"purchasable","15":"product-type-variable"},"acf":[],"_links":{"self":[{"href":"https:\/\/staging.aldeco.pt\/pt-pt\/wp-json\/wp\/v2\/product\/198442","targetHints":{"allow":["GET"]}}],"collection":[{"href":"https:\/\/staging.aldeco.pt\/pt-pt\/wp-json\/wp\/v2\/product"}],"about":[{"href":"https:\/\/staging.aldeco.pt\/pt-pt\/wp-json\/wp\/v2\/types\/product"}],"version-history":[{"count":1,"href":"https:\/\/staging.aldeco.pt\/pt-pt\/wp-json\/wp\/v2\/product\/198442\/revisions"}],"predecessor-version":[{"id":200942,"href":"https:\/\/staging.aldeco.pt\/pt-pt\/wp-json\/wp\/v2\/product\/198442\/revisions\/200942"}],"wp:featuredmedia":[{"embeddable":true,"href":"https:\/\/staging.aldeco.pt\/pt-pt\/wp-json\/wp\/v2\/media\/196129"}],"wp:attachment":[{"href":"https:\/\/staging.aldeco.pt\/pt-pt\/wp-json\/wp\/v2\/media?parent=198442"}],"wp:term":[{"taxonomy":"product_brand","embeddable":true,"href":"https:\/\/staging.aldeco.pt\/pt-pt\/wp-json\/wp\/v2\/product_brand?post=198442"},{"taxonomy":"product_cat","embeddable":true,"href":"https:\/\/staging.aldeco.pt\/pt-pt\/wp-json\/wp\/v2\/product_cat?post=198442"},{"taxonomy":"product_tag","embeddable":true,"href":"https:\/\/staging.aldeco.pt\/pt-pt\/wp-json\/wp\/v2\/product_tag?post=198442"}],"curies":[{"name":"wp","href":"https:\/\/api.w.org\/{rel}","templated":true}]}}