{"id":198434,"date":"2024-07-23T23:11:42","date_gmt":"2024-07-23T23:11:42","guid":{"rendered":"https:\/\/aldeco.pt\/staging\/product\/almofada-lumiere-velvet-riverside-gold-blue-50x50-p\/"},"modified":"2024-07-23T23:11:42","modified_gmt":"2024-07-23T23:11:42","slug":"almofada-lumiere-velvet-riverside-gold-blue-50x50-p","status":"publish","type":"product","link":"https:\/\/staging.aldeco.pt\/pt-pt\/product\/almofada-lumiere-velvet-riverside-gold-blue-50x50-p\/","title":{"rendered":"ALMOFADA LUMI\u00c9RE VELVET RIVERSIDE GOLD BLUE 50&#215;50 P"},"content":{"rendered":"<p>Almofada quadrada decorativa em veludo Lumi\u00e9re Velvet na frente e com Si\u00e9ge Velvet nas costas e vivo. Veludo jacquard cardado com um detalhado desenho geom\u00e9trico. A combina\u00e7\u00e3o de cores presente em cada refer\u00eancia \u00e9 enriquecida pelo efeito torcido de um fio brilhante que contrasta com o resto do design, tornando-o simplesmente irresist\u00edvel. Esta almofada tem fecho oculto e est\u00e1 dispon\u00edvel em diversas combina\u00e7\u00f5es de cores, com ou sem enchimento.<\/p>\n","protected":false},"excerpt":{"rendered":"<p>Almofada quadrada decorativa em veludo Lumi\u00e9re Velvet na frente e com Si\u00e9ge Velvet nas costas e vivo. Veludo jacquard cardado com um detalhado desenho geom\u00e9trico. A combina\u00e7\u00e3o de cores presente em cada refer\u00eancia \u00e9 enriquecida pelo efeito torcido de um fio brilhante que contrasta com o resto do design, tornando-o simplesmente irresist\u00edvel. Esta almofada tem fecho oculto e est\u00e1 dispon\u00edvel em diversas combina\u00e7\u00f5es de cores, com ou sem enchimento. <\/p>\n<h2>Almofada Lumi\u00e9re Velvet na frente e com Si\u00e9ge Velvet nas costas e vivo. Veludo jacquard cardado com um detalhado desenho geom\u00e9trico. A combina\u00e7\u00e3o de cores presente em cada refer\u00eancia \u00e9 enriquecida pelo efeito torcido de um fio brilhante que contrasta com o resto do design, tornando-o simplesmente irresist\u00edvel. Esta almofada tem fecho oculto e est\u00e1 dispon\u00edvel em diversas combina\u00e7\u00f5es de cores, com ou sem enchimento.<\/h2>\n<p><img fetchpriority=\"high\" decoding=\"async\" class=\"alignnone wp-image-196216 size-medium\" src=\"https:\/\/aldeco.pt\/staging\/wp-content\/uploads\/2024\/07\/CUSHION-LUMIERE-VELVET-RIVERSIDE-GOLD-BLUE-50x50-P-300x241.jpg\" alt=\"Almofada Lumi\u00e9re Velvet Riverside Gold Blue - Aldeco\" width=\"300\" height=\"241\"><\/p>\n<p><a href=\"https:\/\/aldeco.pt\/staging\/product\/cushion-lumiere-velvet-riverside-gold-blue-50x50-p\/?attribute_pa_aldeco-color=04-riverside-gold-blue\">https:\/\/aldeco.pt\/staging\/product\/cushion-lumiere-velvet-riverside-gold-blue-50&#215;50-p\/?attribute_pa_aldeco-color=04-riverside-gold-blue<\/a><a href=\"https:\/\/www.instagram.com\/aldeco_interiorfabrics\/\">https:\/\/www.instagram.com\/aldeco_interiorfabrics\/<\/a><\/p>\n","protected":false},"featured_media":196217,"template":"","meta":[],"product_brand":[],"product_cat":[6145],"product_tag":[],"class_list":{"0":"post-198434","1":"product","2":"type-product","3":"status-publish","4":"has-post-thumbnail","6":"product_cat-aldeco-2-pt-pt-2","7":"pa_composition-ext-67-vi-33-pl-pt-pt","8":"pa_line-almofadas","9":"pa_range-veludo","12":"first","13":"instock","14":"purchasable","15":"product-type-variable"},"acf":[],"_links":{"self":[{"href":"https:\/\/staging.aldeco.pt\/pt-pt\/wp-json\/wp\/v2\/product\/198434","targetHints":{"allow":["GET"]}}],"collection":[{"href":"https:\/\/staging.aldeco.pt\/pt-pt\/wp-json\/wp\/v2\/product"}],"about":[{"href":"https:\/\/staging.aldeco.pt\/pt-pt\/wp-json\/wp\/v2\/types\/product"}],"version-history":[{"count":0,"href":"https:\/\/staging.aldeco.pt\/pt-pt\/wp-json\/wp\/v2\/product\/198434\/revisions"}],"wp:featuredmedia":[{"embeddable":true,"href":"https:\/\/staging.aldeco.pt\/pt-pt\/wp-json\/wp\/v2\/media\/196217"}],"wp:attachment":[{"href":"https:\/\/staging.aldeco.pt\/pt-pt\/wp-json\/wp\/v2\/media?parent=198434"}],"wp:term":[{"taxonomy":"product_brand","embeddable":true,"href":"https:\/\/staging.aldeco.pt\/pt-pt\/wp-json\/wp\/v2\/product_brand?post=198434"},{"taxonomy":"product_cat","embeddable":true,"href":"https:\/\/staging.aldeco.pt\/pt-pt\/wp-json\/wp\/v2\/product_cat?post=198434"},{"taxonomy":"product_tag","embeddable":true,"href":"https:\/\/staging.aldeco.pt\/pt-pt\/wp-json\/wp\/v2\/product_tag?post=198434"}],"curies":[{"name":"wp","href":"https:\/\/api.w.org\/{rel}","templated":true}]}}