{"id":198366,"date":"2024-07-23T23:09:58","date_gmt":"2024-07-23T23:09:58","guid":{"rendered":"https:\/\/aldeco.pt\/staging\/product\/almofada-liberte-fr-white-gray-50x50-p\/"},"modified":"2024-07-23T23:09:58","modified_gmt":"2024-07-23T23:09:58","slug":"almofada-liberte-fr-white-gray-50x50-p","status":"publish","type":"product","link":"https:\/\/staging.aldeco.pt\/pt-pt\/product\/almofada-liberte-fr-white-gray-50x50-p\/","title":{"rendered":"ALMOFADA LIBERT\u00c9 FR WHITE GRAY 50&#215;50 P"},"content":{"rendered":"<p>Almofada quadrada decorativa com tecido Maison no verso e vivo. Tecido jacquard com motivo geom\u00e9trico consistindo numa reinterpreta\u00e7\u00e3o do cl\u00e1ssico pied-de-poule. Com elevada resist\u00eancia \u00e0 abras\u00e3o e \u00e0 luz solar como a restante cole\u00e7\u00e3o, Libert\u00e9 In\/Outdoor \u00e9 simplesmente irresist\u00edvel e intemporal. Esta almofada tem fecho oculto e est\u00e1 dispon\u00edvel em diversas combina\u00e7\u00f5es de cores, com ou sem enchimento.<\/p>\n","protected":false},"excerpt":{"rendered":"<p>Almofada quadrada decorativa com tecido Maison no verso e vivo. Tecido jacquard com motivo geom\u00e9trico consistindo numa reinterpreta\u00e7\u00e3o do cl\u00e1ssico pied-de-poule. Com elevada resist\u00eancia \u00e0 abras\u00e3o e \u00e0 luz solar como a restante cole\u00e7\u00e3o, Libert\u00e9 In\/Outdoor \u00e9 simplesmente irresist\u00edvel e intemporal. Esta almofada tem fecho oculto e est\u00e1 dispon\u00edvel em diversas combina\u00e7\u00f5es de cores, com ou sem enchimento. <\/p>\n<h2>com tecido Maison no verso e vivo. Tecido jacquard com motivo geom\u00e9trico consistindo numa reinterpreta\u00e7\u00e3o do cl\u00e1ssico pied-de-poule. Com elevada resist\u00eancia \u00e0 abras\u00e3o e \u00e0 luz solar como a restante cole\u00e7\u00e3o, Libert\u00e9 In\/Outdoor \u00e9 simplesmente irresist\u00edvel e intemporal. Esta almofada tem fecho oculto e est\u00e1 dispon\u00edvel em diversas combina\u00e7\u00f5es de cores, com ou sem enchimento.<\/h2>\n<p><img fetchpriority=\"high\" decoding=\"async\" class=\"alignnone wp-image-196099 size-medium\" src=\"https:\/\/aldeco.pt\/staging\/wp-content\/uploads\/2024\/07\/CUSHION-LIBERTE-FR-WHITE-GRAY-50x50-P-300x241.jpg\" alt=\"Almofada Libert\u00e9 Fr White Gray - Aldeco\" width=\"300\" height=\"241\"><\/p>\n<p><a href=\"https:\/\/aldeco.pt\/staging\/product\/cushion-liberte-fr-white-gray-50x50-p\/?attribute_pa_aldeco-color=02-white-gray\">https:\/\/aldeco.pt\/staging\/product\/cushion-liberte-fr-white-gray-50&#215;50-p\/?attribute_pa_aldeco-color=02-white-gray<\/a><a href=\"https:\/\/www.instagram.com\/aldeco_interiorfabrics\/\">https:\/\/www.instagram.com\/aldeco_interiorfabrics\/<\/a><\/p>\n","protected":false},"featured_media":196100,"template":"","meta":[],"product_brand":[],"product_cat":[6145],"product_tag":[],"class_list":{"0":"post-198366","1":"product","2":"type-product","3":"status-publish","4":"has-post-thumbnail","6":"product_cat-aldeco-2-pt-pt-2","7":"pa_composition-ext-80-pp-20-pl-pt-pt","8":"pa_line-almofadas","11":"first","12":"instock","13":"purchasable","14":"product-type-variable"},"acf":[],"_links":{"self":[{"href":"https:\/\/staging.aldeco.pt\/pt-pt\/wp-json\/wp\/v2\/product\/198366","targetHints":{"allow":["GET"]}}],"collection":[{"href":"https:\/\/staging.aldeco.pt\/pt-pt\/wp-json\/wp\/v2\/product"}],"about":[{"href":"https:\/\/staging.aldeco.pt\/pt-pt\/wp-json\/wp\/v2\/types\/product"}],"version-history":[{"count":0,"href":"https:\/\/staging.aldeco.pt\/pt-pt\/wp-json\/wp\/v2\/product\/198366\/revisions"}],"wp:featuredmedia":[{"embeddable":true,"href":"https:\/\/staging.aldeco.pt\/pt-pt\/wp-json\/wp\/v2\/media\/196100"}],"wp:attachment":[{"href":"https:\/\/staging.aldeco.pt\/pt-pt\/wp-json\/wp\/v2\/media?parent=198366"}],"wp:term":[{"taxonomy":"product_brand","embeddable":true,"href":"https:\/\/staging.aldeco.pt\/pt-pt\/wp-json\/wp\/v2\/product_brand?post=198366"},{"taxonomy":"product_cat","embeddable":true,"href":"https:\/\/staging.aldeco.pt\/pt-pt\/wp-json\/wp\/v2\/product_cat?post=198366"},{"taxonomy":"product_tag","embeddable":true,"href":"https:\/\/staging.aldeco.pt\/pt-pt\/wp-json\/wp\/v2\/product_tag?post=198366"}],"curies":[{"name":"wp","href":"https:\/\/api.w.org\/{rel}","templated":true}]}}