{"id":198356,"date":"2024-07-23T22:59:19","date_gmt":"2024-07-23T22:59:19","guid":{"rendered":"https:\/\/aldeco.pt\/staging\/product\/almofada-carousel-cord-white-taupe-50x50-p\/"},"modified":"2024-10-02T09:43:10","modified_gmt":"2024-10-02T09:43:10","slug":"almofada-carousel-cord-white-taupe-50x50-p","status":"publish","type":"product","link":"https:\/\/staging.aldeco.pt\/pt-pt\/product\/almofada-carousel-cord-white-taupe-50x50-p\/","title":{"rendered":"ALMOFADA CAROUSEL CORD WHITE TAUPE 50&#215;50 P"},"content":{"rendered":"<p>Almofada quadrada rica e elegante confeccionada em Carousel Cord que representa a constru\u00e7\u00e3o simples e \u00fanica de uma corda de forma torcida, limpa e organizada. Este elemento est\u00e1 presente nos var\u00f5es dos carroceis e \u00e9 representado de forma bastante \u00fanica e arquitet\u00f3nica. Cada cor possui 3 cores de fios diferentes, o que facilita a mistura e a combina\u00e7\u00e3o com o resto da decora\u00e7\u00e3o. Esta almofada apresenta tecido jacquard na frente e cetim Fondant nas costas e vivo na cor correspondente e possui fecho oculto, est\u00e1 dispon\u00edvel em diversas combina\u00e7\u00f5es de cores, com ou sem enchimento.<\/p>\n","protected":false},"excerpt":{"rendered":"<p>Almofada quadrada rica e elegante confeccionada em Carousel Cord que representa a constru\u00e7\u00e3o simples e \u00fanica de uma corda de forma torcida, limpa e organizada. Este elemento est\u00e1 presente nos var\u00f5es dos carroceis e \u00e9 representado de forma bastante \u00fanica e arquitet\u00f3nica. Cada cor possui 3 cores de fios diferentes, o que facilita a mistura e a combina\u00e7\u00e3o com o resto da decora\u00e7\u00e3o. Esta almofada apresenta tecido jacquard na frente e cetim Fondant nas costas e vivo na cor correspondente e possui fecho oculto, est\u00e1 dispon\u00edvel em diversas combina\u00e7\u00f5es de cores, com ou sem enchimento.<\/p>\n<h2>Almofada Carousel Cord, representa a constru\u00e7\u00e3o simples e \u00fanica de uma corda de forma torcida, limpa e organizada. Este elemento est\u00e1 presente nos var\u00f5es dos carroceis e \u00e9 representado de forma bastante \u00fanica e arquitet\u00f3nica. Cada cor possui 3 cores de fios diferentes, o que facilita a mistura e a combina\u00e7\u00e3o com o resto da decora\u00e7\u00e3o. Esta almofada apresenta tecido jacquard na frente e cetim Fondant nas costas e vivo na cor correspondente e possui fecho oculto, est\u00e1 dispon\u00edvel em diversas combina\u00e7\u00f5es de cores, com ou sem enchimento.<\/h2>\n<p><img fetchpriority=\"high\" decoding=\"async\" class=\"alignnone wp-image-196067 size-medium\" src=\"https:\/\/aldeco.pt\/staging\/wp-content\/uploads\/2024\/07\/CUSHION-CAROUSEL-CORD-WHITE-TAUPE-50x50-P-300x241.jpg\" alt=\"Almofada Carousel Cord White Taupe - Aldeco\" width=\"300\" height=\"241\" \/><\/p>\n<p><a href=\"https:\/\/aldeco.pt\/staging\/product\/cushion-carousel-cord-white-taupe-50x50-p\/?attribute_pa_aldeco-color=02-white-taupe\">https:\/\/aldeco.pt\/staging\/product\/cushion-carousel-cord-white-taupe-50&#215;50-p\/?attribute_pa_aldeco-color=02-white-taupe<\/a><a href=\"https:\/\/www.instagram.com\/aldeco_interiorfabrics\/\">https:\/\/www.instagram.com\/aldeco_interiorfabrics\/<\/a><\/p>\n","protected":false},"featured_media":196068,"template":"","meta":[],"product_brand":[],"product_cat":[6145],"product_tag":[],"class_list":{"0":"post-198356","1":"product","2":"type-product","3":"status-publish","4":"has-post-thumbnail","6":"product_cat-aldeco-2-pt-pt-2","7":"pa_composition-ext-23-pa-77-vi-pt-pt","8":"pa_line-almofadas","9":"pa_range-cetim","12":"first","13":"instock","14":"purchasable","15":"product-type-variable"},"acf":[],"_links":{"self":[{"href":"https:\/\/staging.aldeco.pt\/pt-pt\/wp-json\/wp\/v2\/product\/198356","targetHints":{"allow":["GET"]}}],"collection":[{"href":"https:\/\/staging.aldeco.pt\/pt-pt\/wp-json\/wp\/v2\/product"}],"about":[{"href":"https:\/\/staging.aldeco.pt\/pt-pt\/wp-json\/wp\/v2\/types\/product"}],"version-history":[{"count":1,"href":"https:\/\/staging.aldeco.pt\/pt-pt\/wp-json\/wp\/v2\/product\/198356\/revisions"}],"predecessor-version":[{"id":201790,"href":"https:\/\/staging.aldeco.pt\/pt-pt\/wp-json\/wp\/v2\/product\/198356\/revisions\/201790"}],"wp:featuredmedia":[{"embeddable":true,"href":"https:\/\/staging.aldeco.pt\/pt-pt\/wp-json\/wp\/v2\/media\/196068"}],"wp:attachment":[{"href":"https:\/\/staging.aldeco.pt\/pt-pt\/wp-json\/wp\/v2\/media?parent=198356"}],"wp:term":[{"taxonomy":"product_brand","embeddable":true,"href":"https:\/\/staging.aldeco.pt\/pt-pt\/wp-json\/wp\/v2\/product_brand?post=198356"},{"taxonomy":"product_cat","embeddable":true,"href":"https:\/\/staging.aldeco.pt\/pt-pt\/wp-json\/wp\/v2\/product_cat?post=198356"},{"taxonomy":"product_tag","embeddable":true,"href":"https:\/\/staging.aldeco.pt\/pt-pt\/wp-json\/wp\/v2\/product_tag?post=198356"}],"curies":[{"name":"wp","href":"https:\/\/api.w.org\/{rel}","templated":true}]}}