{"id":198334,"date":"2024-07-23T22:55:42","date_gmt":"2024-07-23T22:55:42","guid":{"rendered":"https:\/\/aldeco.pt\/staging\/product\/almofada-belle-tweed-marine-green-60x30-p\/"},"modified":"2024-10-01T13:41:50","modified_gmt":"2024-10-01T13:41:50","slug":"almofada-belle-tweed-marine-green-60x30-p","status":"publish","type":"product","link":"https:\/\/staging.aldeco.pt\/pt-pt\/product\/almofada-belle-tweed-marine-green-60x30-p\/","title":{"rendered":"ALMOFADA BELLE TWEED MARINE GREEN 60&#215;30 P"},"content":{"rendered":"<p>Inspirado nos cl\u00e1ssicos e elegantes tweeds, esta incr\u00edvel almofada decorativa remete-nos para um ambiente sofisticado, mas relaxante com a sua mescla de cores cuidadosamente selecionadas. O verso apresenta-se no tecido MAISON, uma base panam\u00e1 numa cor correspondente assim como o vivo. Esta almofada retangular possui fecho oculto est\u00e1 dispon\u00edvel em diversas combina\u00e7\u00f5es de cores, com ou sem enchimento.<\/p>\n","protected":false},"excerpt":{"rendered":"<p>Inspirado nos cl\u00e1ssicos e elegantes tweeds, esta incr\u00edvel almofada decorativa remete-nos para um ambiente sofisticado, mas relaxante com a sua mescla de cores cuidadosamente selecionadas. O verso apresenta-se no tecido MAISON, uma base panam\u00e1 numa cor correspondente assim como o vivo. Esta almofada retangular possui fecho oculto est\u00e1 dispon\u00edvel em diversas combina\u00e7\u00f5es de cores, com ou sem enchimento.<\/p>\n<h2>Almofada Belle Tweed, o verso apresenta-se no tecido MAISON, uma base panam\u00e1 numa cor correspondente assim como o vivo. Esta almofada retangular possui fecho oculto est\u00e1 dispon\u00edvel em diversas combina\u00e7\u00f5es de cores, com ou sem enchimento.<\/h2>\n<p><img fetchpriority=\"high\" decoding=\"async\" class=\"alignnone wp-image-196003 size-medium\" src=\"https:\/\/aldeco.pt\/staging\/wp-content\/uploads\/2024\/07\/CUSHION-BELLE-TWEED-MARINE-GREEN-60x30-P-300x241.jpg\" alt=\"Almofada Belle Tweed Marine Green - Aldeco\" width=\"300\" height=\"241\" \/><\/p>\n<p><a href=\"https:\/\/aldeco.pt\/staging\/product\/cushion-belle-tweed-marine-green-60x30-p\/?attribute_pa_aldeco-color=04-marine-green\">https:\/\/aldeco.pt\/staging\/product\/cushion-belle-tweed-marine-green-60&#215;30-p\/?attribute_pa_aldeco-color=04-marine-green<\/a><a href=\"https:\/\/www.instagram.com\/aldeco_interiorfabrics\/\">https:\/\/www.instagram.com\/aldeco_interiorfabrics\/<\/a><\/p>\n","protected":false},"featured_media":196004,"template":"","meta":[],"product_brand":[],"product_cat":[6145],"product_tag":[],"class_list":{"0":"post-198334","1":"product","2":"type-product","3":"status-publish","4":"has-post-thumbnail","6":"product_cat-aldeco-2-pt-pt-2","7":"pa_composition-ext-80-pp-20-pl-pt-pt","8":"pa_line-almofadas","9":"pa_range-jacquard-pt-pt","12":"first","13":"instock","14":"purchasable","15":"product-type-variable"},"acf":[],"_links":{"self":[{"href":"https:\/\/staging.aldeco.pt\/pt-pt\/wp-json\/wp\/v2\/product\/198334","targetHints":{"allow":["GET"]}}],"collection":[{"href":"https:\/\/staging.aldeco.pt\/pt-pt\/wp-json\/wp\/v2\/product"}],"about":[{"href":"https:\/\/staging.aldeco.pt\/pt-pt\/wp-json\/wp\/v2\/types\/product"}],"version-history":[{"count":2,"href":"https:\/\/staging.aldeco.pt\/pt-pt\/wp-json\/wp\/v2\/product\/198334\/revisions"}],"predecessor-version":[{"id":201634,"href":"https:\/\/staging.aldeco.pt\/pt-pt\/wp-json\/wp\/v2\/product\/198334\/revisions\/201634"}],"wp:featuredmedia":[{"embeddable":true,"href":"https:\/\/staging.aldeco.pt\/pt-pt\/wp-json\/wp\/v2\/media\/196004"}],"wp:attachment":[{"href":"https:\/\/staging.aldeco.pt\/pt-pt\/wp-json\/wp\/v2\/media?parent=198334"}],"wp:term":[{"taxonomy":"product_brand","embeddable":true,"href":"https:\/\/staging.aldeco.pt\/pt-pt\/wp-json\/wp\/v2\/product_brand?post=198334"},{"taxonomy":"product_cat","embeddable":true,"href":"https:\/\/staging.aldeco.pt\/pt-pt\/wp-json\/wp\/v2\/product_cat?post=198334"},{"taxonomy":"product_tag","embeddable":true,"href":"https:\/\/staging.aldeco.pt\/pt-pt\/wp-json\/wp\/v2\/product_tag?post=198334"}],"curies":[{"name":"wp","href":"https:\/\/api.w.org\/{rel}","templated":true}]}}