{"id":198331,"date":"2024-07-23T22:55:38","date_gmt":"2024-07-23T22:55:38","guid":{"rendered":"https:\/\/aldeco.pt\/staging\/product\/almofada-belle-tweed-linen-riverside-50x50-p\/"},"modified":"2024-10-01T13:43:20","modified_gmt":"2024-10-01T13:43:20","slug":"almofada-belle-tweed-linen-riverside-50x50-p","status":"publish","type":"product","link":"https:\/\/staging.aldeco.pt\/pt-pt\/product\/almofada-belle-tweed-linen-riverside-50x50-p\/","title":{"rendered":"ALMOFADA BELLE TWEED LINEN RIVERSIDE 50&#215;50 P"},"content":{"rendered":"<p>Inspirado nos cl\u00e1ssicos e elegantes tweeds, esta incr\u00edvel almofada decorativa remete-nos para um ambiente sofisticado, mas relaxante com a sua mescla de cores cuidadosamente selecionadas. O verso apresenta-se no tecido MAISON, uma base panam\u00e1 numa cor correspondente assim como o vivo. Esta almofada tem fecho oculto e est\u00e1 dispon\u00edvel em diversas combina\u00e7\u00f5es de cores, com ou sem enchimento.<\/p>\n","protected":false},"excerpt":{"rendered":"<p>Inspirado nos cl\u00e1ssicos e elegantes tweeds, esta incr\u00edvel almofada decorativa remete-nos para um ambiente sofisticado, mas relaxante com a sua mescla de cores cuidadosamente selecionadas. O verso apresenta-se no tecido MAISON, uma base panam\u00e1 numa cor correspondente assim como o vivo. Esta almofada tem fecho oculto e est\u00e1 dispon\u00edvel em diversas combina\u00e7\u00f5es de cores, com ou sem enchimento.<\/p>\n<h2>Almofada Belle Tweed, o verso apresenta-se no tecido MAISON, uma base panam\u00e1 numa cor correspondente assim como o vivo. Esta almofada tem fecho oculto e est\u00e1 dispon\u00edvel em diversas combina\u00e7\u00f5es de cores, com ou sem enchimento.<\/h2>\n<p><img fetchpriority=\"high\" decoding=\"async\" class=\"alignnone wp-image-195997 size-medium\" src=\"https:\/\/aldeco.pt\/staging\/wp-content\/uploads\/2024\/07\/CUSHION-BELLE-TWEED-LINEN-RIVERSIDE-50x50-P-300x241.jpg\" alt=\"Almofadas Belle Tweed Linen Riverside - Aldeco\" width=\"300\" height=\"241\" \/><\/p>\n<p><a href=\"https:\/\/aldeco.pt\/staging\/product\/cushion-belle-tweed-linen-riverside-50x50-p\/?attribute_pa_aldeco-color=02-linen-riverside\">https:\/\/aldeco.pt\/staging\/product\/cushion-belle-tweed-linen-riverside-50&#215;50-p\/?attribute_pa_aldeco-color=02-linen-riverside<\/a><a href=\"https:\/\/www.instagram.com\/aldeco_interiorfabrics\/\">https:\/\/www.instagram.com\/aldeco_interiorfabrics\/<\/a><\/p>\n","protected":false},"featured_media":195998,"template":"","meta":[],"product_brand":[],"product_cat":[6145],"product_tag":[],"class_list":{"0":"post-198331","1":"product","2":"type-product","3":"status-publish","4":"has-post-thumbnail","6":"product_cat-aldeco-2-pt-pt-2","7":"pa_composition-ext-80-pp-20-pl-pt-pt","8":"pa_line-almofadas","9":"pa_range-jacquard-pt-pt","12":"first","13":"instock","14":"purchasable","15":"product-type-variable"},"acf":[],"_links":{"self":[{"href":"https:\/\/staging.aldeco.pt\/pt-pt\/wp-json\/wp\/v2\/product\/198331","targetHints":{"allow":["GET"]}}],"collection":[{"href":"https:\/\/staging.aldeco.pt\/pt-pt\/wp-json\/wp\/v2\/product"}],"about":[{"href":"https:\/\/staging.aldeco.pt\/pt-pt\/wp-json\/wp\/v2\/types\/product"}],"version-history":[{"count":1,"href":"https:\/\/staging.aldeco.pt\/pt-pt\/wp-json\/wp\/v2\/product\/198331\/revisions"}],"predecessor-version":[{"id":201633,"href":"https:\/\/staging.aldeco.pt\/pt-pt\/wp-json\/wp\/v2\/product\/198331\/revisions\/201633"}],"wp:featuredmedia":[{"embeddable":true,"href":"https:\/\/staging.aldeco.pt\/pt-pt\/wp-json\/wp\/v2\/media\/195998"}],"wp:attachment":[{"href":"https:\/\/staging.aldeco.pt\/pt-pt\/wp-json\/wp\/v2\/media?parent=198331"}],"wp:term":[{"taxonomy":"product_brand","embeddable":true,"href":"https:\/\/staging.aldeco.pt\/pt-pt\/wp-json\/wp\/v2\/product_brand?post=198331"},{"taxonomy":"product_cat","embeddable":true,"href":"https:\/\/staging.aldeco.pt\/pt-pt\/wp-json\/wp\/v2\/product_cat?post=198331"},{"taxonomy":"product_tag","embeddable":true,"href":"https:\/\/staging.aldeco.pt\/pt-pt\/wp-json\/wp\/v2\/product_tag?post=198331"}],"curies":[{"name":"wp","href":"https:\/\/api.w.org\/{rel}","templated":true}]}}