{"id":198327,"date":"2024-07-23T23:26:09","date_gmt":"2024-07-23T23:26:09","guid":{"rendered":"https:\/\/aldeco.pt\/staging\/product\/almofada-wild-thing-wild-white-50x50-ox\/"},"modified":"2024-10-07T09:40:13","modified_gmt":"2024-10-07T09:40:13","slug":"almofada-wild-thing-wild-white-50x50-ox","status":"publish","type":"product","link":"https:\/\/staging.aldeco.pt\/pt-pt\/product\/almofada-wild-thing-wild-white-50x50-ox\/","title":{"rendered":"ALMOFADA WILD THING WILD WHITE 50&#215;50 OX"},"content":{"rendered":"<p>Almofada decorativa quadrada com oxford de 1 cm em tecido Wild Thing. Wild Thing \u00e9 um tecido jacquard com fio texturado de efeito boucl\u00e9 e com um aspecto selvagem. Adicionando uma nova gama de cores naturais e modernas a este magn\u00edfico tecido para estofamento, eles s\u00e3o ricos e o fundo contrasta com a pilha para enfatizar o efeito chevron Esta almofada tem fecho oculto e est\u00e1 dispon\u00edvel em diversas combina\u00e7\u00f5es de cores, com ou sem enchimento.<\/p>\n","protected":false},"excerpt":{"rendered":"<p>Almofada decorativa quadrada com oxford de 1 cm em tecido Wild Thing. Wild Thing \u00e9 um tecido jacquard com fio texturado de efeito boucl\u00e9 e com um aspecto selvagem. Adicionando uma nova gama de cores naturais e modernas a este magn\u00edfico tecido para estofamento, eles s\u00e3o ricos e o fundo contrasta com a pilha para enfatizar o efeito chevron Esta almofada tem fecho oculto e est\u00e1 dispon\u00edvel em diversas combina\u00e7\u00f5es de cores, com ou sem enchimento.<\/p>\n<h2>Almofada Wild Thing \u00e9 um tecido jacquard com fio texturizado com efeito boucl\u00e9 e aspecto selvagem.<\/h2>\n<p><img fetchpriority=\"high\" decoding=\"async\" class=\"alignnone wp-image-196882 size-medium\" src=\"https:\/\/aldeco.pt\/staging\/wp-content\/uploads\/2024\/07\/CUSHION-WILD-THING-WILD-WHITE-50x50-OX-300x241.jpg\" alt=\"Almofada Wild Thing Wild White - Aldeco\" width=\"300\" height=\"241\" \/><\/p>\n<p><a href=\"https:\/\/aldeco.pt\/staging\/product\/cushion-wild-thing-wild-white-50x50-ox\/?attribute_pa_aldeco-color=01-wild-white\">https:\/\/aldeco.pt\/staging\/product\/cushion-wild-thing-wild-white-50&#215;50-ox\/?attribute_pa_aldeco-color=01-wild-white<\/a><a href=\"https:\/\/www.instagram.com\/aldeco_interiorfabrics\/\">https:\/\/www.instagram.com\/aldeco_interiorfabrics\/<\/a><\/p>\n","protected":false},"featured_media":196883,"template":"","meta":[],"product_brand":[],"product_cat":[6145],"product_tag":[],"class_list":{"0":"post-198327","1":"product","2":"type-product","3":"status-publish","4":"has-post-thumbnail","6":"product_cat-aldeco-2-pt-pt-2","7":"pa_composition-ext-65-co-16-pl-13-vi-6-li-pt-pt","8":"pa_line-almofadas","9":"pa_range-boucle-pt-pt","10":"pa_range-jacquard-pt-pt","13":"first","14":"instock","15":"purchasable","16":"product-type-variable"},"acf":[],"_links":{"self":[{"href":"https:\/\/staging.aldeco.pt\/pt-pt\/wp-json\/wp\/v2\/product\/198327","targetHints":{"allow":["GET"]}}],"collection":[{"href":"https:\/\/staging.aldeco.pt\/pt-pt\/wp-json\/wp\/v2\/product"}],"about":[{"href":"https:\/\/staging.aldeco.pt\/pt-pt\/wp-json\/wp\/v2\/types\/product"}],"version-history":[{"count":2,"href":"https:\/\/staging.aldeco.pt\/pt-pt\/wp-json\/wp\/v2\/product\/198327\/revisions"}],"predecessor-version":[{"id":202089,"href":"https:\/\/staging.aldeco.pt\/pt-pt\/wp-json\/wp\/v2\/product\/198327\/revisions\/202089"}],"wp:featuredmedia":[{"embeddable":true,"href":"https:\/\/staging.aldeco.pt\/pt-pt\/wp-json\/wp\/v2\/media\/196883"}],"wp:attachment":[{"href":"https:\/\/staging.aldeco.pt\/pt-pt\/wp-json\/wp\/v2\/media?parent=198327"}],"wp:term":[{"taxonomy":"product_brand","embeddable":true,"href":"https:\/\/staging.aldeco.pt\/pt-pt\/wp-json\/wp\/v2\/product_brand?post=198327"},{"taxonomy":"product_cat","embeddable":true,"href":"https:\/\/staging.aldeco.pt\/pt-pt\/wp-json\/wp\/v2\/product_cat?post=198327"},{"taxonomy":"product_tag","embeddable":true,"href":"https:\/\/staging.aldeco.pt\/pt-pt\/wp-json\/wp\/v2\/product_tag?post=198327"}],"curies":[{"name":"wp","href":"https:\/\/api.w.org\/{rel}","templated":true}]}}