{"id":198323,"date":"2024-07-23T23:20:06","date_gmt":"2024-07-23T23:20:06","guid":{"rendered":"https:\/\/aldeco.pt\/staging\/product\/almofada-sealife-velvet-deep-reef-50x50\/"},"modified":"2024-10-02T11:12:24","modified_gmt":"2024-10-02T11:12:24","slug":"almofada-sealife-velvet-deep-reef-50x50","status":"publish","type":"product","link":"https:\/\/staging.aldeco.pt\/pt-pt\/product\/almofada-sealife-velvet-deep-reef-50x50\/","title":{"rendered":"ALMOFADA SEALIFE VELVET DEEP REEF 50&#215;50"},"content":{"rendered":"<p>Almofada decorativa quadrada macia, Sealife Velvet representa a pr\u00f3pria vida e a preocupa\u00e7\u00e3o com as quest\u00f5es ambientais de hoje e do futuro. Os corais s\u00e3o muito sens\u00edveis e aben\u00e7oam-nos com as cores mais lindas e surpreendentes quando os oceanos est\u00e3o limpos, mas se o meio ambiente estiver polu\u00eddo, os corais morrem e perdem suas lindas cores. Esta almofada tem fecho oculto e est\u00e1 dispon\u00edvel em diversas combina\u00e7\u00f5es de cores, com ou sem enchimento.<\/p>\n","protected":false},"excerpt":{"rendered":"<p>Almofada decorativa quadrada macia, Sealife Velvet representa a pr\u00f3pria vida e a preocupa\u00e7\u00e3o com as quest\u00f5es ambientais de hoje e do futuro. Os corais s\u00e3o muito sens\u00edveis e aben\u00e7oam-nos com as cores mais lindas e surpreendentes quando os oceanos est\u00e3o limpos, mas se o meio ambiente estiver polu\u00eddo, os corais morrem e perdem suas lindas cores. Esta almofada tem fecho oculto e est\u00e1 dispon\u00edvel em diversas combina\u00e7\u00f5es de cores, com ou sem enchimento.<\/p>\n<h2>Almofada Sealife Velvet representa a pr\u00f3pria vida e a preocupa\u00e7\u00e3o com as quest\u00f5es ambientais de hoje e do futuro.<\/h2>\n<p><img fetchpriority=\"high\" decoding=\"async\" class=\"alignnone wp-image-196872 size-medium\" src=\"https:\/\/aldeco.pt\/staging\/wp-content\/uploads\/2024\/07\/CUSHION-SEALIFE-VELVET-DEEP-REEF-50x50-1-300x241.jpg\" alt=\"Almofada Sealife Velvet Deep Reef - Aldeco\" width=\"300\" height=\"241\" \/><\/p>\n<p><a href=\"https:\/\/aldeco.pt\/staging\/product\/cushion-sealife-velvet-deep-reef-50x50\/?attribute_pa_aldeco-color=03-deep-reef\">https:\/\/aldeco.pt\/staging\/product\/cushion-sealife-velvet-deep-reef-50&#215;50\/?attribute_pa_aldeco-color=03-deep-reef<\/a><a href=\"https:\/\/www.instagram.com\/aldeco_interiorfabrics\/\">https:\/\/www.instagram.com\/aldeco_interiorfabrics\/<\/a><\/p>\n","protected":false},"featured_media":196873,"template":"","meta":[],"product_brand":[],"product_cat":[6145],"product_tag":[],"class_list":{"0":"post-198323","1":"product","2":"type-product","3":"status-publish","4":"has-post-thumbnail","6":"product_cat-aldeco-2-pt-pt-2","7":"pa_composition-ext-100-pl-pt-pt","8":"pa_line-almofadas","9":"pa_range-dobby-pt-pt","10":"pa_range-tinto-em-peca","13":"first","14":"instock","15":"purchasable","16":"product-type-variable"},"acf":[],"_links":{"self":[{"href":"https:\/\/staging.aldeco.pt\/pt-pt\/wp-json\/wp\/v2\/product\/198323","targetHints":{"allow":["GET"]}}],"collection":[{"href":"https:\/\/staging.aldeco.pt\/pt-pt\/wp-json\/wp\/v2\/product"}],"about":[{"href":"https:\/\/staging.aldeco.pt\/pt-pt\/wp-json\/wp\/v2\/types\/product"}],"version-history":[{"count":2,"href":"https:\/\/staging.aldeco.pt\/pt-pt\/wp-json\/wp\/v2\/product\/198323\/revisions"}],"predecessor-version":[{"id":201823,"href":"https:\/\/staging.aldeco.pt\/pt-pt\/wp-json\/wp\/v2\/product\/198323\/revisions\/201823"}],"wp:featuredmedia":[{"embeddable":true,"href":"https:\/\/staging.aldeco.pt\/pt-pt\/wp-json\/wp\/v2\/media\/196873"}],"wp:attachment":[{"href":"https:\/\/staging.aldeco.pt\/pt-pt\/wp-json\/wp\/v2\/media?parent=198323"}],"wp:term":[{"taxonomy":"product_brand","embeddable":true,"href":"https:\/\/staging.aldeco.pt\/pt-pt\/wp-json\/wp\/v2\/product_brand?post=198323"},{"taxonomy":"product_cat","embeddable":true,"href":"https:\/\/staging.aldeco.pt\/pt-pt\/wp-json\/wp\/v2\/product_cat?post=198323"},{"taxonomy":"product_tag","embeddable":true,"href":"https:\/\/staging.aldeco.pt\/pt-pt\/wp-json\/wp\/v2\/product_tag?post=198323"}],"curies":[{"name":"wp","href":"https:\/\/api.w.org\/{rel}","templated":true}]}}