{"id":198315,"date":"2024-07-23T23:10:28","date_gmt":"2024-07-23T23:10:28","guid":{"rendered":"https:\/\/aldeco.pt\/staging\/product\/almofada-life-velvet-creamy-light-50x50\/"},"modified":"2024-07-23T23:10:28","modified_gmt":"2024-07-23T23:10:28","slug":"almofada-life-velvet-creamy-light-50x50","status":"publish","type":"product","link":"https:\/\/staging.aldeco.pt\/pt-pt\/product\/almofada-life-velvet-creamy-light-50x50\/","title":{"rendered":"ALMOFADA LIFE VELVET CREAMY LIGHT 50&#215;50"},"content":{"rendered":"<p>Almofada quadrada decorativa em veludo. Quando a Natureza re\u00fane todas as condi\u00e7\u00f5es de luz solar, temperatura, humidade &#8230; Ela cria VIDA \/ &#8220;LIFE&#8221;. LIFE VELVET \u00e9 a nossa homenagem \u00e0 M\u00e3e Natureza e \u00e0 magn\u00edfica capacidade de realizar este milagre absoluto: LIFE \/ VIDA. Life Velvet \u00e9 impresso na mesma base de veludo de dupla largura Sealife. Esta almofada tem fecho oculto e est\u00e1 dispon\u00edvel em diversas combina\u00e7\u00f5es de cores, com ou sem enchimento.<\/p>\n","protected":false},"excerpt":{"rendered":"<p>Almofada quadrada decorativa em veludo. Quando a Natureza re\u00fane todas as condi\u00e7\u00f5es de luz solar, temperatura, humidade &#8230; Ela cria VIDA \/ &#8220;LIFE&#8221;. LIFE VELVET \u00e9 a nossa homenagem \u00e0 M\u00e3e Natureza e \u00e0 magn\u00edfica capacidade de realizar este milagre absoluto: LIFE \/ VIDA. Life Velvet \u00e9 impresso na mesma base de veludo de dupla largura Sealife. Esta almofada tem fecho oculto e est\u00e1 dispon\u00edvel em diversas combina\u00e7\u00f5es de cores, com ou sem enchimento. <\/p>\n<h2>Almofada LIFE VELVET \u00e9 a nossa homenagem \u00e0 M\u00e3e Natureza e \u00e0 magn\u00edfica capacidade de realizar este milagre absoluto: VIDA.<\/h2>\n<p><img fetchpriority=\"high\" decoding=\"async\" class=\"alignnone wp-image-196849 size-medium\" src=\"https:\/\/aldeco.pt\/staging\/wp-content\/uploads\/2024\/07\/CUSHION-LIFE-VELVET-CREAMY-LIGHT-50x50-1-300x241.jpg\" alt=\"Almofada Life Velvet Creamy Light - Aldeco\" width=\"300\" height=\"241\"><\/p>\n<p><a href=\"https:\/\/aldeco.pt\/staging\/product\/cushion-life-velvet-creamy-light-50x50\/?attribute_pa_aldeco-color=01-creamy-light\">https:\/\/aldeco.pt\/staging\/product\/cushion-life-velvet-creamy-light-50&#215;50\/?attribute_pa_aldeco-color=01-creamy-light<\/a><a href=\"https:\/\/www.instagram.com\/aldeco_interiorfabrics\/\">https:\/\/www.instagram.com\/aldeco_interiorfabrics\/<\/a><\/p>\n","protected":false},"featured_media":196850,"template":"","meta":[],"product_brand":[],"product_cat":[6145],"product_tag":[],"class_list":{"0":"post-198315","1":"product","2":"type-product","3":"status-publish","4":"has-post-thumbnail","6":"product_cat-aldeco-2-pt-pt-2","7":"pa_composition-ext-100-pl-pt-pt","8":"pa_line-almofadas","11":"first","12":"instock","13":"purchasable","14":"product-type-variable"},"acf":[],"_links":{"self":[{"href":"https:\/\/staging.aldeco.pt\/pt-pt\/wp-json\/wp\/v2\/product\/198315","targetHints":{"allow":["GET"]}}],"collection":[{"href":"https:\/\/staging.aldeco.pt\/pt-pt\/wp-json\/wp\/v2\/product"}],"about":[{"href":"https:\/\/staging.aldeco.pt\/pt-pt\/wp-json\/wp\/v2\/types\/product"}],"version-history":[{"count":0,"href":"https:\/\/staging.aldeco.pt\/pt-pt\/wp-json\/wp\/v2\/product\/198315\/revisions"}],"wp:featuredmedia":[{"embeddable":true,"href":"https:\/\/staging.aldeco.pt\/pt-pt\/wp-json\/wp\/v2\/media\/196850"}],"wp:attachment":[{"href":"https:\/\/staging.aldeco.pt\/pt-pt\/wp-json\/wp\/v2\/media?parent=198315"}],"wp:term":[{"taxonomy":"product_brand","embeddable":true,"href":"https:\/\/staging.aldeco.pt\/pt-pt\/wp-json\/wp\/v2\/product_brand?post=198315"},{"taxonomy":"product_cat","embeddable":true,"href":"https:\/\/staging.aldeco.pt\/pt-pt\/wp-json\/wp\/v2\/product_cat?post=198315"},{"taxonomy":"product_tag","embeddable":true,"href":"https:\/\/staging.aldeco.pt\/pt-pt\/wp-json\/wp\/v2\/product_tag?post=198315"}],"curies":[{"name":"wp","href":"https:\/\/api.w.org\/{rel}","templated":true}]}}