{"id":198311,"date":"2024-07-23T23:07:20","date_gmt":"2024-07-23T23:07:20","guid":{"rendered":"https:\/\/aldeco.pt\/staging\/product\/almofada-inhaus-viraloff-toast-coffee-50x50\/"},"modified":"2024-10-03T13:22:50","modified_gmt":"2024-10-03T13:22:50","slug":"almofada-inhaus-viraloff-toast-coffee-50x50","status":"publish","type":"product","link":"https:\/\/staging.aldeco.pt\/pt-pt\/product\/almofada-inhaus-viraloff-toast-coffee-50x50\/","title":{"rendered":"ALMOFADA INHAUS VIRALOFF Toast  Coffee 50&#215;50"},"content":{"rendered":"<p>Almofada decorativa quadrada em veludo macio. InHaus \u00e9 um tecido com forte inspira\u00e7\u00e3o no legado Bauhaus. Seguindo a nossa consci\u00eancia ambiental, este veludo de algod\u00e3o de pelo alto foi desenvolvido com um tratamento inerente com Polygiene ViralOff, que \u00e9 um tratamento que \u00e9 absorvido pela pr\u00f3pria fibra, aquando a produ\u00e7\u00e3o. Este tratamento elimina 99% dos v\u00edrus no prazo de 2 horas. A inspira\u00e7\u00e3o Bauhaus est\u00e1 presente na arquitectura geom\u00e9trica urbana, desconstru\u00edda e montada segundo a est\u00e9tica deste movimento art\u00edstico. Este desenho transporta-nos para um lugar acolhedor, onde a harmonia das formas geom\u00e9tricas e org\u00e2nicas se unem como um quadro de uma Arquitectura Geom\u00e9trica Urbana. Esta almofada tem fecho oculto e est\u00e1 dispon\u00edvel em diversas combina\u00e7\u00f5es de cores, com ou sem enchimento.<\/p>\n","protected":false},"excerpt":{"rendered":"<p>Almofada decorativa quadrada em veludo macio. InHaus \u00e9 um tecido com forte inspira\u00e7\u00e3o no legado Bauhaus. Seguindo a nossa consci\u00eancia ambiental, este veludo de algod\u00e3o de pelo alto foi desenvolvido com um tratamento inerente com Polygiene ViralOff, que \u00e9 um tratamento que \u00e9 absorvido pela pr\u00f3pria fibra, aquando a produ\u00e7\u00e3o. Este tratamento elimina 99% dos v\u00edrus no prazo de 2 horas. A inspira\u00e7\u00e3o Bauhaus est\u00e1 presente na arquitectura geom\u00e9trica urbana, desconstru\u00edda e montada segundo a est\u00e9tica deste movimento art\u00edstico. Este desenho transporta-nos para um lugar acolhedor, onde a harmonia das formas geom\u00e9tricas e org\u00e2nicas se unem como um quadro de uma Arquitectura Geom\u00e9trica Urbana. Esta almofada tem fecho oculto e est\u00e1 dispon\u00edvel em diversas combina\u00e7\u00f5es de cores, com ou sem enchimento.<\/p>\n<h2>Almofada decorativa quadrada em veludo macio. InHaus \u00e9 um tecido com forte inspira\u00e7\u00e3o no legado Bauhaus.<\/h2>\n<p><img fetchpriority=\"high\" decoding=\"async\" class=\"alignnone wp-image-196838 size-medium\" src=\"https:\/\/aldeco.pt\/staging\/wp-content\/uploads\/2024\/07\/CUSHION-INHAUS-VIRALOFF-Toast-Coffee-50x50-1-300x241.jpg\" alt=\"Almofada Inhaus Viraloff Toast Coffee - Aldeco\" width=\"300\" height=\"241\" \/><\/p>\n<p><a href=\"https:\/\/aldeco.pt\/staging\/product\/cushion-inhaus-viraloff-toast-coffee-50x50\/?attribute_pa_aldeco-color=01-toast-coffee\">https:\/\/aldeco.pt\/staging\/product\/cushion-inhaus-viraloff-toast-coffee-50&#215;50\/?attribute_pa_aldeco-color=01-toast-coffee<\/a><a href=\"https:\/\/www.instagram.com\/aldeco_interiorfabrics\/\">https:\/\/www.instagram.com\/aldeco_interiorfabrics\/<\/a><\/p>\n","protected":false},"featured_media":196839,"template":"","meta":[],"product_brand":[],"product_cat":[6145],"product_tag":[],"class_list":{"0":"post-198311","1":"product","2":"type-product","3":"status-publish","4":"has-post-thumbnail","6":"product_cat-aldeco-2-pt-pt-2","7":"pa_composition-ext-100-co-pt-pt","8":"pa_line-almofadas","9":"pa_range-estampado","10":"pa_range-veludo","13":"first","14":"instock","15":"purchasable","16":"product-type-variable"},"acf":[],"_links":{"self":[{"href":"https:\/\/staging.aldeco.pt\/pt-pt\/wp-json\/wp\/v2\/product\/198311","targetHints":{"allow":["GET"]}}],"collection":[{"href":"https:\/\/staging.aldeco.pt\/pt-pt\/wp-json\/wp\/v2\/product"}],"about":[{"href":"https:\/\/staging.aldeco.pt\/pt-pt\/wp-json\/wp\/v2\/types\/product"}],"version-history":[{"count":2,"href":"https:\/\/staging.aldeco.pt\/pt-pt\/wp-json\/wp\/v2\/product\/198311\/revisions"}],"predecessor-version":[{"id":201982,"href":"https:\/\/staging.aldeco.pt\/pt-pt\/wp-json\/wp\/v2\/product\/198311\/revisions\/201982"}],"wp:featuredmedia":[{"embeddable":true,"href":"https:\/\/staging.aldeco.pt\/pt-pt\/wp-json\/wp\/v2\/media\/196839"}],"wp:attachment":[{"href":"https:\/\/staging.aldeco.pt\/pt-pt\/wp-json\/wp\/v2\/media?parent=198311"}],"wp:term":[{"taxonomy":"product_brand","embeddable":true,"href":"https:\/\/staging.aldeco.pt\/pt-pt\/wp-json\/wp\/v2\/product_brand?post=198311"},{"taxonomy":"product_cat","embeddable":true,"href":"https:\/\/staging.aldeco.pt\/pt-pt\/wp-json\/wp\/v2\/product_cat?post=198311"},{"taxonomy":"product_tag","embeddable":true,"href":"https:\/\/staging.aldeco.pt\/pt-pt\/wp-json\/wp\/v2\/product_tag?post=198311"}],"curies":[{"name":"wp","href":"https:\/\/api.w.org\/{rel}","templated":true}]}}