{"id":198263,"date":"2024-07-23T23:24:41","date_gmt":"2024-07-23T23:24:41","guid":{"rendered":"https:\/\/aldeco.pt\/staging\/product\/almofada-vellutino-fr-blue-stone-60x30\/"},"modified":"2024-10-08T11:38:28","modified_gmt":"2024-10-08T11:38:28","slug":"almofada-vellutino-fr-blue-stone-60x30","status":"publish","type":"product","link":"https:\/\/staging.aldeco.pt\/pt-pt\/product\/almofada-vellutino-fr-blue-stone-60x30\/","title":{"rendered":"ALMOFADA VELLUTINO FR BLUE STONE 60&#215;30"},"content":{"rendered":"<p>Almofada decorativa retangular em tecido Vellutino, malha de textura aveludada, muito resistente e com toque macio. Esta almofada tem fecho oculto e est\u00e1 dispon\u00edvel em diversas combina\u00e7\u00f5es de cores, com ou sem enchimento.<\/p>\n","protected":false},"excerpt":{"rendered":"<p>Almofada decorativa retangular em tecido Vellutino, malha de textura aveludada, muito resistente e com toque macio. Esta almofada tem fecho oculto e est\u00e1 dispon\u00edvel em diversas combina\u00e7\u00f5es de cores, com ou sem enchimento.<\/p>\n<h2>Almofada Vellutino, uma malha de textura aveludada, muito resistente e com toque macio. Esta almofada tem fecho oculto e est\u00e1 dispon\u00edvel em diversas combina\u00e7\u00f5es de cores, com ou sem enchimento.<\/h2>\n<p><img fetchpriority=\"high\" decoding=\"async\" class=\"alignnone wp-image-196715 size-medium\" src=\"https:\/\/aldeco.pt\/staging\/wp-content\/uploads\/2024\/07\/CUSHION-VELLUTINO-FR-BLUE-STONE-60x30-1-300x241.jpg\" alt=\"Almofada Vellutino Fr Blue Stone - Aldeco\" width=\"300\" height=\"241\" \/><\/p>\n<p><a href=\"https:\/\/aldeco.pt\/staging\/product\/cushion-vellutino-fr-blue-stone-60x30\/?attribute_pa_aldeco-color=14-blue-stone\">https:\/\/aldeco.pt\/staging\/product\/cushion-vellutino-fr-blue-stone-60&#215;30\/?attribute_pa_aldeco-color=14-blue-stone<\/a><a href=\"https:\/\/www.instagram.com\/aldeco_interiorfabrics\/\">https:\/\/www.instagram.com\/aldeco_interiorfabrics\/<\/a><\/p>\n","protected":false},"featured_media":196716,"template":"","meta":[],"product_brand":[],"product_cat":[6145],"product_tag":[],"class_list":{"0":"post-198263","1":"product","2":"type-product","3":"status-publish","4":"has-post-thumbnail","6":"product_cat-aldeco-2-pt-pt-2","7":"pa_composition-ext-100-pl-pt-pt","8":"pa_line-almofadas","9":"pa_range-liso","12":"first","13":"instock","14":"purchasable","15":"product-type-variable"},"acf":[],"_links":{"self":[{"href":"https:\/\/staging.aldeco.pt\/pt-pt\/wp-json\/wp\/v2\/product\/198263","targetHints":{"allow":["GET"]}}],"collection":[{"href":"https:\/\/staging.aldeco.pt\/pt-pt\/wp-json\/wp\/v2\/product"}],"about":[{"href":"https:\/\/staging.aldeco.pt\/pt-pt\/wp-json\/wp\/v2\/types\/product"}],"version-history":[{"count":2,"href":"https:\/\/staging.aldeco.pt\/pt-pt\/wp-json\/wp\/v2\/product\/198263\/revisions"}],"predecessor-version":[{"id":202230,"href":"https:\/\/staging.aldeco.pt\/pt-pt\/wp-json\/wp\/v2\/product\/198263\/revisions\/202230"}],"wp:featuredmedia":[{"embeddable":true,"href":"https:\/\/staging.aldeco.pt\/pt-pt\/wp-json\/wp\/v2\/media\/196716"}],"wp:attachment":[{"href":"https:\/\/staging.aldeco.pt\/pt-pt\/wp-json\/wp\/v2\/media?parent=198263"}],"wp:term":[{"taxonomy":"product_brand","embeddable":true,"href":"https:\/\/staging.aldeco.pt\/pt-pt\/wp-json\/wp\/v2\/product_brand?post=198263"},{"taxonomy":"product_cat","embeddable":true,"href":"https:\/\/staging.aldeco.pt\/pt-pt\/wp-json\/wp\/v2\/product_cat?post=198263"},{"taxonomy":"product_tag","embeddable":true,"href":"https:\/\/staging.aldeco.pt\/pt-pt\/wp-json\/wp\/v2\/product_tag?post=198263"}],"curies":[{"name":"wp","href":"https:\/\/api.w.org\/{rel}","templated":true}]}}