{"id":198255,"date":"2024-07-23T23:22:27","date_gmt":"2024-07-23T23:22:27","guid":{"rendered":"https:\/\/aldeco.pt\/staging\/product\/almofada-tiebele-in-outdoor-green-moss-45x45\/"},"modified":"2024-08-06T21:35:13","modified_gmt":"2024-08-06T21:35:13","slug":"almofada-tiebele-in-outdoor-green-moss-45x45","status":"publish","type":"product","link":"https:\/\/staging.aldeco.pt\/pt-pt\/product\/almofada-tiebele-in-outdoor-green-moss-45x45\/","title":{"rendered":"ALMOFADA TI\u00c9B\u00c9L\u00c9 IN\/OUTDOOR GREEN MOSS 45&#215;45"},"content":{"rendered":"<p>Almofada decorativa quadrado com tecido Ti\u00e9b\u00e9l\u00e9, em Burkina Faso, \u00e9 uma aldeia africana \u00fanica, com casas de barro pintadas deslumbrantes. Elas decoram as casas pintando desenhos intrincados nas paredes exteriores, usando lama e giz coloridos. Enquanto a constru\u00e7\u00e3o das casas \u00e9 feita pelos homens, a pintura \u00e9 um trabalho de mulher. As casas s\u00e3o ornamentadas com padr\u00f5es folcl\u00f3ricos incrivelmente precisos e delicados. Este incr\u00edvel jacquard \u00e9 inspirado em \u00c1frica e nesta pr\u00e1tica muito antiga resultando num tecido geom\u00e9trico pesado. Esta almofada tem fecho oculto e est\u00e1 dispon\u00edvel em diversas combina\u00e7\u00f5es de cores, com ou sem enchimento.<\/p>\n","protected":false},"excerpt":{"rendered":"<p>Almofada decorativa quadrado com tecido Ti\u00e9b\u00e9l\u00e9, em Burkina Faso, \u00e9 uma aldeia africana \u00fanica, com casas de barro pintadas deslumbrantes. Elas decoram as casas pintando desenhos intrincados nas paredes exteriores, usando lama e giz coloridos. Enquanto a constru\u00e7\u00e3o das casas \u00e9 feita pelos homens, a pintura \u00e9 um trabalho de mulher. As casas s\u00e3o ornamentadas com padr\u00f5es folcl\u00f3ricos incrivelmente precisos e delicados. Este incr\u00edvel jacquard \u00e9 inspirado em \u00c1frica e nesta pr\u00e1tica muito antiga resultando num tecido geom\u00e9trico pesado. Esta almofada tem fecho oculto e est\u00e1 dispon\u00edvel em diversas combina\u00e7\u00f5es de cores, com ou sem enchimento. <\/p>\n<h2>Almofada Ti\u00e9b\u00e9l\u00e9 rectangular com tecido Ti\u00e9b\u00e9l\u00e9, em Burkina Faso, \u00e9 uma aldeia africana \u00fanica, com casas de barro pintadas deslumbrantes.<\/h2>\n<p><img fetchpriority=\"high\" decoding=\"async\" class=\"alignnone wp-image-196693 size-medium\" src=\"https:\/\/aldeco.pt\/staging\/wp-content\/uploads\/2024\/07\/CUSHION-TIEBELE-IN-OUTDOOR-GREEN-MOSS-45x45-1-300x241.jpg\" alt=\"Almofada Ti\u00e9b\u00e9l\u00e9 In\/Outdoor Green Moss - Aldeco\" width=\"300\" height=\"241\"><\/p>\n<p><a href=\"https:\/\/aldeco.pt\/staging\/product\/cushion-tiebele-in-outdoor-green-moss-45x45\/?attribute_pa_aldeco-color=02-green-moss\">https:\/\/aldeco.pt\/staging\/product\/cushion-tiebele-in-outdoor-green-moss-45&#215;45\/?attribute_pa_aldeco-color=02-green-moss<\/a><a href=\"https:\/\/www.instagram.com\/aldeco_interiorfabrics\/\">https:\/\/www.instagram.com\/aldeco_interiorfabrics\/<\/a><\/p>\n","protected":false},"featured_media":196694,"template":"","meta":[],"product_brand":[],"product_cat":[6145],"product_tag":[],"class_list":{"0":"post-198255","1":"product","2":"type-product","3":"status-publish","4":"has-post-thumbnail","6":"product_cat-aldeco-2-pt-pt-2","7":"pa_composition-ext-100-pp-pt-pt","8":"pa_line-almofadas","9":"pa_range-jacquard-pt-pt","12":"first","13":"instock","14":"purchasable","15":"product-type-variable"},"acf":[],"_links":{"self":[{"href":"https:\/\/staging.aldeco.pt\/pt-pt\/wp-json\/wp\/v2\/product\/198255","targetHints":{"allow":["GET"]}}],"collection":[{"href":"https:\/\/staging.aldeco.pt\/pt-pt\/wp-json\/wp\/v2\/product"}],"about":[{"href":"https:\/\/staging.aldeco.pt\/pt-pt\/wp-json\/wp\/v2\/types\/product"}],"version-history":[{"count":1,"href":"https:\/\/staging.aldeco.pt\/pt-pt\/wp-json\/wp\/v2\/product\/198255\/revisions"}],"predecessor-version":[{"id":198416,"href":"https:\/\/staging.aldeco.pt\/pt-pt\/wp-json\/wp\/v2\/product\/198255\/revisions\/198416"}],"wp:featuredmedia":[{"embeddable":true,"href":"https:\/\/staging.aldeco.pt\/pt-pt\/wp-json\/wp\/v2\/media\/196694"}],"wp:attachment":[{"href":"https:\/\/staging.aldeco.pt\/pt-pt\/wp-json\/wp\/v2\/media?parent=198255"}],"wp:term":[{"taxonomy":"product_brand","embeddable":true,"href":"https:\/\/staging.aldeco.pt\/pt-pt\/wp-json\/wp\/v2\/product_brand?post=198255"},{"taxonomy":"product_cat","embeddable":true,"href":"https:\/\/staging.aldeco.pt\/pt-pt\/wp-json\/wp\/v2\/product_cat?post=198255"},{"taxonomy":"product_tag","embeddable":true,"href":"https:\/\/staging.aldeco.pt\/pt-pt\/wp-json\/wp\/v2\/product_tag?post=198255"}],"curies":[{"name":"wp","href":"https:\/\/api.w.org\/{rel}","templated":true}]}}