{"id":198243,"date":"2024-07-23T23:15:48","date_gmt":"2024-07-23T23:15:48","guid":{"rendered":"https:\/\/aldeco.pt\/staging\/product\/almofada-on-weaving-terracotta-blue-60x30\/"},"modified":"2024-10-01T16:30:15","modified_gmt":"2024-10-01T16:30:15","slug":"almofada-on-weaving-terracotta-blue-60x30","status":"publish","type":"product","link":"https:\/\/staging.aldeco.pt\/pt-pt\/product\/almofada-on-weaving-terracotta-blue-60x30\/","title":{"rendered":"ALMOFADA ON WEAVING TERRACOTTA BLUE 60&#215;30"},"content":{"rendered":"<p>Almofada decorativa retangular de aspecto muito requintado. ON WEAVING \u00e9 um jacquard de cetim com desenho geom\u00e9trico inspirado na cestaria e nos azulejos tradicionais. Esta almofada tem fecho oculto e est\u00e1 dispon\u00edvel em diversas combina\u00e7\u00f5es de cores, com ou sem enchimento.<\/p>\n","protected":false},"excerpt":{"rendered":"<p>Almofada decorativa retangular de aspecto muito requintado. ON WEAVING \u00e9 um jacquard de cetim com desenho geom\u00e9trico inspirado na cestaria e nos azulejos tradicionais. Esta almofada tem fecho oculto e est\u00e1 dispon\u00edvel em diversas combina\u00e7\u00f5es de cores, com ou sem enchimento.<\/p>\n<h2>Almofada ON WEAVING \u00e9 um jacquard de cetim com desenho geom\u00e9trico inspirado na cestaria e nos azulejos tradicionais. Esta almofada tem fecho oculto e est\u00e1 dispon\u00edvel em diversas combina\u00e7\u00f5es de cores, com ou sem enchimento.<\/h2>\n<p><img fetchpriority=\"high\" decoding=\"async\" class=\"alignnone wp-image-196662 size-medium\" src=\"https:\/\/aldeco.pt\/staging\/wp-content\/uploads\/2024\/07\/CUSHION-ON-WEAVING-TERRACOTTA-BLUE-60x30-1-300x241.jpg\" alt=\"Almofada On Weaving Terracotta - Aldeco\" width=\"300\" height=\"241\" \/><\/p>\n<p><a href=\"https:\/\/aldeco.pt\/staging\/product\/cushion-on-weaving-terracotta-blue-60x30\/?attribute_pa_aldeco-color=03-terracota\">https:\/\/aldeco.pt\/staging\/product\/cushion-on-weaving-terracotta-blue-60&#215;30\/?attribute_pa_aldeco-color=03-terracota<\/a><a href=\"https:\/\/www.instagram.com\/aldeco_interiorfabrics\/\">https:\/\/www.instagram.com\/aldeco_interiorfabrics\/<\/a><\/p>\n","protected":false},"featured_media":196663,"template":"","meta":[],"product_brand":[],"product_cat":[6145],"product_tag":[],"class_list":{"0":"post-198243","1":"product","2":"type-product","3":"status-publish","4":"has-post-thumbnail","6":"product_cat-aldeco-2-pt-pt-2","7":"pa_composition-ext-38-pl-34-co-28-vi-pt-pt","8":"pa_line-almofadas","9":"pa_range-cetim","10":"pa_range-jacquard-pt-pt","13":"first","14":"instock","15":"purchasable","16":"product-type-variable"},"acf":[],"_links":{"self":[{"href":"https:\/\/staging.aldeco.pt\/pt-pt\/wp-json\/wp\/v2\/product\/198243","targetHints":{"allow":["GET"]}}],"collection":[{"href":"https:\/\/staging.aldeco.pt\/pt-pt\/wp-json\/wp\/v2\/product"}],"about":[{"href":"https:\/\/staging.aldeco.pt\/pt-pt\/wp-json\/wp\/v2\/types\/product"}],"version-history":[{"count":1,"href":"https:\/\/staging.aldeco.pt\/pt-pt\/wp-json\/wp\/v2\/product\/198243\/revisions"}],"predecessor-version":[{"id":201749,"href":"https:\/\/staging.aldeco.pt\/pt-pt\/wp-json\/wp\/v2\/product\/198243\/revisions\/201749"}],"wp:featuredmedia":[{"embeddable":true,"href":"https:\/\/staging.aldeco.pt\/pt-pt\/wp-json\/wp\/v2\/media\/196663"}],"wp:attachment":[{"href":"https:\/\/staging.aldeco.pt\/pt-pt\/wp-json\/wp\/v2\/media?parent=198243"}],"wp:term":[{"taxonomy":"product_brand","embeddable":true,"href":"https:\/\/staging.aldeco.pt\/pt-pt\/wp-json\/wp\/v2\/product_brand?post=198243"},{"taxonomy":"product_cat","embeddable":true,"href":"https:\/\/staging.aldeco.pt\/pt-pt\/wp-json\/wp\/v2\/product_cat?post=198243"},{"taxonomy":"product_tag","embeddable":true,"href":"https:\/\/staging.aldeco.pt\/pt-pt\/wp-json\/wp\/v2\/product_tag?post=198243"}],"curies":[{"name":"wp","href":"https:\/\/api.w.org\/{rel}","templated":true}]}}