{"id":198227,"date":"2024-07-23T23:14:50","date_gmt":"2024-07-23T23:14:50","guid":{"rendered":"https:\/\/aldeco.pt\/staging\/product\/almofada-mohairmania-sand-50x50\/"},"modified":"2024-07-23T23:14:50","modified_gmt":"2024-07-23T23:14:50","slug":"almofada-mohairmania-sand-50x50","status":"publish","type":"product","link":"https:\/\/staging.aldeco.pt\/pt-pt\/product\/almofada-mohairmania-sand-50x50\/","title":{"rendered":"ALMOFADA MOHAIRMANIA SAND 50&#215;50"},"content":{"rendered":"<p>Almofada decorativa quadrada e macia em tecido MOHAIRMANIA, tecido tinto em pe\u00e7a com look e toque de mohair. Esta almofada tem fecho oculto e est\u00e1 dispon\u00edvel em diversas combina\u00e7\u00f5es de cores, com ou sem enchimento.<\/p>\n","protected":false},"excerpt":{"rendered":"<p>Almofada decorativa quadrada e macia em tecido MOHAIRMANIA, tecido tinto em pe\u00e7a com look e toque de mohair. Esta almofada tem fecho oculto e est\u00e1 dispon\u00edvel em diversas combina\u00e7\u00f5es de cores, com ou sem enchimento. <\/p>\n<h2>Almofada MOHAIRMANIA, \u00e9 um tecido tinto em pe\u00e7a com look e toque de mohair. \u00c9 muito resistente e apresenta um toque muito suave.<\/h2>\n<p><img fetchpriority=\"high\" decoding=\"async\" class=\"alignnone wp-image-196609 size-medium\" src=\"https:\/\/aldeco.pt\/staging\/wp-content\/uploads\/2024\/07\/CUSHION-MOHAIRMANIA-SAND-50x50-1-300x241.jpg\" alt=\"Almofada Mohairmania Sand - Aldeco\" width=\"300\" height=\"241\"><\/p>\n<p><a href=\"https:\/\/aldeco.pt\/staging\/product\/cushion-mohairmania-sand-50x50\/?attribute_pa_aldeco-color=01-sand\">https:\/\/aldeco.pt\/staging\/product\/cushion-mohairmania-sand-50&#215;50\/?attribute_pa_aldeco-color=01-sand<\/a><a href=\"https:\/\/www.instagram.com\/aldeco_interiorfabrics\/\">https:\/\/www.instagram.com\/aldeco_interiorfabrics\/<\/a><\/p>\n<p>&nbsp;<\/p>\n","protected":false},"featured_media":196610,"template":"","meta":[],"product_brand":[],"product_cat":[6145],"product_tag":[],"class_list":{"0":"post-198227","1":"product","2":"type-product","3":"status-publish","4":"has-post-thumbnail","6":"product_cat-aldeco-2-pt-pt-2","7":"pa_composition-ext-79-pl-21-co-pt-pt","8":"pa_line-almofadas","9":"pa_range-liso","12":"first","13":"instock","14":"purchasable","15":"product-type-variable"},"acf":[],"_links":{"self":[{"href":"https:\/\/staging.aldeco.pt\/pt-pt\/wp-json\/wp\/v2\/product\/198227","targetHints":{"allow":["GET"]}}],"collection":[{"href":"https:\/\/staging.aldeco.pt\/pt-pt\/wp-json\/wp\/v2\/product"}],"about":[{"href":"https:\/\/staging.aldeco.pt\/pt-pt\/wp-json\/wp\/v2\/types\/product"}],"version-history":[{"count":0,"href":"https:\/\/staging.aldeco.pt\/pt-pt\/wp-json\/wp\/v2\/product\/198227\/revisions"}],"wp:featuredmedia":[{"embeddable":true,"href":"https:\/\/staging.aldeco.pt\/pt-pt\/wp-json\/wp\/v2\/media\/196610"}],"wp:attachment":[{"href":"https:\/\/staging.aldeco.pt\/pt-pt\/wp-json\/wp\/v2\/media?parent=198227"}],"wp:term":[{"taxonomy":"product_brand","embeddable":true,"href":"https:\/\/staging.aldeco.pt\/pt-pt\/wp-json\/wp\/v2\/product_brand?post=198227"},{"taxonomy":"product_cat","embeddable":true,"href":"https:\/\/staging.aldeco.pt\/pt-pt\/wp-json\/wp\/v2\/product_cat?post=198227"},{"taxonomy":"product_tag","embeddable":true,"href":"https:\/\/staging.aldeco.pt\/pt-pt\/wp-json\/wp\/v2\/product_tag?post=198227"}],"curies":[{"name":"wp","href":"https:\/\/api.w.org\/{rel}","templated":true}]}}