{"id":198209,"date":"2024-07-23T23:14:04","date_gmt":"2024-07-23T23:14:04","guid":{"rendered":"https:\/\/aldeco.pt\/staging\/product\/almofada-modernist-jacquard-velvet-greige-50x50\/"},"modified":"2024-10-09T14:58:37","modified_gmt":"2024-10-09T14:58:37","slug":"almofada-modernist-jacquard-velvet-greige-50x50","status":"publish","type":"product","link":"https:\/\/staging.aldeco.pt\/pt-pt\/product\/almofada-modernist-jacquard-velvet-greige-50x50\/","title":{"rendered":"ALMOFADA MODERNIST JACQUARD VELVET GREIGE 50&#215;50"},"content":{"rendered":"<p>Almofada decorativa quadrada elegante com tecido Modernist. Tecido jacquard de veludo com formas geom\u00e9tricas com um toque moderno. A rica combina\u00e7\u00e3o de cores resulta num veludo vibrante e din\u00e2mico. Esta almofada tem fecho oculto e est\u00e1 dispon\u00edvel em diversas combina\u00e7\u00f5es de cores, com ou sem enchimento.<\/p>\n","protected":false},"excerpt":{"rendered":"<p>Almofada decorativa quadrada elegante com tecido Modernist. Tecido jacquard de veludo com formas geom\u00e9tricas com um toque moderno. A rica combina\u00e7\u00e3o de cores resulta num veludo vibrante e din\u00e2mico. Esta almofada tem fecho oculto e est\u00e1 dispon\u00edvel em diversas combina\u00e7\u00f5es de cores, com ou sem enchimento.<\/p>\n<h2>Almofada Modernist, veludo Jacquard com formas geom\u00e9tricas com um twist moderno A rica combina\u00e7\u00e3o de cores resulta num veludo vibrante e din\u00e2mico. Esta almofada tem fecho oculto e est\u00e1 dispon\u00edvel em diversas combina\u00e7\u00f5es de cores, com ou sem enchimento.<\/h2>\n<p><img fetchpriority=\"high\" decoding=\"async\" class=\"alignnone wp-image-196553 size-medium\" src=\"https:\/\/aldeco.pt\/staging\/wp-content\/uploads\/2024\/07\/CUSHION-MODERNIST-JACQUARD-VELVET-GREIGE-50x50-1-300x241.jpg\" alt=\"Almofada Modernist Jacquard Velvet Greige - Aldeco\" width=\"300\" height=\"241\" \/><\/p>\n<p><a href=\"https:\/\/aldeco.pt\/staging\/product\/cushion-modernist-jacquard-velvet-greige-50x50\/?attribute_pa_aldeco-color=01-greige\">https:\/\/aldeco.pt\/staging\/product\/cushion-modernist-jacquard-velvet-greige-50&#215;50\/?attribute_pa_aldeco-color=01-greige<\/a><a href=\"https:\/\/www.instagram.com\/aldeco_interiorfabrics\/\">https:\/\/www.instagram.com\/aldeco_interiorfabrics\/<\/a><\/p>\n<p>&nbsp;<\/p>\n","protected":false},"featured_media":196554,"template":"","meta":[],"product_brand":[],"product_cat":[6145],"product_tag":[],"class_list":{"0":"post-198209","1":"product","2":"type-product","3":"status-publish","4":"has-post-thumbnail","6":"product_cat-aldeco-2-pt-pt-2","7":"pa_composition-ext-81-vi-17-pl-2-co-pt-pt","8":"pa_line-almofadas","9":"pa_range-jacquard-pt-pt","10":"pa_range-veludo","13":"first","14":"instock","15":"purchasable","16":"product-type-variable"},"acf":[],"_links":{"self":[{"href":"https:\/\/staging.aldeco.pt\/pt-pt\/wp-json\/wp\/v2\/product\/198209","targetHints":{"allow":["GET"]}}],"collection":[{"href":"https:\/\/staging.aldeco.pt\/pt-pt\/wp-json\/wp\/v2\/product"}],"about":[{"href":"https:\/\/staging.aldeco.pt\/pt-pt\/wp-json\/wp\/v2\/types\/product"}],"version-history":[{"count":1,"href":"https:\/\/staging.aldeco.pt\/pt-pt\/wp-json\/wp\/v2\/product\/198209\/revisions"}],"predecessor-version":[{"id":204641,"href":"https:\/\/staging.aldeco.pt\/pt-pt\/wp-json\/wp\/v2\/product\/198209\/revisions\/204641"}],"wp:featuredmedia":[{"embeddable":true,"href":"https:\/\/staging.aldeco.pt\/pt-pt\/wp-json\/wp\/v2\/media\/196554"}],"wp:attachment":[{"href":"https:\/\/staging.aldeco.pt\/pt-pt\/wp-json\/wp\/v2\/media?parent=198209"}],"wp:term":[{"taxonomy":"product_brand","embeddable":true,"href":"https:\/\/staging.aldeco.pt\/pt-pt\/wp-json\/wp\/v2\/product_brand?post=198209"},{"taxonomy":"product_cat","embeddable":true,"href":"https:\/\/staging.aldeco.pt\/pt-pt\/wp-json\/wp\/v2\/product_cat?post=198209"},{"taxonomy":"product_tag","embeddable":true,"href":"https:\/\/staging.aldeco.pt\/pt-pt\/wp-json\/wp\/v2\/product_tag?post=198209"}],"curies":[{"name":"wp","href":"https:\/\/api.w.org\/{rel}","templated":true}]}}