{"id":198203,"date":"2024-07-23T23:13:51","date_gmt":"2024-07-23T23:13:51","guid":{"rendered":"https:\/\/aldeco.pt\/staging\/product\/almofada-mirabillis-taupe-dream-50x50\/"},"modified":"2024-09-16T16:42:56","modified_gmt":"2024-09-16T16:42:56","slug":"almofada-mirabillis-taupe-dream-50x50","status":"publish","type":"product","link":"https:\/\/staging.aldeco.pt\/pt-pt\/product\/almofada-mirabillis-taupe-dream-50x50\/","title":{"rendered":"ALMOFADA MIRABILLIS TAUPE DREAM 50&#215;50"},"content":{"rendered":"<p>Elegante almofada decorativa quadrada em tecido Mirabillis. Este cetim bordado vibrante e caprichoso \u00e9 inspirado na arte popular portuguesa e nos trajes tradicionais. Caracterizado pelo uso arrojado de cores e motivos que enfatizam p\u00e1ssaros, flores e elaborada decora\u00e7\u00e3o bordada, este design tem um toque moderno com folhas tropicais, frutas e animais. Esta almofada tem fecho oculto e est\u00e1 dispon\u00edvel em diversas combina\u00e7\u00f5es de cores, com ou sem enchimento.<\/p>\n","protected":false},"excerpt":{"rendered":"<p>Elegante almofada decorativa quadrada em tecido Mirabillis. Este cetim bordado vibrante e caprichoso \u00e9 inspirado na arte popular portuguesa e nos trajes tradicionais. Caracterizado pelo uso arrojado de cores e motivos que enfatizam p\u00e1ssaros, flores e elaborada decora\u00e7\u00e3o bordada, este design tem um toque moderno com folhas tropicais, frutas e animais. Esta almofada tem fecho oculto e est\u00e1 dispon\u00edvel em diversas combina\u00e7\u00f5es de cores, com ou sem enchimento.<\/p>\n<h2>Almofada Mirabillis, este cetim bordado vibrante e caprichoso \u00e9 inspirado na arte popular portuguesa e nos trajes tradicionais.<\/h2>\n<p><img fetchpriority=\"high\" decoding=\"async\" class=\"alignnone wp-image-196537 size-medium\" src=\"https:\/\/aldeco.pt\/staging\/wp-content\/uploads\/2024\/07\/CUSHION-MIRABILLIS-TAUPE-DREAM-50x50-1-300x241.jpg\" alt=\"Almofada Mirabillis Taupe Dream - Aldeco\" width=\"300\" height=\"241\" \/><\/p>\n<p><a href=\"https:\/\/aldeco.pt\/staging\/product\/cushion-mirabillis-taupe-dream-50x50\/?attribute_pa_aldeco-color=01-taupe-dream\">https:\/\/aldeco.pt\/staging\/product\/cushion-mirabillis-taupe-dream-50&#215;50\/?attribute_pa_aldeco-color=01-taupe-dream<\/a><a href=\"https:\/\/www.instagram.com\/aldeco_interiorfabrics\/\">https:\/\/www.instagram.com\/aldeco_interiorfabrics\/<\/a><\/p>\n","protected":false},"featured_media":196538,"template":"","meta":[],"product_brand":[],"product_cat":[6145],"product_tag":[],"class_list":{"0":"post-198203","1":"product","2":"type-product","3":"status-publish","4":"has-post-thumbnail","6":"product_cat-aldeco-2-pt-pt-2","7":"pa_composition-ext-54-co-46-pl-pt-pt","8":"pa_line-almofadas","9":"pa_range-bordado","10":"pa_range-cetim","13":"first","14":"instock","15":"purchasable","16":"product-type-variable"},"acf":[],"_links":{"self":[{"href":"https:\/\/staging.aldeco.pt\/pt-pt\/wp-json\/wp\/v2\/product\/198203","targetHints":{"allow":["GET"]}}],"collection":[{"href":"https:\/\/staging.aldeco.pt\/pt-pt\/wp-json\/wp\/v2\/product"}],"about":[{"href":"https:\/\/staging.aldeco.pt\/pt-pt\/wp-json\/wp\/v2\/types\/product"}],"version-history":[{"count":1,"href":"https:\/\/staging.aldeco.pt\/pt-pt\/wp-json\/wp\/v2\/product\/198203\/revisions"}],"predecessor-version":[{"id":200636,"href":"https:\/\/staging.aldeco.pt\/pt-pt\/wp-json\/wp\/v2\/product\/198203\/revisions\/200636"}],"wp:featuredmedia":[{"embeddable":true,"href":"https:\/\/staging.aldeco.pt\/pt-pt\/wp-json\/wp\/v2\/media\/196538"}],"wp:attachment":[{"href":"https:\/\/staging.aldeco.pt\/pt-pt\/wp-json\/wp\/v2\/media?parent=198203"}],"wp:term":[{"taxonomy":"product_brand","embeddable":true,"href":"https:\/\/staging.aldeco.pt\/pt-pt\/wp-json\/wp\/v2\/product_brand?post=198203"},{"taxonomy":"product_cat","embeddable":true,"href":"https:\/\/staging.aldeco.pt\/pt-pt\/wp-json\/wp\/v2\/product_cat?post=198203"},{"taxonomy":"product_tag","embeddable":true,"href":"https:\/\/staging.aldeco.pt\/pt-pt\/wp-json\/wp\/v2\/product_tag?post=198203"}],"curies":[{"name":"wp","href":"https:\/\/api.w.org\/{rel}","templated":true}]}}