{"id":198177,"date":"2024-07-23T23:04:09","date_gmt":"2024-07-23T23:04:09","guid":{"rendered":"https:\/\/aldeco.pt\/staging\/product\/almofada-friset-boucle-midnight-blue-60x30\/"},"modified":"2024-10-09T11:22:56","modified_gmt":"2024-10-09T11:22:56","slug":"almofada-friset-boucle-midnight-blue-60x30","status":"publish","type":"product","link":"https:\/\/staging.aldeco.pt\/pt-pt\/product\/almofada-friset-boucle-midnight-blue-60x30\/","title":{"rendered":"ALMOFADA FRISET BOUCL\u00c9 MIDNIGHT BLUE 60&#215;30"},"content":{"rendered":"<p>Almofada decorativa retangular divertida com Friset Boucl\u00e9; um fio tingido Jacquard Boucl\u00e9 muito resistente e moderno. Esta almofada tem fecho oculto e est\u00e1 dispon\u00edvel em diversas combina\u00e7\u00f5es de cores, com ou sem enchimento.<\/p>\n","protected":false},"excerpt":{"rendered":"<p>Almofada decorativa retangular divertida com Friset Boucl\u00e9; um fio tingido Jacquard Boucl\u00e9 muito resistente e moderno. Esta almofada tem fecho oculto e est\u00e1 dispon\u00edvel em diversas combina\u00e7\u00f5es de cores, com ou sem enchimento.<\/p>\n<h2>Almofada Friset Boucl\u00e9, um fio tingido Jacquard Boucl\u00e9 muito resistente e moderno. Esta almofada tem fecho oculto e est\u00e1 dispon\u00edvel em diversas combina\u00e7\u00f5es de cores, com ou sem enchimento.<\/h2>\n<p><img fetchpriority=\"high\" decoding=\"async\" class=\"alignnone wp-image-196470 size-medium\" src=\"https:\/\/aldeco.pt\/staging\/wp-content\/uploads\/2024\/07\/CUSHION-FRISET-BOUCLE-MIDNIGHT-BLUE-60x30-1-300x241.jpg\" alt=\"Almofada Friset Boucl\u00e9 Midnight Blue - Aldeco\" width=\"300\" height=\"241\" \/><\/p>\n<p><a href=\"https:\/\/aldeco.pt\/staging\/product\/cushion-friset-boucle-midnight-blue-60x30\/?attribute_pa_aldeco-color=05-midnight-blue\">https:\/\/aldeco.pt\/staging\/product\/cushion-friset-boucle-midnight-blue-60&#215;30\/?attribute_pa_aldeco-color=05-midnight-blue<\/a><a href=\"https:\/\/www.instagram.com\/aldeco_interiorfabrics\/\">https:\/\/www.instagram.com\/aldeco_interiorfabrics\/<\/a><\/p>\n","protected":false},"featured_media":196471,"template":"","meta":[],"product_brand":[],"product_cat":[6145],"product_tag":[],"class_list":{"0":"post-198177","1":"product","2":"type-product","3":"status-publish","4":"has-post-thumbnail","6":"product_cat-aldeco-2-pt-pt-2","7":"pa_composition-ext-34-vi-33-pc-17-wo-8-pl-4-li-4-co-pt-pt","8":"pa_line-almofadas","9":"pa_range-boucle-pt-pt","10":"pa_range-jacquard-pt-pt","13":"first","14":"instock","15":"purchasable","16":"product-type-variable"},"acf":[],"_links":{"self":[{"href":"https:\/\/staging.aldeco.pt\/pt-pt\/wp-json\/wp\/v2\/product\/198177","targetHints":{"allow":["GET"]}}],"collection":[{"href":"https:\/\/staging.aldeco.pt\/pt-pt\/wp-json\/wp\/v2\/product"}],"about":[{"href":"https:\/\/staging.aldeco.pt\/pt-pt\/wp-json\/wp\/v2\/types\/product"}],"version-history":[{"count":1,"href":"https:\/\/staging.aldeco.pt\/pt-pt\/wp-json\/wp\/v2\/product\/198177\/revisions"}],"predecessor-version":[{"id":203294,"href":"https:\/\/staging.aldeco.pt\/pt-pt\/wp-json\/wp\/v2\/product\/198177\/revisions\/203294"}],"wp:featuredmedia":[{"embeddable":true,"href":"https:\/\/staging.aldeco.pt\/pt-pt\/wp-json\/wp\/v2\/media\/196471"}],"wp:attachment":[{"href":"https:\/\/staging.aldeco.pt\/pt-pt\/wp-json\/wp\/v2\/media?parent=198177"}],"wp:term":[{"taxonomy":"product_brand","embeddable":true,"href":"https:\/\/staging.aldeco.pt\/pt-pt\/wp-json\/wp\/v2\/product_brand?post=198177"},{"taxonomy":"product_cat","embeddable":true,"href":"https:\/\/staging.aldeco.pt\/pt-pt\/wp-json\/wp\/v2\/product_cat?post=198177"},{"taxonomy":"product_tag","embeddable":true,"href":"https:\/\/staging.aldeco.pt\/pt-pt\/wp-json\/wp\/v2\/product_tag?post=198177"}],"curies":[{"name":"wp","href":"https:\/\/api.w.org\/{rel}","templated":true}]}}