{"id":198167,"date":"2024-07-23T22:58:05","date_gmt":"2024-07-23T22:58:05","guid":{"rendered":"https:\/\/aldeco.pt\/staging\/product\/almofada-burkina-in-outdoor-green-moss-50x50\/"},"modified":"2024-07-23T22:58:05","modified_gmt":"2024-07-23T22:58:05","slug":"almofada-burkina-in-outdoor-green-moss-50x50","status":"publish","type":"product","link":"https:\/\/staging.aldeco.pt\/pt-pt\/product\/almofada-burkina-in-outdoor-green-moss-50x50\/","title":{"rendered":"ALMOFADA BURKINA IN\/OUTDOOR GREEN MOSS 50&#215;50"},"content":{"rendered":"<p>Esta incr\u00edvel almofada quadrada \u00e9 confecionada no tecido jacquard BURKINA, inspirado em \u00c1frica e na sua maravilhosa arte e uso da cor, os gr\u00e3os de caf\u00e9 e a luz resultam neste tecido abstrato pesado, adequado tanto para uso interior como exterior. Esta almofada tem fecho oculto e est\u00e1 dispon\u00edvel em diversas combina\u00e7\u00f5es de cores, com ou sem enchimento.<\/p>\n","protected":false},"excerpt":{"rendered":"<p>Esta incr\u00edvel almofada quadrada \u00e9 confecionada no tecido jacquard BURKINA, inspirado em \u00c1frica e na sua maravilhosa arte e uso da cor, os gr\u00e3os de caf\u00e9 e a luz resultam neste tecido abstrato pesado, adequado tanto para uso interior como exterior. Esta almofada tem fecho oculto e est\u00e1 dispon\u00edvel em diversas combina\u00e7\u00f5es de cores, com ou sem enchimento. <\/p>\n<h2>Almofada BURKINA \u00e9 um tecido jacquard inspirado em \u00c1frica e na sua maravilhosa arte e uso da cor, os gr\u00e3os de caf\u00e9 e a luz resultam neste tecido abstrato pesado.<\/h2>\n<p><img fetchpriority=\"high\" decoding=\"async\" class=\"alignnone wp-image-196443 size-medium\" src=\"https:\/\/aldeco.pt\/staging\/wp-content\/uploads\/2024\/07\/CUSHION-BURKINA-IN-OUTDOOR-GREEN-MOSS-50x50-1-300x241.jpg\" alt=\"Almofada Burkina In\/Outdooor Green Moss - Aldeco\" width=\"300\" height=\"241\"><\/p>\n<p><a href=\"https:\/\/aldeco.pt\/staging\/product\/cushion-burkina-in-outdoor-green-moss-50x50\/?attribute_pa_aldeco-color=02-green-moss\">https:\/\/aldeco.pt\/staging\/product\/cushion-burkina-in-outdoor-green-moss-50&#215;50\/?attribute_pa_aldeco-color=02-green-moss<\/a><a href=\"https:\/\/www.instagram.com\/aldeco_interiorfabrics\/\">https:\/\/www.instagram.com\/aldeco_interiorfabrics\/<\/a><\/p>\n","protected":false},"featured_media":196444,"template":"","meta":[],"product_brand":[],"product_cat":[6145],"product_tag":[],"class_list":{"0":"post-198167","1":"product","2":"type-product","3":"status-publish","4":"has-post-thumbnail","6":"product_cat-aldeco-2-pt-pt-2","7":"pa_composition-ext-100-pp-pt-pt","8":"pa_line-almofadas","11":"first","12":"instock","13":"purchasable","14":"product-type-variable"},"acf":[],"_links":{"self":[{"href":"https:\/\/staging.aldeco.pt\/pt-pt\/wp-json\/wp\/v2\/product\/198167","targetHints":{"allow":["GET"]}}],"collection":[{"href":"https:\/\/staging.aldeco.pt\/pt-pt\/wp-json\/wp\/v2\/product"}],"about":[{"href":"https:\/\/staging.aldeco.pt\/pt-pt\/wp-json\/wp\/v2\/types\/product"}],"version-history":[{"count":0,"href":"https:\/\/staging.aldeco.pt\/pt-pt\/wp-json\/wp\/v2\/product\/198167\/revisions"}],"wp:featuredmedia":[{"embeddable":true,"href":"https:\/\/staging.aldeco.pt\/pt-pt\/wp-json\/wp\/v2\/media\/196444"}],"wp:attachment":[{"href":"https:\/\/staging.aldeco.pt\/pt-pt\/wp-json\/wp\/v2\/media?parent=198167"}],"wp:term":[{"taxonomy":"product_brand","embeddable":true,"href":"https:\/\/staging.aldeco.pt\/pt-pt\/wp-json\/wp\/v2\/product_brand?post=198167"},{"taxonomy":"product_cat","embeddable":true,"href":"https:\/\/staging.aldeco.pt\/pt-pt\/wp-json\/wp\/v2\/product_cat?post=198167"},{"taxonomy":"product_tag","embeddable":true,"href":"https:\/\/staging.aldeco.pt\/pt-pt\/wp-json\/wp\/v2\/product_tag?post=198167"}],"curies":[{"name":"wp","href":"https:\/\/api.w.org\/{rel}","templated":true}]}}