{"id":198157,"date":"2024-07-23T22:57:41","date_gmt":"2024-07-23T22:57:41","guid":{"rendered":"https:\/\/aldeco.pt\/staging\/product\/almofada-botanical-dream-spring-earth-50x50\/"},"modified":"2024-07-23T22:57:41","modified_gmt":"2024-07-23T22:57:41","slug":"almofada-botanical-dream-spring-earth-50x50","status":"publish","type":"product","link":"https:\/\/staging.aldeco.pt\/pt-pt\/product\/almofada-botanical-dream-spring-earth-50x50\/","title":{"rendered":"ALMOFADA BOTANICAL DREAM SPRING EARTH 50&#215;50"},"content":{"rendered":"<p>Mergulhe na natureza com esta almofada decorativa quadrada no Botanical Dream, um cetim ricamente estampado com motivos animais e bot\u00e2nicos, com cores fortes e pinceladas expressivas. Esta almofada tem fecho oculto e est\u00e1 dispon\u00edvel em diversas combina\u00e7\u00f5es de cores, com ou sem enchimento.<\/p>\n","protected":false},"excerpt":{"rendered":"<p>Mergulhe na natureza com esta almofada decorativa quadrada no Botanical Dream, um cetim ricamente estampado com motivos animais e bot\u00e2nicos, com cores fortes e pinceladas expressivas. Esta almofada tem fecho oculto e est\u00e1 dispon\u00edvel em diversas combina\u00e7\u00f5es de cores, com ou sem enchimento. <\/p>\n<h2>Almofada Botanical Dream, um cetim ricamente estampado com motivos animais e bot\u00e2nicos, com cores fortes e pinceladas expressivas. Esta almofada tem fecho oculto e est\u00e1 dispon\u00edvel em diversas combina\u00e7\u00f5es de cores, com ou sem enchimento.<\/h2>\n<p><img fetchpriority=\"high\" decoding=\"async\" class=\"alignnone wp-image-196415 size-medium\" src=\"https:\/\/aldeco.pt\/staging\/wp-content\/uploads\/2024\/07\/CUSHION-BOTANICAL-DREAM-SPRING-EARTH-50x50-1-300x241.jpg\" alt=\"Almofada Botanical Dream Spring Earth - Aldeco\" width=\"300\" height=\"241\"><\/p>\n<p><a href=\"https:\/\/aldeco.pt\/staging\/product\/cushion-botanical-dream-spring-earth-50x50\/?attribute_pa_aldeco-color=01-spring-earth\">https:\/\/aldeco.pt\/staging\/product\/cushion-botanical-dream-spring-earth-50&#215;50\/?attribute_pa_aldeco-color=01-spring-earth<\/a><a href=\"https:\/\/www.instagram.com\/aldeco_interiorfabrics\/\">https:\/\/www.instagram.com\/aldeco_interiorfabrics\/<\/a><\/p>\n","protected":false},"featured_media":196416,"template":"","meta":[],"product_brand":[],"product_cat":[6145],"product_tag":[],"class_list":{"0":"post-198157","1":"product","2":"type-product","3":"status-publish","4":"has-post-thumbnail","6":"product_cat-aldeco-2-pt-pt-2","7":"pa_composition-ext-100-co-pt-pt","8":"pa_line-almofadas","9":"pa_range-cetim","12":"first","13":"instock","14":"purchasable","15":"product-type-variable"},"acf":[],"_links":{"self":[{"href":"https:\/\/staging.aldeco.pt\/pt-pt\/wp-json\/wp\/v2\/product\/198157","targetHints":{"allow":["GET"]}}],"collection":[{"href":"https:\/\/staging.aldeco.pt\/pt-pt\/wp-json\/wp\/v2\/product"}],"about":[{"href":"https:\/\/staging.aldeco.pt\/pt-pt\/wp-json\/wp\/v2\/types\/product"}],"version-history":[{"count":0,"href":"https:\/\/staging.aldeco.pt\/pt-pt\/wp-json\/wp\/v2\/product\/198157\/revisions"}],"wp:featuredmedia":[{"embeddable":true,"href":"https:\/\/staging.aldeco.pt\/pt-pt\/wp-json\/wp\/v2\/media\/196416"}],"wp:attachment":[{"href":"https:\/\/staging.aldeco.pt\/pt-pt\/wp-json\/wp\/v2\/media?parent=198157"}],"wp:term":[{"taxonomy":"product_brand","embeddable":true,"href":"https:\/\/staging.aldeco.pt\/pt-pt\/wp-json\/wp\/v2\/product_brand?post=198157"},{"taxonomy":"product_cat","embeddable":true,"href":"https:\/\/staging.aldeco.pt\/pt-pt\/wp-json\/wp\/v2\/product_cat?post=198157"},{"taxonomy":"product_tag","embeddable":true,"href":"https:\/\/staging.aldeco.pt\/pt-pt\/wp-json\/wp\/v2\/product_tag?post=198157"}],"curies":[{"name":"wp","href":"https:\/\/api.w.org\/{rel}","templated":true}]}}