{"id":198131,"date":"2024-07-23T22:54:17","date_gmt":"2024-07-23T22:54:17","guid":{"rendered":"https:\/\/aldeco.pt\/staging\/product\/almofada-anni-jacquard-velvet-dark-taupe-linen-60x35\/"},"modified":"2024-10-02T09:33:28","modified_gmt":"2024-10-02T09:33:28","slug":"almofada-anni-jacquard-velvet-dark-taupe-linen-60x35","status":"publish","type":"product","link":"https:\/\/staging.aldeco.pt\/pt-pt\/product\/almofada-anni-jacquard-velvet-dark-taupe-linen-60x35\/","title":{"rendered":"ALMOFADA ANNI JACQUARD VELVET DARK TAUPE LINEN 60&#215;35"},"content":{"rendered":"<p>Almofada decorativa retangular confecionada com veludo Jacquard geom\u00e9trico inspirado na pioneira Anni Albers, designer t\u00eaxtil da Escola Bauhaus que desenvolveu diversos tecidos baseados em motivos geom\u00e9tricos e experi\u00eancias estruturais. Esta almofada com fecho invis\u00edvel est\u00e1 dispon\u00edvel em diversas combina\u00e7\u00f5es de cores, com ou sem enchimento.<\/p>\n","protected":false},"excerpt":{"rendered":"<p>Almofada decorativa retangular confecionada com veludo Jacquard geom\u00e9trico inspirado na pioneira Anni Albers, designer t\u00eaxtil da Escola Bauhaus que desenvolveu diversos tecidos baseados em motivos geom\u00e9tricos e experi\u00eancias estruturais. Esta almofada com fecho invis\u00edvel est\u00e1 dispon\u00edvel em diversas combina\u00e7\u00f5es de cores, com ou sem enchimento.<\/p>\n<h2>Almofada Anni, decorativa retangular confecionada com veludo Jacquard geom\u00e9trico inspirado na pioneira Anni Albers<\/h2>\n<p><img fetchpriority=\"high\" decoding=\"async\" class=\"alignnone wp-image-196361 size-medium\" src=\"https:\/\/aldeco.pt\/staging\/wp-content\/uploads\/2024\/07\/CUSHION-ANNI-JACQUARD-VELVET-DARK-TAUPE-LINEN-60x35-1-300x241.jpg\" alt=\"Almofada Anni Jacqaurd Velvet Dark Taupe Linen - Aldeco\" width=\"300\" height=\"241\" \/><\/p>\n<p><a href=\"https:\/\/aldeco.pt\/staging\/product\/cushion-anni-jacquard-velvet-dark-taupe-linen-60x35\/?attribute_pa_aldeco-color=06-dark-taupe-linen\">https:\/\/aldeco.pt\/staging\/product\/cushion-anni-jacquard-velvet-dark-taupe-linen-60&#215;35\/?attribute_pa_aldeco-color=06-dark-taupe-linen<\/a><a href=\"https:\/\/www.instagram.com\/aldeco_interiorfabrics\/\">https:\/\/www.instagram.com\/aldeco_interiorfabrics\/<\/a><\/p>\n","protected":false},"featured_media":196362,"template":"","meta":[],"product_brand":[],"product_cat":[6145],"product_tag":[],"class_list":{"0":"post-198131","1":"product","2":"type-product","3":"status-publish","4":"has-post-thumbnail","6":"product_cat-aldeco-2-pt-pt-2","7":"pa_composition-ext-75-vi-25-pl-pt-pt","8":"pa_line-almofadas","9":"pa_range-jacquard-pt-pt","10":"pa_range-veludo","13":"first","14":"instock","15":"purchasable","16":"product-type-variable"},"acf":[],"_links":{"self":[{"href":"https:\/\/staging.aldeco.pt\/pt-pt\/wp-json\/wp\/v2\/product\/198131","targetHints":{"allow":["GET"]}}],"collection":[{"href":"https:\/\/staging.aldeco.pt\/pt-pt\/wp-json\/wp\/v2\/product"}],"about":[{"href":"https:\/\/staging.aldeco.pt\/pt-pt\/wp-json\/wp\/v2\/types\/product"}],"version-history":[{"count":1,"href":"https:\/\/staging.aldeco.pt\/pt-pt\/wp-json\/wp\/v2\/product\/198131\/revisions"}],"predecessor-version":[{"id":201785,"href":"https:\/\/staging.aldeco.pt\/pt-pt\/wp-json\/wp\/v2\/product\/198131\/revisions\/201785"}],"wp:featuredmedia":[{"embeddable":true,"href":"https:\/\/staging.aldeco.pt\/pt-pt\/wp-json\/wp\/v2\/media\/196362"}],"wp:attachment":[{"href":"https:\/\/staging.aldeco.pt\/pt-pt\/wp-json\/wp\/v2\/media?parent=198131"}],"wp:term":[{"taxonomy":"product_brand","embeddable":true,"href":"https:\/\/staging.aldeco.pt\/pt-pt\/wp-json\/wp\/v2\/product_brand?post=198131"},{"taxonomy":"product_cat","embeddable":true,"href":"https:\/\/staging.aldeco.pt\/pt-pt\/wp-json\/wp\/v2\/product_cat?post=198131"},{"taxonomy":"product_tag","embeddable":true,"href":"https:\/\/staging.aldeco.pt\/pt-pt\/wp-json\/wp\/v2\/product_tag?post=198131"}],"curies":[{"name":"wp","href":"https:\/\/api.w.org\/{rel}","templated":true}]}}