{"id":198125,"date":"2024-07-23T22:53:57","date_gmt":"2024-07-23T22:53:57","guid":{"rendered":"https:\/\/aldeco.pt\/staging\/product\/almofada-albers-taupe-45x45\/"},"modified":"2024-07-23T22:53:57","modified_gmt":"2024-07-23T22:53:57","slug":"almofada-albers-taupe-45x45","status":"publish","type":"product","link":"https:\/\/staging.aldeco.pt\/pt-pt\/product\/almofada-albers-taupe-45x45\/","title":{"rendered":"ALMOFADA ALBERS TAUPE 45&#215;45"},"content":{"rendered":"<p>Almofada decorativa quadrada confecionada em cetim jacquard tinto em fio e tratamento suavizante. Este padr\u00e3o geom\u00e9trico foi inspirado em Anni Albers com formas geom\u00e9tricas desencontradas, originando um padr\u00e3o e muito din\u00e2mico. Esta almofada com fecho invis\u00edvel est\u00e1 dispon\u00edvel em diversas combina\u00e7\u00f5es de cores, com ou sem enchimento.<\/p>\n","protected":false},"excerpt":{"rendered":"<p>Almofada decorativa quadrada confecionada em cetim jacquard tinto em fio e tratamento suavizante. Este padr\u00e3o geom\u00e9trico foi inspirado em Anni Albers com formas geom\u00e9tricas desencontradas, originando um padr\u00e3o e muito din\u00e2mico. Esta almofada com fecho invis\u00edvel est\u00e1 dispon\u00edvel em diversas combina\u00e7\u00f5es de cores, com ou sem enchimento. <\/p>\n<h2>Almofada Albers, este padr\u00e3o geom\u00e9trico foi inspirado em Anni Albers com formas geom\u00e9tricas desencontradas originando um padr\u00e3o muito din\u00e2mico. Esta almofada com fecho invis\u00edvel est\u00e1 dispon\u00edvel em diversas combina\u00e7\u00f5es de cores, com ou sem enchimento.<\/h2>\n<p><img fetchpriority=\"high\" decoding=\"async\" class=\"alignnone wp-image-196345 size-medium\" src=\"https:\/\/aldeco.pt\/staging\/wp-content\/uploads\/2024\/07\/CUSHION-ALBERS-TAUPE-45x45-1-300x241.jpg\" alt=\"Almofada Albers Taupe - Aldeco\" width=\"300\" height=\"241\"><\/p>\n<p><a href=\"https:\/\/aldeco.pt\/staging\/product\/cushion-albers-taupe-45x45\/?attribute_pa_aldeco-color=05-taupe\">https:\/\/aldeco.pt\/staging\/product\/cushion-albers-taupe-45&#215;45\/?attribute_pa_aldeco-color=05-taupe<\/a><a href=\"https:\/\/www.instagram.com\/aldeco_interiorfabrics\/\">https:\/\/www.instagram.com\/aldeco_interiorfabrics\/<\/a><\/p>\n","protected":false},"featured_media":196346,"template":"","meta":[],"product_brand":[],"product_cat":[6145],"product_tag":[],"class_list":{"0":"post-198125","1":"product","2":"type-product","3":"status-publish","4":"has-post-thumbnail","6":"product_cat-aldeco-2-pt-pt-2","7":"pa_composition-ext-50-co-17-vi-33-pl-pt-pt","8":"pa_line-almofadas","9":"pa_range-jacquard-pt-pt","12":"first","13":"instock","14":"purchasable","15":"product-type-variable"},"acf":[],"_links":{"self":[{"href":"https:\/\/staging.aldeco.pt\/pt-pt\/wp-json\/wp\/v2\/product\/198125","targetHints":{"allow":["GET"]}}],"collection":[{"href":"https:\/\/staging.aldeco.pt\/pt-pt\/wp-json\/wp\/v2\/product"}],"about":[{"href":"https:\/\/staging.aldeco.pt\/pt-pt\/wp-json\/wp\/v2\/types\/product"}],"version-history":[{"count":0,"href":"https:\/\/staging.aldeco.pt\/pt-pt\/wp-json\/wp\/v2\/product\/198125\/revisions"}],"wp:featuredmedia":[{"embeddable":true,"href":"https:\/\/staging.aldeco.pt\/pt-pt\/wp-json\/wp\/v2\/media\/196346"}],"wp:attachment":[{"href":"https:\/\/staging.aldeco.pt\/pt-pt\/wp-json\/wp\/v2\/media?parent=198125"}],"wp:term":[{"taxonomy":"product_brand","embeddable":true,"href":"https:\/\/staging.aldeco.pt\/pt-pt\/wp-json\/wp\/v2\/product_brand?post=198125"},{"taxonomy":"product_cat","embeddable":true,"href":"https:\/\/staging.aldeco.pt\/pt-pt\/wp-json\/wp\/v2\/product_cat?post=198125"},{"taxonomy":"product_tag","embeddable":true,"href":"https:\/\/staging.aldeco.pt\/pt-pt\/wp-json\/wp\/v2\/product_tag?post=198125"}],"curies":[{"name":"wp","href":"https:\/\/api.w.org\/{rel}","templated":true}]}}