{"id":198111,"date":"2024-07-23T23:20:52","date_gmt":"2024-07-23T23:20:52","guid":{"rendered":"https:\/\/aldeco.pt\/staging\/product\/almofada-specialist-fr-denim-hydro-blue-linen-50x50\/"},"modified":"2024-10-08T16:08:58","modified_gmt":"2024-10-08T16:08:58","slug":"almofada-specialist-fr-denim-hydro-blue-linen-50x50","status":"publish","type":"product","link":"https:\/\/staging.aldeco.pt\/pt-pt\/product\/almofada-specialist-fr-denim-hydro-blue-linen-50x50\/","title":{"rendered":"ALMOFADA SPECIALIST FR DENIM HYDRO BLUE LINEN 50&#215;50"},"content":{"rendered":"<p>Almofada decorativa quadrada em Specialist em duas cores distintas. Um linho com um aspecto caracter\u00edstico muito natural e org\u00e2nico. Cores cuidadosamente desenvolvidas para conjugar com os diversos designs desta colec\u00e7\u00e3o assim como das restantes. Esta almofada tem fecho oculto e est\u00e1 dispon\u00edvel em diversas combina\u00e7\u00f5es de cores, com ou sem enchimento.<\/p>\n","protected":false},"excerpt":{"rendered":"<p>Almofada decorativa quadrada em Specialist em duas cores distintas. Um linho com um aspecto caracter\u00edstico muito natural e org\u00e2nico. Cores cuidadosamente desenvolvidas para conjugar com os diversos designs desta colec\u00e7\u00e3o assim como das restantes. Esta almofada tem fecho oculto e est\u00e1 dispon\u00edvel em diversas combina\u00e7\u00f5es de cores, com ou sem enchimento.<\/p>\n<h2>Almofada Specialist \u00e9 um linho com um aspecto caracter\u00edstico muito natural e org\u00e2nico.<\/h2>\n<p><img fetchpriority=\"high\" decoding=\"async\" class=\"alignnone wp-image-197159 size-medium\" src=\"https:\/\/aldeco.pt\/staging\/wp-content\/uploads\/2024\/07\/CUSHION-SPECIALIST-FR-DENIM-HYDRO-BLUE-LINEN-50x50-1-300x241.jpg\" alt=\"Almofada Specialist Fr Denim Hydro Blue Linen - Aldeco\" width=\"300\" height=\"241\" \/><\/p>\n<p><a href=\"https:\/\/aldeco.pt\/staging\/product\/cushion-specialist-fr-denim-hydro-blue-linen-50x50\/?attribute_pa_aldeco-color=12-denim-blue\">https:\/\/aldeco.pt\/staging\/product\/cushion-specialist-fr-denim-hydro-blue-linen-50&#215;50\/?attribute_pa_aldeco-color=12-denim-blue<\/a><a href=\"https:\/\/www.instagram.com\/aldeco_interiorfabrics\/\">https:\/\/www.instagram.com\/aldeco_interiorfabrics\/<\/a><\/p>\n","protected":false},"featured_media":197160,"template":"","meta":[],"product_brand":[],"product_cat":[6145],"product_tag":[],"class_list":{"0":"post-198111","1":"product","2":"type-product","3":"status-publish","4":"has-post-thumbnail","6":"product_cat-aldeco-2-pt-pt-2","7":"pa_composition-ext-100-li-pt-pt","8":"pa_line-almofadas","9":"pa_range-liso","12":"first","13":"instock","14":"purchasable","15":"product-type-variable"},"acf":[],"_links":{"self":[{"href":"https:\/\/staging.aldeco.pt\/pt-pt\/wp-json\/wp\/v2\/product\/198111","targetHints":{"allow":["GET"]}}],"collection":[{"href":"https:\/\/staging.aldeco.pt\/pt-pt\/wp-json\/wp\/v2\/product"}],"about":[{"href":"https:\/\/staging.aldeco.pt\/pt-pt\/wp-json\/wp\/v2\/types\/product"}],"version-history":[{"count":3,"href":"https:\/\/staging.aldeco.pt\/pt-pt\/wp-json\/wp\/v2\/product\/198111\/revisions"}],"predecessor-version":[{"id":202245,"href":"https:\/\/staging.aldeco.pt\/pt-pt\/wp-json\/wp\/v2\/product\/198111\/revisions\/202245"}],"wp:featuredmedia":[{"embeddable":true,"href":"https:\/\/staging.aldeco.pt\/pt-pt\/wp-json\/wp\/v2\/media\/197160"}],"wp:attachment":[{"href":"https:\/\/staging.aldeco.pt\/pt-pt\/wp-json\/wp\/v2\/media?parent=198111"}],"wp:term":[{"taxonomy":"product_brand","embeddable":true,"href":"https:\/\/staging.aldeco.pt\/pt-pt\/wp-json\/wp\/v2\/product_brand?post=198111"},{"taxonomy":"product_cat","embeddable":true,"href":"https:\/\/staging.aldeco.pt\/pt-pt\/wp-json\/wp\/v2\/product_cat?post=198111"},{"taxonomy":"product_tag","embeddable":true,"href":"https:\/\/staging.aldeco.pt\/pt-pt\/wp-json\/wp\/v2\/product_tag?post=198111"}],"curies":[{"name":"wp","href":"https:\/\/api.w.org\/{rel}","templated":true}]}}