{"id":197891,"date":"2024-07-23T23:17:13","date_gmt":"2024-07-23T23:17:13","guid":{"rendered":"https:\/\/aldeco.pt\/staging\/product\/almofada-resistance-easy-clean-fr-greige-45x45\/"},"modified":"2024-08-06T11:10:57","modified_gmt":"2024-08-06T11:10:57","slug":"almofada-resistance-easy-clean-fr-greige-45x45","status":"publish","type":"product","link":"https:\/\/staging.aldeco.pt\/pt-pt\/product\/almofada-resistance-easy-clean-fr-greige-45x45\/","title":{"rendered":"ALMOFADA RESISTANCE EASY CLEAN FR GREIGE 45&#215;45"},"content":{"rendered":"<p>Almofada decorativa quadrada com tecido Resistance, um chenille naturalmente macio como um veludo aliado a uma resist\u00eancia e durabilidade imbat\u00edveis e de f\u00e1cil limpeza. Este tecido \u00e9 ecol\u00f3gico porque cumpre a norma OEKO-TEX 100, n\u00e3o possui subst\u00e2ncias nocivas para o ambiente. Esta almofada tem fecho oculto e est\u00e1 dispon\u00edvel em diversas combina\u00e7\u00f5es de cores, com ou sem enchimento.<\/p>\n","protected":false},"excerpt":{"rendered":"<p>Almofada decorativa quadrada com tecido Resistance, um chenille naturalmente macio como um veludo aliado a uma resist\u00eancia e durabilidade imbat\u00edveis e de f\u00e1cil limpeza. Este tecido \u00e9 ecol\u00f3gico porque cumpre a norma OEKO-TEX 100, n\u00e3o possui subst\u00e2ncias nocivas para o ambiente. Esta almofada tem fecho oculto e est\u00e1 dispon\u00edvel em diversas combina\u00e7\u00f5es de cores, com ou sem enchimento. <\/p>\n<h2>Almofada Resistance \u00e9 um chenille naturalmente macio como um veludo aliado a uma resist\u00eancia e durabilidade imbat\u00edveis e de f\u00e1cil limpeza.<\/h2>\n<p><img fetchpriority=\"high\" decoding=\"async\" class=\"alignnone wp-image-197074 size-medium\" src=\"https:\/\/aldeco.pt\/staging\/wp-content\/uploads\/2024\/07\/CUSHION-RESISTANCE-EASY-CLEAN-FR-GREIGE-45x45-1-300x241.jpg\" alt=\"Almofada Resistance Easy Clean Fr Greige - Aldeco\" width=\"300\" height=\"241\"><\/p>\n<p><a href=\"https:\/\/aldeco.pt\/staging\/product\/cushion-resistance-easy-clean-fr-greige-45x45\/?attribute_pa_aldeco-color=03-greige\">https:\/\/aldeco.pt\/staging\/product\/cushion-resistance-easy-clean-fr-greige-45&#215;45\/?attribute_pa_aldeco-color=03-greige<\/a><a href=\"https:\/\/www.instagram.com\/aldeco_interiorfabrics\/\">https:\/\/www.instagram.com\/aldeco_interiorfabrics\/<\/a><\/p>\n","protected":false},"featured_media":197075,"template":"","meta":[],"product_brand":[],"product_cat":[6145],"product_tag":[],"class_list":{"0":"post-197891","1":"product","2":"type-product","3":"status-publish","4":"has-post-thumbnail","6":"product_cat-aldeco-2-pt-pt-2","7":"pa_composition-ext-80-pl-11-pl-rec-5-co-4-co-rec-pt-pt","8":"pa_line-almofadas","9":"pa_range-chenile","12":"first","13":"instock","14":"purchasable","15":"product-type-variable"},"acf":[],"_links":{"self":[{"href":"https:\/\/staging.aldeco.pt\/pt-pt\/wp-json\/wp\/v2\/product\/197891","targetHints":{"allow":["GET"]}}],"collection":[{"href":"https:\/\/staging.aldeco.pt\/pt-pt\/wp-json\/wp\/v2\/product"}],"about":[{"href":"https:\/\/staging.aldeco.pt\/pt-pt\/wp-json\/wp\/v2\/types\/product"}],"version-history":[{"count":1,"href":"https:\/\/staging.aldeco.pt\/pt-pt\/wp-json\/wp\/v2\/product\/197891\/revisions"}],"predecessor-version":[{"id":197937,"href":"https:\/\/staging.aldeco.pt\/pt-pt\/wp-json\/wp\/v2\/product\/197891\/revisions\/197937"}],"wp:featuredmedia":[{"embeddable":true,"href":"https:\/\/staging.aldeco.pt\/pt-pt\/wp-json\/wp\/v2\/media\/197075"}],"wp:attachment":[{"href":"https:\/\/staging.aldeco.pt\/pt-pt\/wp-json\/wp\/v2\/media?parent=197891"}],"wp:term":[{"taxonomy":"product_brand","embeddable":true,"href":"https:\/\/staging.aldeco.pt\/pt-pt\/wp-json\/wp\/v2\/product_brand?post=197891"},{"taxonomy":"product_cat","embeddable":true,"href":"https:\/\/staging.aldeco.pt\/pt-pt\/wp-json\/wp\/v2\/product_cat?post=197891"},{"taxonomy":"product_tag","embeddable":true,"href":"https:\/\/staging.aldeco.pt\/pt-pt\/wp-json\/wp\/v2\/product_tag?post=197891"}],"curies":[{"name":"wp","href":"https:\/\/api.w.org\/{rel}","templated":true}]}}