{"id":197880,"date":"2024-07-23T23:10:46","date_gmt":"2024-07-23T23:10:46","guid":{"rendered":"https:\/\/aldeco.pt\/staging\/product\/almofada-looks-water-repellent-fr-natural-blue-45x45\/"},"modified":"2024-10-01T15:04:41","modified_gmt":"2024-10-01T15:04:41","slug":"almofada-looks-water-repellent-fr-natural-blue-45x45","status":"publish","type":"product","link":"https:\/\/staging.aldeco.pt\/pt-pt\/product\/almofada-looks-water-repellent-fr-natural-blue-45x45\/","title":{"rendered":"ALMOFADA LOOKS WATER REPELLENT FR NATURAL BLUE 45&#215;45"},"content":{"rendered":"<p>Almofada decorativa quadrada com tecido Looks. Tecido jacquard com efeito misto, repelente \u00e0 \u00e1gua (hidrof\u00edlico) com um motivo chevron desconstru\u00eddo muito discreto. Esta almofada tem fecho oculto e est\u00e1 dispon\u00edvel em diversas combina\u00e7\u00f5es de cores, com ou sem enchimento.<\/p>\n","protected":false},"excerpt":{"rendered":"<p>Almofada decorativa quadrada com tecido Looks. Tecido jacquard com efeito misto, repelente \u00e0 \u00e1gua (hidrof\u00edlico) com um motivo chevron desconstru\u00eddo muito discreto. Esta almofada tem fecho oculto e est\u00e1 dispon\u00edvel em diversas combina\u00e7\u00f5es de cores, com ou sem enchimento.<\/p>\n<h2>Almofada Looks \u00e9 um tecido jacquard de efeito mesclado, repelente de \u00e1gua (hidr\u00f3filo) com um motivo chevron desconstru\u00eddo muito discreto.<\/h2>\n<p><img fetchpriority=\"high\" decoding=\"async\" class=\"alignnone wp-image-197046 size-medium\" src=\"https:\/\/aldeco.pt\/staging\/wp-content\/uploads\/2024\/07\/CUSHION-LOOKS-WATER-REPELLENT-FR-NATURAL-BLUE-45x45-1-300x241.jpg\" alt=\"Almofada Looks Water Repellent Fr Natural Blue - Aldeco\" width=\"300\" height=\"241\" \/><\/p>\n<p><a href=\"https:\/\/aldeco.pt\/staging\/product\/cushion-looks-water-repellent-fr-natural-blue-45x45\/?attribute_pa_aldeco-color=05-natural-blue\">https:\/\/aldeco.pt\/staging\/product\/cushion-looks-water-repellent-fr-natural-blue-45&#215;45\/?attribute_pa_aldeco-color=05-natural-blue<\/a><a href=\"https:\/\/www.instagram.com\/aldeco_interiorfabrics\/\">https:\/\/www.instagram.com\/aldeco_interiorfabrics\/<\/a><\/p>\n","protected":false},"featured_media":197047,"template":"","meta":[],"product_brand":[],"product_cat":[6145],"product_tag":[],"class_list":{"0":"post-197880","1":"product","2":"type-product","3":"status-publish","4":"has-post-thumbnail","6":"product_cat-aldeco-2-pt-pt-2","7":"pa_composition-ext-45-co-30-cv-25-pl-pt-pt","8":"pa_line-almofadas","9":"pa_range-jacquard-pt-pt","12":"first","13":"instock","14":"purchasable","15":"product-type-variable"},"acf":[],"_links":{"self":[{"href":"https:\/\/staging.aldeco.pt\/pt-pt\/wp-json\/wp\/v2\/product\/197880","targetHints":{"allow":["GET"]}}],"collection":[{"href":"https:\/\/staging.aldeco.pt\/pt-pt\/wp-json\/wp\/v2\/product"}],"about":[{"href":"https:\/\/staging.aldeco.pt\/pt-pt\/wp-json\/wp\/v2\/types\/product"}],"version-history":[{"count":3,"href":"https:\/\/staging.aldeco.pt\/pt-pt\/wp-json\/wp\/v2\/product\/197880\/revisions"}],"predecessor-version":[{"id":201728,"href":"https:\/\/staging.aldeco.pt\/pt-pt\/wp-json\/wp\/v2\/product\/197880\/revisions\/201728"}],"wp:featuredmedia":[{"embeddable":true,"href":"https:\/\/staging.aldeco.pt\/pt-pt\/wp-json\/wp\/v2\/media\/197047"}],"wp:attachment":[{"href":"https:\/\/staging.aldeco.pt\/pt-pt\/wp-json\/wp\/v2\/media?parent=197880"}],"wp:term":[{"taxonomy":"product_brand","embeddable":true,"href":"https:\/\/staging.aldeco.pt\/pt-pt\/wp-json\/wp\/v2\/product_brand?post=197880"},{"taxonomy":"product_cat","embeddable":true,"href":"https:\/\/staging.aldeco.pt\/pt-pt\/wp-json\/wp\/v2\/product_cat?post=197880"},{"taxonomy":"product_tag","embeddable":true,"href":"https:\/\/staging.aldeco.pt\/pt-pt\/wp-json\/wp\/v2\/product_tag?post=197880"}],"curies":[{"name":"wp","href":"https:\/\/api.w.org\/{rel}","templated":true}]}}