{"id":197861,"date":"2024-07-23T23:03:34","date_gmt":"2024-07-23T23:03:34","guid":{"rendered":"https:\/\/aldeco.pt\/staging\/product\/almofada-freddie-velvet-col-02-linen-dune-50x50\/"},"modified":"2024-08-06T11:13:56","modified_gmt":"2024-08-06T11:13:56","slug":"almofada-freddie-velvet-col-02-linen-dune-50x50","status":"publish","type":"product","link":"https:\/\/staging.aldeco.pt\/pt-pt\/product\/almofada-freddie-velvet-col-02-linen-dune-50x50\/","title":{"rendered":"ALMOFADA FREDDIE VELVET Col 02 LINEN DUNE 50&#215;50"},"content":{"rendered":"<p>Almofada decorativa quadrada macia com Freddie Velvet. Os ritmos fren\u00e9ticos deste desenho geom\u00e9trico resultam num bel\u00edssimo veludo jacquard com base de efeito alinhado. Esta almofada tem fecho oculto e est\u00e1 dispon\u00edvel em diversas combina\u00e7\u00f5es de cores, com ou sem enchimento.<\/p>\n","protected":false},"excerpt":{"rendered":"<p>Almofada decorativa quadrada macia com Freddie Velvet. Os ritmos fren\u00e9ticos deste desenho geom\u00e9trico resultam num bel\u00edssimo veludo jacquard com base de efeito alinhado. Esta almofada tem fecho oculto e est\u00e1 dispon\u00edvel em diversas combina\u00e7\u00f5es de cores, com ou sem enchimento. <\/p>\n<h2>Almofada Freddie, os ritmos fren\u00e9ticos deste desenho geom\u00e9trico resultam num bel\u00edssimo veludo jacquard com base de efeito alinhado.<\/h2>\n<p><img fetchpriority=\"high\" decoding=\"async\" class=\"alignnone wp-image-196992 size-medium\" src=\"https:\/\/aldeco.pt\/staging\/wp-content\/uploads\/2024\/07\/CUSHION-FREDDIE-VELVET-Col-02-LINEN-DUNE-50x50-1-300x241.jpg\" alt=\"Almofada Freddie Velvet Linen Dune - Aldeco\" width=\"300\" height=\"241\"><\/p>\n<p><a href=\"https:\/\/aldeco.pt\/staging\/product\/cushion-freddie-velvet-col-02-linen-dune-50x50\/?attribute_pa_aldeco-color=02-linen-dune\">https:\/\/aldeco.pt\/staging\/product\/cushion-freddie-velvet-col-02-linen-dune-50&#215;50\/?attribute_pa_aldeco-color=02-linen-dune<\/a><a href=\"https:\/\/www.instagram.com\/aldeco_interiorfabrics\/\">https:\/\/www.instagram.com\/aldeco_interiorfabrics\/<\/a><\/p>\n","protected":false},"featured_media":196993,"template":"","meta":[],"product_brand":[],"product_cat":[6145],"product_tag":[],"class_list":{"0":"post-197861","1":"product","2":"type-product","3":"status-publish","4":"has-post-thumbnail","6":"product_cat-aldeco-2-pt-pt-2","7":"pa_composition-ext-77-vi-23-pl-pt-pt","8":"pa_line-almofadas","9":"pa_range-jacquard-pt-pt","10":"pa_range-veludo","13":"first","14":"instock","15":"purchasable","16":"product-type-variable"},"acf":[],"_links":{"self":[{"href":"https:\/\/staging.aldeco.pt\/pt-pt\/wp-json\/wp\/v2\/product\/197861","targetHints":{"allow":["GET"]}}],"collection":[{"href":"https:\/\/staging.aldeco.pt\/pt-pt\/wp-json\/wp\/v2\/product"}],"about":[{"href":"https:\/\/staging.aldeco.pt\/pt-pt\/wp-json\/wp\/v2\/types\/product"}],"version-history":[{"count":1,"href":"https:\/\/staging.aldeco.pt\/pt-pt\/wp-json\/wp\/v2\/product\/197861\/revisions"}],"predecessor-version":[{"id":198013,"href":"https:\/\/staging.aldeco.pt\/pt-pt\/wp-json\/wp\/v2\/product\/197861\/revisions\/198013"}],"wp:featuredmedia":[{"embeddable":true,"href":"https:\/\/staging.aldeco.pt\/pt-pt\/wp-json\/wp\/v2\/media\/196993"}],"wp:attachment":[{"href":"https:\/\/staging.aldeco.pt\/pt-pt\/wp-json\/wp\/v2\/media?parent=197861"}],"wp:term":[{"taxonomy":"product_brand","embeddable":true,"href":"https:\/\/staging.aldeco.pt\/pt-pt\/wp-json\/wp\/v2\/product_brand?post=197861"},{"taxonomy":"product_cat","embeddable":true,"href":"https:\/\/staging.aldeco.pt\/pt-pt\/wp-json\/wp\/v2\/product_cat?post=197861"},{"taxonomy":"product_tag","embeddable":true,"href":"https:\/\/staging.aldeco.pt\/pt-pt\/wp-json\/wp\/v2\/product_tag?post=197861"}],"curies":[{"name":"wp","href":"https:\/\/api.w.org\/{rel}","templated":true}]}}