{"id":197855,"date":"2024-07-23T22:59:31","date_gmt":"2024-07-23T22:59:31","guid":{"rendered":"https:\/\/aldeco.pt\/staging\/product\/almofada-carvalhal-fresh-mint-blue-45x45\/"},"modified":"2024-09-23T09:41:04","modified_gmt":"2024-09-23T09:41:04","slug":"almofada-carvalhal-fresh-mint-blue-45x45","status":"publish","type":"product","link":"https:\/\/staging.aldeco.pt\/pt-pt\/product\/almofada-carvalhal-fresh-mint-blue-45x45\/","title":{"rendered":"ALMOFADA CARVALHAL FRESH MINT BLUE 45&#215;45"},"content":{"rendered":"<p>Almofada quadrada no tecido Jacquard Carvalhal In\/Outdoor inspirado na cestaria portuguesa com um padr\u00e3o geom\u00e9trico em zig zag que define uma risca descontra\u00edda. Esta almofada possui fecho oculto, est\u00e1 dispon\u00edvel em diversas combina\u00e7\u00f5es de cores, com ou sem enchimento.<\/p>\n","protected":false},"excerpt":{"rendered":"<p>Almofada quadrada no tecido Jacquard Carvalhal In\/Outdoor inspirado na cestaria portuguesa com um padr\u00e3o geom\u00e9trico em zig zag que define uma risca descontra\u00edda. Esta almofada possui fecho oculto, est\u00e1 dispon\u00edvel em diversas combina\u00e7\u00f5es de cores, com ou sem enchimento.<\/p>\n<h2>Almofada Carvalhal, tecido Jacquard Carvalhal In\/Outdoor inspirado na cestaria portuguesa com um padr\u00e3o geom\u00e9trico em zig zag que define uma risca descontra\u00edda.<\/h2>\n<p><img fetchpriority=\"high\" decoding=\"async\" class=\"alignnone wp-image-196966 size-medium\" src=\"https:\/\/aldeco.pt\/staging\/wp-content\/uploads\/2024\/07\/CUSHION-CARVALHAL-FRESH-MINT-BLUE-45x45-1-300x241.jpg\" alt=\"Almofada Carvalhal Fresh Mint Blue - Aldeco\" width=\"300\" height=\"241\" \/><\/p>\n<p><a href=\"https:\/\/aldeco.pt\/staging\/product\/cushion-carvalhal-fresh-mint-blue-45x45\/?attribute_pa_aldeco-color=03-fresh-mint-blue\">https:\/\/aldeco.pt\/staging\/product\/cushion-carvalhal-fresh-mint-blue-45&#215;45\/?attribute_pa_aldeco-color=03-fresh-mint-blue<\/a><a href=\"https:\/\/www.instagram.com\/aldeco_interiorfabrics\/\">https:\/\/www.instagram.com\/aldeco_interiorfabrics\/<\/a><\/p>\n","protected":false},"featured_media":196967,"template":"","meta":[],"product_brand":[],"product_cat":[6145],"product_tag":[],"class_list":{"0":"post-197855","1":"product","2":"type-product","3":"status-publish","4":"has-post-thumbnail","6":"product_cat-aldeco-2-pt-pt-2","7":"pa_composition-ext-100-pp-pt-pt","8":"pa_line-almofadas","11":"first","12":"instock","13":"purchasable","14":"product-type-variable"},"acf":[],"_links":{"self":[{"href":"https:\/\/staging.aldeco.pt\/pt-pt\/wp-json\/wp\/v2\/product\/197855","targetHints":{"allow":["GET"]}}],"collection":[{"href":"https:\/\/staging.aldeco.pt\/pt-pt\/wp-json\/wp\/v2\/product"}],"about":[{"href":"https:\/\/staging.aldeco.pt\/pt-pt\/wp-json\/wp\/v2\/types\/product"}],"version-history":[{"count":2,"href":"https:\/\/staging.aldeco.pt\/pt-pt\/wp-json\/wp\/v2\/product\/197855\/revisions"}],"predecessor-version":[{"id":200740,"href":"https:\/\/staging.aldeco.pt\/pt-pt\/wp-json\/wp\/v2\/product\/197855\/revisions\/200740"}],"wp:featuredmedia":[{"embeddable":true,"href":"https:\/\/staging.aldeco.pt\/pt-pt\/wp-json\/wp\/v2\/media\/196967"}],"wp:attachment":[{"href":"https:\/\/staging.aldeco.pt\/pt-pt\/wp-json\/wp\/v2\/media?parent=197855"}],"wp:term":[{"taxonomy":"product_brand","embeddable":true,"href":"https:\/\/staging.aldeco.pt\/pt-pt\/wp-json\/wp\/v2\/product_brand?post=197855"},{"taxonomy":"product_cat","embeddable":true,"href":"https:\/\/staging.aldeco.pt\/pt-pt\/wp-json\/wp\/v2\/product_cat?post=197855"},{"taxonomy":"product_tag","embeddable":true,"href":"https:\/\/staging.aldeco.pt\/pt-pt\/wp-json\/wp\/v2\/product_tag?post=197855"}],"curies":[{"name":"wp","href":"https:\/\/api.w.org\/{rel}","templated":true}]}}