{"id":197841,"date":"2024-07-23T22:58:21","date_gmt":"2024-07-23T22:58:21","guid":{"rendered":"https:\/\/aldeco.pt\/staging\/product\/almofada-cabana-little-miss-sunshine-45x45\/"},"modified":"2024-08-06T11:14:30","modified_gmt":"2024-08-06T11:14:30","slug":"almofada-cabana-little-miss-sunshine-45x45","status":"publish","type":"product","link":"https:\/\/staging.aldeco.pt\/pt-pt\/product\/almofada-cabana-little-miss-sunshine-45x45\/","title":{"rendered":"ALMOFADA CABANA LITTLE MISS SUNSHINE 45&#215;45"},"content":{"rendered":"<p>A almofada quadrada CABANA \u00e9 produzida em tecido jacquard pesado com riscas de diferentes espessuras que lhe conferem dinamismo e personalidade. Esta almofada tem fecho oculto e est\u00e1 dispon\u00edvel em diversas combina\u00e7\u00f5es de cores, com ou sem enchimento.<\/p>\n","protected":false},"excerpt":{"rendered":"<p>A almofada quadrada CABANA \u00e9 produzida em tecido jacquard pesado com riscas de diferentes espessuras que lhe conferem dinamismo e personalidade. Esta almofada tem fecho oculto e est\u00e1 dispon\u00edvel em diversas combina\u00e7\u00f5es de cores, com ou sem enchimento. <\/p>\n<h2>Almofada CABANA \u00e9 produzida em tecido jacquard pesado com riscas de diferentes espessuras que lhe conferem dinamismo e personalidade.<\/h2>\n<p><img fetchpriority=\"high\" decoding=\"async\" class=\"alignnone wp-image-196935 size-medium\" src=\"https:\/\/aldeco.pt\/staging\/wp-content\/uploads\/2024\/07\/CUSHION-CABANA-LITTLE-MISS-SUNSHINE-45x45-1-300x241.jpg\" alt=\"Almofada Cabana Little Miss Sunshine - Aldeco\" width=\"300\" height=\"241\"><\/p>\n<p><a href=\"https:\/\/aldeco.pt\/staging\/product\/cushion-cabana-little-miss-sunshine-45x45\/?attribute_pa_aldeco-color=06-little-miss-sunshine\">https:\/\/aldeco.pt\/staging\/product\/cushion-cabana-little-miss-sunshine-45&#215;45\/?attribute_pa_aldeco-color=06-little-miss-sunshine<\/a><a href=\"https:\/\/www.instagram.com\/aldeco_interiorfabrics\/\">https:\/\/www.instagram.com\/aldeco_interiorfabrics\/<\/a><\/p>\n<p>&nbsp;<\/p>\n","protected":false},"featured_media":196936,"template":"","meta":[],"product_brand":[],"product_cat":[6145],"product_tag":[],"class_list":{"0":"post-197841","1":"product","2":"type-product","3":"status-publish","4":"has-post-thumbnail","6":"product_cat-aldeco-2-pt-pt-2","7":"pa_composition-ext-100-pp-pt-pt","8":"pa_line-almofadas","11":"first","12":"instock","13":"purchasable","14":"product-type-variable"},"acf":[],"_links":{"self":[{"href":"https:\/\/staging.aldeco.pt\/pt-pt\/wp-json\/wp\/v2\/product\/197841","targetHints":{"allow":["GET"]}}],"collection":[{"href":"https:\/\/staging.aldeco.pt\/pt-pt\/wp-json\/wp\/v2\/product"}],"about":[{"href":"https:\/\/staging.aldeco.pt\/pt-pt\/wp-json\/wp\/v2\/types\/product"}],"version-history":[{"count":1,"href":"https:\/\/staging.aldeco.pt\/pt-pt\/wp-json\/wp\/v2\/product\/197841\/revisions"}],"predecessor-version":[{"id":198052,"href":"https:\/\/staging.aldeco.pt\/pt-pt\/wp-json\/wp\/v2\/product\/197841\/revisions\/198052"}],"wp:featuredmedia":[{"embeddable":true,"href":"https:\/\/staging.aldeco.pt\/pt-pt\/wp-json\/wp\/v2\/media\/196936"}],"wp:attachment":[{"href":"https:\/\/staging.aldeco.pt\/pt-pt\/wp-json\/wp\/v2\/media?parent=197841"}],"wp:term":[{"taxonomy":"product_brand","embeddable":true,"href":"https:\/\/staging.aldeco.pt\/pt-pt\/wp-json\/wp\/v2\/product_brand?post=197841"},{"taxonomy":"product_cat","embeddable":true,"href":"https:\/\/staging.aldeco.pt\/pt-pt\/wp-json\/wp\/v2\/product_cat?post=197841"},{"taxonomy":"product_tag","embeddable":true,"href":"https:\/\/staging.aldeco.pt\/pt-pt\/wp-json\/wp\/v2\/product_tag?post=197841"}],"curies":[{"name":"wp","href":"https:\/\/api.w.org\/{rel}","templated":true}]}}