{"id":197827,"date":"2024-07-23T22:56:23","date_gmt":"2024-07-23T22:56:23","guid":{"rendered":"https:\/\/aldeco.pt\/staging\/product\/almofada-bliss-comporta-pale-dogwood-nude-45x45\/"},"modified":"2024-10-03T09:04:30","modified_gmt":"2024-10-03T09:04:30","slug":"almofada-bliss-comporta-pale-dogwood-nude-45x45","status":"publish","type":"product","link":"https:\/\/staging.aldeco.pt\/pt-pt\/product\/almofada-bliss-comporta-pale-dogwood-nude-45x45\/","title":{"rendered":"ALMOFADA BLISS COMPORTA PALE DOGWOOD NUDE 45&#215;45"},"content":{"rendered":"<p>Almofada decorativa quadrada no tecido jacquard BLISS COMPORTA para In\/Outdoor inspirado na cestaria portuguesa com um complexo padr\u00e3o geom\u00e9trico. Esta almofada tem fecho oculto e est\u00e1 dispon\u00edvel em diversas combina\u00e7\u00f5es de cores, com ou sem enchimento.<\/p>\n","protected":false},"excerpt":{"rendered":"<p>Almofada decorativa quadrada no tecido jacquard BLISS COMPORTA para In\/Outdoor inspirado na cestaria portuguesa com um complexo padr\u00e3o geom\u00e9trico. Esta almofada tem fecho oculto e est\u00e1 dispon\u00edvel em diversas combina\u00e7\u00f5es de cores, com ou sem enchimento.<\/p>\n<h2>Almofada BLISS COMPORTA para In\/Outdoor inspirado na cestaria portuguesa com um complexo padr\u00e3o geom\u00e9trico.<\/h2>\n<p><img fetchpriority=\"high\" decoding=\"async\" class=\"alignnone wp-image-196898 size-medium\" src=\"https:\/\/aldeco.pt\/staging\/wp-content\/uploads\/2024\/07\/CUSHION-BLISS-COMPORTA-PALE-DOGWOOD-NUDE-45x45-1-300x241.jpg\" alt=\"Almofada Bliss Comporta Pale Dogwood Nude - Aldeco\" width=\"300\" height=\"241\" \/><\/p>\n<p><a href=\"https:\/\/aldeco.pt\/staging\/product\/cushion-bliss-comporta-pale-dogwood-nude-45x45\/?attribute_pa_aldeco-color=01-pale-dogwood-nude\">https:\/\/aldeco.pt\/staging\/product\/cushion-bliss-comporta-pale-dogwood-nude-45&#215;45\/?attribute_pa_aldeco-color=01-pale-dogwood-nude<\/a><a href=\"https:\/\/www.instagram.com\/aldeco_interiorfabrics\/\">https:\/\/www.instagram.com\/aldeco_interiorfabrics\/<\/a><\/p>\n","protected":false},"featured_media":196899,"template":"","meta":[],"product_brand":[],"product_cat":[6145],"product_tag":[],"class_list":{"0":"post-197827","1":"product","2":"type-product","3":"status-publish","4":"has-post-thumbnail","6":"product_cat-aldeco-2-pt-pt-2","7":"pa_composition-ext-100-pp-pt-pt","8":"pa_line-almofadas","11":"first","12":"instock","13":"purchasable","14":"product-type-variable"},"acf":[],"_links":{"self":[{"href":"https:\/\/staging.aldeco.pt\/pt-pt\/wp-json\/wp\/v2\/product\/197827","targetHints":{"allow":["GET"]}}],"collection":[{"href":"https:\/\/staging.aldeco.pt\/pt-pt\/wp-json\/wp\/v2\/product"}],"about":[{"href":"https:\/\/staging.aldeco.pt\/pt-pt\/wp-json\/wp\/v2\/types\/product"}],"version-history":[{"count":2,"href":"https:\/\/staging.aldeco.pt\/pt-pt\/wp-json\/wp\/v2\/product\/197827\/revisions"}],"predecessor-version":[{"id":201927,"href":"https:\/\/staging.aldeco.pt\/pt-pt\/wp-json\/wp\/v2\/product\/197827\/revisions\/201927"}],"wp:featuredmedia":[{"embeddable":true,"href":"https:\/\/staging.aldeco.pt\/pt-pt\/wp-json\/wp\/v2\/media\/196899"}],"wp:attachment":[{"href":"https:\/\/staging.aldeco.pt\/pt-pt\/wp-json\/wp\/v2\/media?parent=197827"}],"wp:term":[{"taxonomy":"product_brand","embeddable":true,"href":"https:\/\/staging.aldeco.pt\/pt-pt\/wp-json\/wp\/v2\/product_brand?post=197827"},{"taxonomy":"product_cat","embeddable":true,"href":"https:\/\/staging.aldeco.pt\/pt-pt\/wp-json\/wp\/v2\/product_cat?post=197827"},{"taxonomy":"product_tag","embeddable":true,"href":"https:\/\/staging.aldeco.pt\/pt-pt\/wp-json\/wp\/v2\/product_tag?post=197827"}],"curies":[{"name":"wp","href":"https:\/\/api.w.org\/{rel}","templated":true}]}}