{"id":197819,"date":"2024-07-23T23:24:20","date_gmt":"2024-07-23T23:24:20","guid":{"rendered":"https:\/\/aldeco.pt\/staging\/product\/almofada-twiggy-shadow-pink-nude-50x30-p\/"},"modified":"2024-10-04T11:39:14","modified_gmt":"2024-10-04T11:39:14","slug":"almofada-twiggy-shadow-pink-nude-50x30-p","status":"publish","type":"product","link":"https:\/\/staging.aldeco.pt\/pt-pt\/product\/almofada-twiggy-shadow-pink-nude-50x30-p\/","title":{"rendered":"ALMOFADA TWIGGY SHADOW PINK NUDE 50&#215;30 P"},"content":{"rendered":"<p>Almofada decorativa rectangular com vivo em Veludo Si\u00e9ge. Twiggy \u00e9 um design \u201ctrendy\u201d com um motivo xadrez e riscas multicoloridas formando um gradiente. Esta almofada tem fecho oculto e est\u00e1 dispon\u00edvel em diversas combina\u00e7\u00f5es de cores, com ou sem enchimento.<\/p>\n","protected":false},"excerpt":{"rendered":"<p>Almofada decorativa rectangular com vivo em Veludo Si\u00e9ge. Twiggy \u00e9 um design \u201ctrendy\u201d com um motivo xadrez e riscas multicoloridas formando um gradiente. Esta almofada tem fecho oculto e est\u00e1 dispon\u00edvel em diversas combina\u00e7\u00f5es de cores, com ou sem enchimento.<\/p>\n<h2>Almofada Twiggy \u00e9 um design moderno com motivo xadrez e riscas multicoloridas formando um gradiente.<\/h2>\n<p><img fetchpriority=\"high\" decoding=\"async\" class=\"alignnone wp-image-197441 size-medium\" src=\"https:\/\/aldeco.pt\/staging\/wp-content\/uploads\/2024\/07\/CUSHION-TWIGGY-SHADOW-PINK-NUDE-50x30-P-300x241.jpg\" alt=\"Almofada Twiggy Shadow Pink Nude - Aldeco\" width=\"300\" height=\"241\" \/><\/p>\n<p><a href=\"https:\/\/aldeco.pt\/staging\/product\/cushion-twiggy-shadow-pink-nude-50x30-p\/?attribute_pa_aldeco-color=02-shadow-pink-nude\">https:\/\/aldeco.pt\/staging\/product\/cushion-twiggy-shadow-pink-nude-50&#215;30-p\/?attribute_pa_aldeco-color=02-shadow-pink-nude<\/a><a href=\"https:\/\/www.instagram.com\/aldeco_interiorfabrics\/\">https:\/\/www.instagram.com\/aldeco_interiorfabrics\/<\/a><\/p>\n<p>&nbsp;<\/p>\n","protected":false},"featured_media":197442,"template":"","meta":[],"product_brand":[],"product_cat":[6145],"product_tag":[],"class_list":{"0":"post-197819","1":"product","2":"type-product","3":"status-publish","4":"has-post-thumbnail","6":"product_cat-aldeco-2-pt-pt-2","7":"pa_composition-ext-36-co-30-vi-19-pl-15-li-pt-pt","8":"pa_line-almofadas","9":"pa_range-jacquard-pt-pt","12":"first","13":"instock","14":"purchasable","15":"product-type-variable"},"acf":[],"_links":{"self":[{"href":"https:\/\/staging.aldeco.pt\/pt-pt\/wp-json\/wp\/v2\/product\/197819","targetHints":{"allow":["GET"]}}],"collection":[{"href":"https:\/\/staging.aldeco.pt\/pt-pt\/wp-json\/wp\/v2\/product"}],"about":[{"href":"https:\/\/staging.aldeco.pt\/pt-pt\/wp-json\/wp\/v2\/types\/product"}],"version-history":[{"count":1,"href":"https:\/\/staging.aldeco.pt\/pt-pt\/wp-json\/wp\/v2\/product\/197819\/revisions"}],"predecessor-version":[{"id":197894,"href":"https:\/\/staging.aldeco.pt\/pt-pt\/wp-json\/wp\/v2\/product\/197819\/revisions\/197894"}],"wp:featuredmedia":[{"embeddable":true,"href":"https:\/\/staging.aldeco.pt\/pt-pt\/wp-json\/wp\/v2\/media\/197442"}],"wp:attachment":[{"href":"https:\/\/staging.aldeco.pt\/pt-pt\/wp-json\/wp\/v2\/media?parent=197819"}],"wp:term":[{"taxonomy":"product_brand","embeddable":true,"href":"https:\/\/staging.aldeco.pt\/pt-pt\/wp-json\/wp\/v2\/product_brand?post=197819"},{"taxonomy":"product_cat","embeddable":true,"href":"https:\/\/staging.aldeco.pt\/pt-pt\/wp-json\/wp\/v2\/product_cat?post=197819"},{"taxonomy":"product_tag","embeddable":true,"href":"https:\/\/staging.aldeco.pt\/pt-pt\/wp-json\/wp\/v2\/product_tag?post=197819"}],"curies":[{"name":"wp","href":"https:\/\/api.w.org\/{rel}","templated":true}]}}