{"id":197807,"date":"2024-07-23T23:16:53","date_gmt":"2024-07-23T23:16:53","guid":{"rendered":"https:\/\/aldeco.pt\/staging\/product\/almofada-radiant-blue-blossom-50x50\/"},"modified":"2024-10-01T15:43:16","modified_gmt":"2024-10-01T15:43:16","slug":"almofada-radiant-blue-blossom-50x50","status":"publish","type":"product","link":"https:\/\/staging.aldeco.pt\/pt-pt\/product\/almofada-radiant-blue-blossom-50x50\/","title":{"rendered":"ALMOFADA RADIANT BLUE BLOSSOM 50&#215;50"},"content":{"rendered":"<p>Almofada decorativa quadrada com tecido Radiant, \u00e9 um lindo zig zag com fios multicoloridos. Esta almofada tem fecho oculto, vivo em veludo Si\u00e9ge e est\u00e1 dispon\u00edvel em diversas combina\u00e7\u00f5es de cores, com ou sem enchimento.<\/p>\n","protected":false},"excerpt":{"rendered":"<p>Almofada decorativa quadrada com tecido Radiant, \u00e9 um lindo zig zag com fios multicoloridos. Esta almofada tem fecho oculto, vivo em veludo Si\u00e9ge e est\u00e1 dispon\u00edvel em diversas combina\u00e7\u00f5es de cores, com ou sem enchimento.<\/p>\n<h2>Almofada Radiant \u00e9 uma almofada decorativa retangular com tecido Radiant, \u00e9 um lindo zig zag com fios multicoloridos.<\/h2>\n<p><img fetchpriority=\"high\" decoding=\"async\" class=\"alignnone wp-image-197404 size-medium\" src=\"https:\/\/aldeco.pt\/staging\/wp-content\/uploads\/2024\/07\/CUSHION-RADIANT-BLUE-BLOSSOM-50x50-1-300x241.jpg\" alt=\"Almofada Radiant Blue Blossom - Aldeco\" width=\"300\" height=\"241\" \/><\/p>\n<p><a href=\"https:\/\/aldeco.pt\/staging\/product\/cushion-radiant-blue-blossom-50x50\/?attribute_pa_aldeco-color=06-blue-blossom\">https:\/\/aldeco.pt\/staging\/product\/cushion-radiant-blue-blossom-50&#215;50\/?attribute_pa_aldeco-color=06-blue-blossom<\/a><a href=\"https:\/\/www.instagram.com\/aldeco_interiorfabrics\/\">https:\/\/www.instagram.com\/aldeco_interiorfabrics\/<\/a><\/p>\n","protected":false},"featured_media":197405,"template":"","meta":[],"product_brand":[],"product_cat":[6145],"product_tag":[],"class_list":{"0":"post-197807","1":"product","2":"type-product","3":"status-publish","4":"has-post-thumbnail","6":"product_cat-aldeco-2-pt-pt-2","7":"pa_composition-ext-42-vi-27-pl-19-li-10-co-2-pa-pt-pt","8":"pa_line-almofadas","9":"pa_range-jacquard-pt-pt","12":"first","13":"instock","14":"purchasable","15":"product-type-variable"},"acf":[],"_links":{"self":[{"href":"https:\/\/staging.aldeco.pt\/pt-pt\/wp-json\/wp\/v2\/product\/197807","targetHints":{"allow":["GET"]}}],"collection":[{"href":"https:\/\/staging.aldeco.pt\/pt-pt\/wp-json\/wp\/v2\/product"}],"about":[{"href":"https:\/\/staging.aldeco.pt\/pt-pt\/wp-json\/wp\/v2\/types\/product"}],"version-history":[{"count":2,"href":"https:\/\/staging.aldeco.pt\/pt-pt\/wp-json\/wp\/v2\/product\/197807\/revisions"}],"predecessor-version":[{"id":201735,"href":"https:\/\/staging.aldeco.pt\/pt-pt\/wp-json\/wp\/v2\/product\/197807\/revisions\/201735"}],"wp:featuredmedia":[{"embeddable":true,"href":"https:\/\/staging.aldeco.pt\/pt-pt\/wp-json\/wp\/v2\/media\/197405"}],"wp:attachment":[{"href":"https:\/\/staging.aldeco.pt\/pt-pt\/wp-json\/wp\/v2\/media?parent=197807"}],"wp:term":[{"taxonomy":"product_brand","embeddable":true,"href":"https:\/\/staging.aldeco.pt\/pt-pt\/wp-json\/wp\/v2\/product_brand?post=197807"},{"taxonomy":"product_cat","embeddable":true,"href":"https:\/\/staging.aldeco.pt\/pt-pt\/wp-json\/wp\/v2\/product_cat?post=197807"},{"taxonomy":"product_tag","embeddable":true,"href":"https:\/\/staging.aldeco.pt\/pt-pt\/wp-json\/wp\/v2\/product_tag?post=197807"}],"curies":[{"name":"wp","href":"https:\/\/api.w.org\/{rel}","templated":true}]}}