{"id":197801,"date":"2024-07-23T23:10:54","date_gmt":"2024-07-23T23:10:54","guid":{"rendered":"https:\/\/aldeco.pt\/staging\/product\/almofada-lovely-shadow-pink-nude-50x30-p\/"},"modified":"2024-08-06T11:12:23","modified_gmt":"2024-08-06T11:12:23","slug":"almofada-lovely-shadow-pink-nude-50x30-p","status":"publish","type":"product","link":"https:\/\/staging.aldeco.pt\/pt-pt\/product\/almofada-lovely-shadow-pink-nude-50x30-p\/","title":{"rendered":"ALMOFADA LOVELY SHADOW PINK NUDE 50&#215;30 P"},"content":{"rendered":"<p>Almofada decorativa retangular com tecido Lovely e veludo Si\u00e9ge no vivo. Lovely tem um padr\u00e3o de micro motivo baseado na desconstru\u00e7\u00e3o de elementos geom\u00e9tricos, com um toque muito natural e agrad\u00e1vel. Esta almofada tem fecho oculto e est\u00e1 dispon\u00edvel em diversas combina\u00e7\u00f5es de cores, com ou sem enchimento.<\/p>\n","protected":false},"excerpt":{"rendered":"<p>Almofada decorativa retangular com tecido Lovely e veludo Si\u00e9ge no vivo. Lovely tem um padr\u00e3o de micro motivo baseado na desconstru\u00e7\u00e3o de elementos geom\u00e9tricos, com um toque muito natural e agrad\u00e1vel. Esta almofada tem fecho oculto e est\u00e1 dispon\u00edvel em diversas combina\u00e7\u00f5es de cores, com ou sem enchimento. <\/p>\n<h2>Almofada Lovely tem um padr\u00e3o de micro motivo baseado na desconstru\u00e7\u00e3o de elementos geom\u00e9tricos, com um toque muito natural e agrad\u00e1vel.<\/h2>\n<p><img fetchpriority=\"high\" decoding=\"async\" class=\"alignnone wp-image-197389 size-medium\" src=\"https:\/\/aldeco.pt\/staging\/wp-content\/uploads\/2024\/07\/CUSHION-LOVELY-SHADOW-PINK-NUDE-50x30-P-300x241.jpg\" alt=\"Almofada Lovely Shadow Pink Nude - Aldeco\" width=\"300\" height=\"241\"><\/p>\n<p><a href=\"https:\/\/aldeco.pt\/staging\/product\/cushion-lovely-shadow-pink-nude-50x30-p\/?attribute_pa_aldeco-color=02-shadow-pink-nude\">https:\/\/aldeco.pt\/staging\/product\/cushion-lovely-shadow-pink-nude-50&#215;30-p\/?attribute_pa_aldeco-color=02-shadow-pink-nude<\/a><a href=\"https:\/\/www.instagram.com\/aldeco_interiorfabrics\/\">https:\/\/www.instagram.com\/aldeco_interiorfabrics\/<\/a><\/p>\n","protected":false},"featured_media":197390,"template":"","meta":[],"product_brand":[],"product_cat":[6145],"product_tag":[],"class_list":{"0":"post-197801","1":"product","2":"type-product","3":"status-publish","4":"has-post-thumbnail","6":"product_cat-aldeco-2-pt-pt-2","7":"pa_composition-ext-53-vi-26-li-21-pl-pt-pt","8":"pa_line-almofadas","9":"pa_range-jacquard-pt-pt","12":"first","13":"instock","14":"purchasable","15":"product-type-variable"},"acf":[],"_links":{"self":[{"href":"https:\/\/staging.aldeco.pt\/pt-pt\/wp-json\/wp\/v2\/product\/197801","targetHints":{"allow":["GET"]}}],"collection":[{"href":"https:\/\/staging.aldeco.pt\/pt-pt\/wp-json\/wp\/v2\/product"}],"about":[{"href":"https:\/\/staging.aldeco.pt\/pt-pt\/wp-json\/wp\/v2\/types\/product"}],"version-history":[{"count":1,"href":"https:\/\/staging.aldeco.pt\/pt-pt\/wp-json\/wp\/v2\/product\/197801\/revisions"}],"predecessor-version":[{"id":197963,"href":"https:\/\/staging.aldeco.pt\/pt-pt\/wp-json\/wp\/v2\/product\/197801\/revisions\/197963"}],"wp:featuredmedia":[{"embeddable":true,"href":"https:\/\/staging.aldeco.pt\/pt-pt\/wp-json\/wp\/v2\/media\/197390"}],"wp:attachment":[{"href":"https:\/\/staging.aldeco.pt\/pt-pt\/wp-json\/wp\/v2\/media?parent=197801"}],"wp:term":[{"taxonomy":"product_brand","embeddable":true,"href":"https:\/\/staging.aldeco.pt\/pt-pt\/wp-json\/wp\/v2\/product_brand?post=197801"},{"taxonomy":"product_cat","embeddable":true,"href":"https:\/\/staging.aldeco.pt\/pt-pt\/wp-json\/wp\/v2\/product_cat?post=197801"},{"taxonomy":"product_tag","embeddable":true,"href":"https:\/\/staging.aldeco.pt\/pt-pt\/wp-json\/wp\/v2\/product_tag?post=197801"}],"curies":[{"name":"wp","href":"https:\/\/api.w.org\/{rel}","templated":true}]}}