{"id":197797,"date":"2024-07-23T23:08:00","date_gmt":"2024-07-23T23:08:00","guid":{"rendered":"https:\/\/aldeco.pt\/staging\/product\/almofada-jasmine-castle-gray-50x30-p\/"},"modified":"2024-09-20T10:17:49","modified_gmt":"2024-09-20T10:17:49","slug":"almofada-jasmine-castle-gray-50x30-p","status":"publish","type":"product","link":"https:\/\/staging.aldeco.pt\/pt-pt\/product\/almofada-jasmine-castle-gray-50x30-p\/","title":{"rendered":"ALMOFADA JASMINE CASTLE GRAY 50&#215;30 P"},"content":{"rendered":"<p>Almofada decorativa rectangular macia com vivo. Jasmine possui um micro-motivo de inspira\u00e7\u00e3o floral. A suavidade do fio chenille torna-o um desenho muito especial e confere-lhe uma suavidade \u00fanica. Esta almofada tem fecho oculto e est\u00e1 dispon\u00edvel em diversas combina\u00e7\u00f5es de cores, com ou sem enchimento.<\/p>\n","protected":false},"excerpt":{"rendered":"<p>Almofada decorativa rectangular macia com vivo. Jasmine possui um micro-motivo de inspira\u00e7\u00e3o floral. A suavidade do fio chenille torna-o um desenho muito especial e confere-lhe uma suavidade \u00fanica. Esta almofada tem fecho oculto e est\u00e1 dispon\u00edvel em diversas combina\u00e7\u00f5es de cores, com ou sem enchimento.<\/p>\n<h2>Almofada Jasmine possui um micro-motivo de inspira\u00e7\u00e3o floral. A suavidade do fio chenille torna-o um desenho muito especial e confere-lhe uma suavidade \u00fanica.<\/h2>\n<p><img fetchpriority=\"high\" decoding=\"async\" class=\"alignnone wp-image-197378 size-medium\" src=\"https:\/\/aldeco.pt\/staging\/wp-content\/uploads\/2024\/07\/CUSHION-JASMINE-CASTLE-GRAY-50x30-P-300x241.jpg\" alt=\"Almofada Jasmine Castle Gray\" width=\"300\" height=\"241\" \/><\/p>\n<p><a href=\"https:\/\/aldeco.pt\/staging\/product\/cushion-jasmine-castle-gray-50x30-p\/?attribute_pa_aldeco-color=09-castle-gray\">https:\/\/aldeco.pt\/staging\/product\/cushion-jasmine-castle-gray-50&#215;30-p\/?attribute_pa_aldeco-color=09-castle-gray<\/a><a href=\"https:\/\/www.instagram.com\/aldeco_interiorfabrics\/\">https:\/\/www.instagram.com\/aldeco_interiorfabrics\/<\/a><\/p>\n","protected":false},"featured_media":197379,"template":"","meta":[],"product_brand":[],"product_cat":[6145],"product_tag":[],"class_list":{"0":"post-197797","1":"product","2":"type-product","3":"status-publish","4":"has-post-thumbnail","6":"product_cat-aldeco-2-pt-pt-2","7":"pa_composition-ext-54-co-25-pl-21-vi-pt-pt","8":"pa_line-almofadas","9":"pa_range-chenile","12":"first","13":"instock","14":"purchasable","15":"product-type-variable"},"acf":[],"_links":{"self":[{"href":"https:\/\/staging.aldeco.pt\/pt-pt\/wp-json\/wp\/v2\/product\/197797","targetHints":{"allow":["GET"]}}],"collection":[{"href":"https:\/\/staging.aldeco.pt\/pt-pt\/wp-json\/wp\/v2\/product"}],"about":[{"href":"https:\/\/staging.aldeco.pt\/pt-pt\/wp-json\/wp\/v2\/types\/product"}],"version-history":[{"count":2,"href":"https:\/\/staging.aldeco.pt\/pt-pt\/wp-json\/wp\/v2\/product\/197797\/revisions"}],"predecessor-version":[{"id":200708,"href":"https:\/\/staging.aldeco.pt\/pt-pt\/wp-json\/wp\/v2\/product\/197797\/revisions\/200708"}],"wp:featuredmedia":[{"embeddable":true,"href":"https:\/\/staging.aldeco.pt\/pt-pt\/wp-json\/wp\/v2\/media\/197379"}],"wp:attachment":[{"href":"https:\/\/staging.aldeco.pt\/pt-pt\/wp-json\/wp\/v2\/media?parent=197797"}],"wp:term":[{"taxonomy":"product_brand","embeddable":true,"href":"https:\/\/staging.aldeco.pt\/pt-pt\/wp-json\/wp\/v2\/product_brand?post=197797"},{"taxonomy":"product_cat","embeddable":true,"href":"https:\/\/staging.aldeco.pt\/pt-pt\/wp-json\/wp\/v2\/product_cat?post=197797"},{"taxonomy":"product_tag","embeddable":true,"href":"https:\/\/staging.aldeco.pt\/pt-pt\/wp-json\/wp\/v2\/product_tag?post=197797"}],"curies":[{"name":"wp","href":"https:\/\/api.w.org\/{rel}","templated":true}]}}